{"id":53171,"date":"2024-06-28T10:07:01","date_gmt":"2024-06-28T07:07:01","guid":{"rendered":"http:\/\/new.ceasuri.md\/shop\/uncategorized\/boccia-bangle-03054-0158\/"},"modified":"2026-05-01T18:34:23","modified_gmt":"2026-05-01T15:34:23","slug":"boccia-bangle-03054-0158","status":"publish","type":"product","link":"https:\/\/ceasuri.md\/ru\/shop\/accesorii\/accesorii-dama\/bratari\/boccia-bangle-03054-0158\/","title":{"rendered":"BOCCIA BANGLE 03054-0158"},"content":{"rendered":"<p>Un design pl\u0103cut, extravagant \u0219i original. Tocmai acest lucru face ca br\u0103\u021bara din colec\u021bia Boccia Titanium s\u0103 fie at\u00e2t de atractiv\u0103: aspectul s\u0103u atipic joac\u0103 un rol important, dar \u00een acela\u0219i timp v\u0103 \u00eenfrumuse\u021beaz\u0103 eficient \u00eencheietura m\u00e2inii.<\/p>\n<p>Pe de alt\u0103 parte, din punct de vedere al materialului, se remarc\u0103 prin aspectul s\u0103u clasic \u2014 titan cu finisaj lucios \u0219i mat.<\/p>\n<p>Br\u0103\u021bara este fabricat\u0103 din titan, un material u\u0219or, durabil \u0219i hipoalergenic. Prin urmare, este potrivit\u0103 chiar \u0219i persoanelor cu sensibilitate crescut\u0103 la metale.<\/p>","protected":false},"excerpt":{"rendered":"<p>Un design pl\u0103cut, extravagant \u0219i original. Tocmai acest lucru face ca br\u0103\u021bara din colec\u021bia Boccia Titanium s\u0103 fie at\u00e2t de atractiv\u0103: aspectul s\u0103u atipic joac\u0103 un rol important, dar \u00een acela\u0219i timp v\u0103 \u00eenfrumuse\u021beaz\u0103 eficient \u00eencheietura m\u00e2inii. Pe de alt\u0103 parte, din punct de vedere al materialului, se remarc\u0103 prin aspectul s\u0103u clasic \u2014 titan [&hellip;]<\/p>\n","protected":false},"featured_media":53172,"comment_status":"closed","ping_status":"open","template":"","meta":{"_acf_changed":false},"product_brand":[],"product_cat":[626,577],"product_tag":[],"class_list":{"0":"post-53171","1":"product","2":"type-product","3":"status-publish","4":"has-post-thumbnail","6":"product_cat-boccia","7":"product_cat-bratari","8":"pa_brand-boccia","9":"pa_corpus-18-cm","10":"pa_decor-perle","11":"pa_korpus-argintiu","12":"pa_material-titan","13":"pa_strana-germania","15":"first","16":"instock","17":"purchasable","18":"product-type-simple"},"acf":[],"_links":{"self":[{"href":"https:\/\/ceasuri.md\/ru\/wp-json\/wp\/v2\/product\/53171","targetHints":{"allow":["GET"]}}],"collection":[{"href":"https:\/\/ceasuri.md\/ru\/wp-json\/wp\/v2\/product"}],"about":[{"href":"https:\/\/ceasuri.md\/ru\/wp-json\/wp\/v2\/types\/product"}],"replies":[{"embeddable":true,"href":"https:\/\/ceasuri.md\/ru\/wp-json\/wp\/v2\/comments?post=53171"}],"wp:featuredmedia":[{"embeddable":true,"href":"https:\/\/ceasuri.md\/ru\/wp-json\/wp\/v2\/media\/53172"}],"wp:attachment":[{"href":"https:\/\/ceasuri.md\/ru\/wp-json\/wp\/v2\/media?parent=53171"}],"wp:term":[{"taxonomy":"product_brand","embeddable":true,"href":"https:\/\/ceasuri.md\/ru\/wp-json\/wp\/v2\/product_brand?post=53171"},{"taxonomy":"product_cat","embeddable":true,"href":"https:\/\/ceasuri.md\/ru\/wp-json\/wp\/v2\/product_cat?post=53171"},{"taxonomy":"product_tag","embeddable":true,"href":"https:\/\/ceasuri.md\/ru\/wp-json\/wp\/v2\/product_tag?post=53171"}],"curies":[{"name":"wp","href":"https:\/\/api.w.org\/{rel}","templated":true}]}}