{"id":53167,"date":"2026-04-02T23:57:55","date_gmt":"2026-04-02T20:57:55","guid":{"rendered":"http:\/\/new.ceasuri.md\/shop\/uncategorized\/boccia-ear-ring-0565-01\/"},"modified":"2026-04-28T15:23:51","modified_gmt":"2026-04-28T12:23:51","slug":"boccia-ear-ring-0565-01","status":"publish","type":"product","link":"https:\/\/ceasuri.md\/ru\/shop\/accesorii\/accesorii-dama\/cercei\/boccia-ear-ring-0565-01\/","title":{"rendered":"BOCCIA EARRING 0565-01"},"content":{"rendered":"<p>\u00ce\u021bi plac cerceii ag\u0103\u021b\u0103tori \u0219i e\u0219ti \u00een c\u0103utarea unei piese care s\u0103 fie ceva special? Atunci cerceii din titan din colec\u021bia Boccia Titanium vor fi exact ceea ce v\u0103 trebuie. Cu designul lor, care este compus din dou\u0103 piese de form\u0103, ve\u021bi fi literalmente \u00eenc\u00e2ntat\u0103.<\/p>\n<p>\u00cen ceea ce prive\u0219te materialul, ace\u0219tia se m\u00e2ndresc cu o culoare o\u021bel \u0219i un finisaj lucios \u0219i mat. O astfel de combina\u021bie \u00eei face accesoriul perfect pentru multe evenimente.<\/p>\n<p>Deoarece cerceii sunt realiza\u021bi din titan, ace\u0219tia sunt incredibil de u\u0219ori, rezisten\u021bi \u0219i, de asemenea, hipoalergenici. Prin urmare, este potrivit \u0219i pentru persoanele cu sensibilitate crescut\u0103 la metale.<\/p>","protected":false},"excerpt":{"rendered":"<p>\u00ce\u021bi plac cerceii ag\u0103\u021b\u0103tori \u0219i e\u0219ti \u00een c\u0103utarea unei piese care s\u0103 fie ceva special? Atunci cerceii din titan din colec\u021bia Boccia Titanium vor fi exact ceea ce v\u0103 trebuie. Cu designul lor, care este compus din dou\u0103 piese de form\u0103, ve\u021bi fi literalmente \u00eenc\u00e2ntat\u0103. \u00cen ceea ce prive\u0219te materialul, ace\u0219tia se m\u00e2ndresc cu o [&hellip;]<\/p>\n","protected":false},"featured_media":53168,"comment_status":"closed","ping_status":"open","template":"","meta":{"_acf_changed":false},"product_brand":[],"product_cat":[626,585],"product_tag":[],"class_list":{"0":"post-53167","1":"product","2":"type-product","3":"status-publish","4":"has-post-thumbnail","6":"product_cat-boccia","7":"product_cat-cercei","8":"pa_brand-boccia","9":"pa_corpus-6cm","10":"pa_korpus-argintiu","11":"pa_material-titan","12":"pa_strana-germania","14":"first","15":"instock","16":"purchasable","17":"product-type-simple"},"acf":[],"_links":{"self":[{"href":"https:\/\/ceasuri.md\/ru\/wp-json\/wp\/v2\/product\/53167","targetHints":{"allow":["GET"]}}],"collection":[{"href":"https:\/\/ceasuri.md\/ru\/wp-json\/wp\/v2\/product"}],"about":[{"href":"https:\/\/ceasuri.md\/ru\/wp-json\/wp\/v2\/types\/product"}],"replies":[{"embeddable":true,"href":"https:\/\/ceasuri.md\/ru\/wp-json\/wp\/v2\/comments?post=53167"}],"wp:featuredmedia":[{"embeddable":true,"href":"https:\/\/ceasuri.md\/ru\/wp-json\/wp\/v2\/media\/53168"}],"wp:attachment":[{"href":"https:\/\/ceasuri.md\/ru\/wp-json\/wp\/v2\/media?parent=53167"}],"wp:term":[{"taxonomy":"product_brand","embeddable":true,"href":"https:\/\/ceasuri.md\/ru\/wp-json\/wp\/v2\/product_brand?post=53167"},{"taxonomy":"product_cat","embeddable":true,"href":"https:\/\/ceasuri.md\/ru\/wp-json\/wp\/v2\/product_cat?post=53167"},{"taxonomy":"product_tag","embeddable":true,"href":"https:\/\/ceasuri.md\/ru\/wp-json\/wp\/v2\/product_tag?post=53167"}],"curies":[{"name":"wp","href":"https:\/\/api.w.org\/{rel}","templated":true}]}}