{"id":53164,"date":"2024-06-28T10:07:00","date_gmt":"2024-06-28T07:07:00","guid":{"rendered":"http:\/\/new.ceasuri.md\/shop\/uncategorized\/boccia-bracelet-03032-01\/"},"modified":"2026-05-01T18:34:16","modified_gmt":"2026-05-01T15:34:16","slug":"boccia-bracelet-03032-01","status":"publish","type":"product","link":"https:\/\/ceasuri.md\/ru\/shop\/accesorii\/accesorii-dama\/bratari\/boccia-bracelet-03032-01\/","title":{"rendered":"BOCCIA BRACELET 03032-01"},"content":{"rendered":"<p>Minimalist, discret \u0219i impresionant. A\u0219a poate fi descris br\u0103\u021bara Boccia Titanium, care v\u0103 va permite s\u0103 str\u0103luci\u021bi \u00een orice moment.<\/p>\n<p>Punctul s\u0103u forte este, f\u0103r\u0103 \u00eendoial\u0103, designul cu finisaj lucios \u0219i mat, care confer\u0103 br\u0103\u021b\u0103rii un aspect special.<\/p>\n<p>Br\u0103\u021bara este fabricat\u0103 din titan, un material u\u0219or, durabil \u0219i hipoalergenic. Prin urmare, este potrivit\u0103 pentru persoanele cu sensibilitate crescut\u0103 la metale.<\/p>","protected":false},"excerpt":{"rendered":"<p>Minimalist, discret \u0219i impresionant. A\u0219a poate fi descris br\u0103\u021bara Boccia Titanium, care v\u0103 va permite s\u0103 str\u0103luci\u021bi \u00een orice moment. Punctul s\u0103u forte este, f\u0103r\u0103 \u00eendoial\u0103, designul cu finisaj lucios \u0219i mat, care confer\u0103 br\u0103\u021b\u0103rii un aspect special. Br\u0103\u021bara este fabricat\u0103 din titan, un material u\u0219or, durabil \u0219i hipoalergenic. Prin urmare, este potrivit\u0103 pentru persoanele [&hellip;]<\/p>\n","protected":false},"featured_media":53165,"comment_status":"closed","ping_status":"open","template":"","meta":{"_acf_changed":false},"product_brand":[],"product_cat":[626,577],"product_tag":[],"class_list":{"0":"post-53164","1":"product","2":"type-product","3":"status-publish","4":"has-post-thumbnail","6":"product_cat-boccia","7":"product_cat-bratari","8":"pa_brand-boccia","9":"pa_corpus-21-cm","10":"pa_korpus-argintiu","11":"pa_material-titan","12":"pa_strana-germania","14":"first","15":"instock","16":"purchasable","17":"product-type-simple"},"acf":[],"_links":{"self":[{"href":"https:\/\/ceasuri.md\/ru\/wp-json\/wp\/v2\/product\/53164","targetHints":{"allow":["GET"]}}],"collection":[{"href":"https:\/\/ceasuri.md\/ru\/wp-json\/wp\/v2\/product"}],"about":[{"href":"https:\/\/ceasuri.md\/ru\/wp-json\/wp\/v2\/types\/product"}],"replies":[{"embeddable":true,"href":"https:\/\/ceasuri.md\/ru\/wp-json\/wp\/v2\/comments?post=53164"}],"wp:featuredmedia":[{"embeddable":true,"href":"https:\/\/ceasuri.md\/ru\/wp-json\/wp\/v2\/media\/53165"}],"wp:attachment":[{"href":"https:\/\/ceasuri.md\/ru\/wp-json\/wp\/v2\/media?parent=53164"}],"wp:term":[{"taxonomy":"product_brand","embeddable":true,"href":"https:\/\/ceasuri.md\/ru\/wp-json\/wp\/v2\/product_brand?post=53164"},{"taxonomy":"product_cat","embeddable":true,"href":"https:\/\/ceasuri.md\/ru\/wp-json\/wp\/v2\/product_cat?post=53164"},{"taxonomy":"product_tag","embeddable":true,"href":"https:\/\/ceasuri.md\/ru\/wp-json\/wp\/v2\/product_tag?post=53164"}],"curies":[{"name":"wp","href":"https:\/\/api.w.org\/{rel}","templated":true}]}}