{"id":53161,"date":"2026-04-02T23:57:55","date_gmt":"2026-04-02T20:57:55","guid":{"rendered":"http:\/\/new.ceasuri.md\/shop\/uncategorized\/boccia-necklace-08038-01\/"},"modified":"2026-04-20T01:32:52","modified_gmt":"2026-04-19T22:32:52","slug":"boccia-necklace-08038-01","status":"publish","type":"product","link":"https:\/\/ceasuri.md\/ru\/shop\/accesorii\/accesorii-dama\/coliere\/boccia-necklace-08038-01\/","title":{"rendered":"BOCCIA NECKLACE 08038-01"},"content":{"rendered":"<p>\u00ce\u021bi place elegan\u021ba pur\u0103 \u0219i minimalismul? Atunci acest colier din colec\u021bia Boccia Titanium va fi alegerea perfect\u0103.<\/p>\n<p>Colierul din titan, frumos realizat, arat\u0103 rafinat p\u00e2n\u0103 \u00een cele mai mici detalii. Impresioneaz\u0103 prin finisajul s\u0103u lucios \u0219i mat. Datorit\u0103 designului s\u0103u, este potrivit pentru orice ocazie.<\/p>\n<p>Colierul este fabricat din titan, care este u\u0219or, durabil \u0219i hipoalergenic. Prin urmare, este potrivit chiar \u0219i pentru persoanele cu sensibilitate crescut\u0103 la metale.<\/p>","protected":false},"excerpt":{"rendered":"<p>\u00ce\u021bi place elegan\u021ba pur\u0103 \u0219i minimalismul? Atunci acest colier din colec\u021bia Boccia Titanium va fi alegerea perfect\u0103. Colierul din titan, frumos realizat, arat\u0103 rafinat p\u00e2n\u0103 \u00een cele mai mici detalii. Impresioneaz\u0103 prin finisajul s\u0103u lucios \u0219i mat. Datorit\u0103 designului s\u0103u, este potrivit pentru orice ocazie. Colierul este fabricat din titan, care este u\u0219or, durabil \u0219i [&hellip;]<\/p>\n","protected":false},"featured_media":53162,"comment_status":"closed","ping_status":"open","template":"","meta":{"_acf_changed":false},"product_brand":[],"product_cat":[626,583],"product_tag":[],"class_list":{"0":"post-53161","1":"product","2":"type-product","3":"status-publish","4":"has-post-thumbnail","6":"product_cat-boccia","7":"product_cat-coliere","8":"pa_brand-boccia","9":"pa_corpus-45-cm","10":"pa_korpus-argintiu","11":"pa_material-titan","12":"pa_strana-germania","14":"first","15":"instock","16":"purchasable","17":"product-type-simple"},"acf":[],"_links":{"self":[{"href":"https:\/\/ceasuri.md\/ru\/wp-json\/wp\/v2\/product\/53161","targetHints":{"allow":["GET"]}}],"collection":[{"href":"https:\/\/ceasuri.md\/ru\/wp-json\/wp\/v2\/product"}],"about":[{"href":"https:\/\/ceasuri.md\/ru\/wp-json\/wp\/v2\/types\/product"}],"replies":[{"embeddable":true,"href":"https:\/\/ceasuri.md\/ru\/wp-json\/wp\/v2\/comments?post=53161"}],"wp:featuredmedia":[{"embeddable":true,"href":"https:\/\/ceasuri.md\/ru\/wp-json\/wp\/v2\/media\/53162"}],"wp:attachment":[{"href":"https:\/\/ceasuri.md\/ru\/wp-json\/wp\/v2\/media?parent=53161"}],"wp:term":[{"taxonomy":"product_brand","embeddable":true,"href":"https:\/\/ceasuri.md\/ru\/wp-json\/wp\/v2\/product_brand?post=53161"},{"taxonomy":"product_cat","embeddable":true,"href":"https:\/\/ceasuri.md\/ru\/wp-json\/wp\/v2\/product_cat?post=53161"},{"taxonomy":"product_tag","embeddable":true,"href":"https:\/\/ceasuri.md\/ru\/wp-json\/wp\/v2\/product_tag?post=53161"}],"curies":[{"name":"wp","href":"https:\/\/api.w.org\/{rel}","templated":true}]}}