{"id":53159,"date":"2024-06-28T10:05:39","date_gmt":"2024-06-28T07:05:39","guid":{"rendered":"http:\/\/new.ceasuri.md\/shop\/uncategorized\/boccia-bracelet-03056-02\/"},"modified":"2026-05-01T18:34:12","modified_gmt":"2026-05-01T15:34:12","slug":"boccia-bracelet-03056-02","status":"publish","type":"product","link":"https:\/\/ceasuri.md\/ru\/shop\/accesorii\/accesorii-dama\/bratari\/boccia-bracelet-03056-02\/","title":{"rendered":"BOCCIA BRACELET 03056-02"},"content":{"rendered":"<p>Elegan\u021b\u0103 \u0219i design luxos \u00eentr-o singur\u0103 combina\u021bie. Exact asta poate oferi br\u0103\u021bara elegant\u0103 din colec\u021bia Boccia Titanium, care impresioneaz\u0103 din prima clip\u0103 prin stilul s\u0103u atemporal \u0219i finisajul unic.<\/p>\n<p>Verigile separate \u00een form\u0103 de pic\u0103tur\u0103, combinate cu finisajul lucios al titanului \u0219i aurul, formeaz\u0103 un model spectaculos.<\/p>\n<p>Este fabricat\u0103 din titan de \u00eenalt\u0103 calitate, fiind astfel foarte u\u0219oar\u0103, rezistent\u0103 \u0219i hipoalergenic\u0103. Propriet\u0103\u021bile sale vor fi apreciate \u00een special de persoanele cu sensibilitate crescut\u0103 la metale.<\/p>","protected":false},"excerpt":{"rendered":"<p>Elegan\u021b\u0103 \u0219i design luxos \u00eentr-o singur\u0103 combina\u021bie. Exact asta poate oferi br\u0103\u021bara elegant\u0103 din colec\u021bia Boccia Titanium, care impresioneaz\u0103 din prima clip\u0103 prin stilul s\u0103u atemporal \u0219i finisajul unic. Verigile separate \u00een form\u0103 de pic\u0103tur\u0103, combinate cu finisajul lucios al titanului \u0219i aurul, formeaz\u0103 un model spectaculos. Este fabricat\u0103 din titan de \u00eenalt\u0103 calitate, fiind [&hellip;]<\/p>\n","protected":false},"featured_media":53160,"comment_status":"closed","ping_status":"open","template":"","meta":{"_acf_changed":false},"product_brand":[],"product_cat":[626,577],"product_tag":[],"class_list":{"0":"post-53159","1":"product","2":"type-product","3":"status-publish","4":"has-post-thumbnail","6":"product_cat-boccia","7":"product_cat-bratari","8":"pa_brand-boccia","9":"pa_corpus-20-cm","10":"pa_korpus-bicolor","11":"pa_material-titan","12":"pa_strana-germania","14":"first","15":"instock","16":"purchasable","17":"product-type-simple"},"acf":[],"_links":{"self":[{"href":"https:\/\/ceasuri.md\/ru\/wp-json\/wp\/v2\/product\/53159","targetHints":{"allow":["GET"]}}],"collection":[{"href":"https:\/\/ceasuri.md\/ru\/wp-json\/wp\/v2\/product"}],"about":[{"href":"https:\/\/ceasuri.md\/ru\/wp-json\/wp\/v2\/types\/product"}],"replies":[{"embeddable":true,"href":"https:\/\/ceasuri.md\/ru\/wp-json\/wp\/v2\/comments?post=53159"}],"wp:featuredmedia":[{"embeddable":true,"href":"https:\/\/ceasuri.md\/ru\/wp-json\/wp\/v2\/media\/53160"}],"wp:attachment":[{"href":"https:\/\/ceasuri.md\/ru\/wp-json\/wp\/v2\/media?parent=53159"}],"wp:term":[{"taxonomy":"product_brand","embeddable":true,"href":"https:\/\/ceasuri.md\/ru\/wp-json\/wp\/v2\/product_brand?post=53159"},{"taxonomy":"product_cat","embeddable":true,"href":"https:\/\/ceasuri.md\/ru\/wp-json\/wp\/v2\/product_cat?post=53159"},{"taxonomy":"product_tag","embeddable":true,"href":"https:\/\/ceasuri.md\/ru\/wp-json\/wp\/v2\/product_tag?post=53159"}],"curies":[{"name":"wp","href":"https:\/\/api.w.org\/{rel}","templated":true}]}}