{"id":53154,"date":"2026-04-02T23:57:29","date_gmt":"2026-04-02T20:57:29","guid":{"rendered":"http:\/\/new.ceasuri.md\/shop\/uncategorized\/boccia-necklace-08072-03\/"},"modified":"2026-04-20T01:33:16","modified_gmt":"2026-04-19T22:33:16","slug":"boccia-necklace-08072-03","status":"publish","type":"product","link":"https:\/\/ceasuri.md\/ru\/shop\/accesorii\/accesorii-dama\/coliere\/boccia-necklace-08072-03\/","title":{"rendered":"BOCCIA NECKLACE 08072-03"},"content":{"rendered":"<p>O combina\u021bie uimitoare pentru cei care apreciaz\u0103 unicitatea. La prima vedere, colierul din colec\u021bia Boccia Titanium atrage aten\u021bia prin designul s\u0103u luxos.<\/p>\n<p>Colierul delicat, placat cu aur, este format din mici pic\u0103turi, par\u021bial str\u0103lucitoare, par\u021bial mate, pe toat\u0103 lungimea. Rezultatul este un accesoriu cu adev\u0103rat atr\u0103g\u0103tor, care va transforma o zi obi\u0219nuit\u0103 \u00eentr-o aventur\u0103 luxoas\u0103.<\/p>\n<p>Deoarece colierul este fabricat din titan, acesta se remarc\u0103 \u0219i prin u\u0219urin\u021ba, rezisten\u021ba \u0219i durabilitatea incredibile. \u00cen plus, este hipoalergenic, ceea ce va fi apreciat \u00een special de persoanele sensibile la metale.<\/p>","protected":false},"excerpt":{"rendered":"<p>O combina\u021bie uimitoare pentru cei care apreciaz\u0103 unicitatea. La prima vedere, colierul din colec\u021bia Boccia Titanium atrage aten\u021bia prin designul s\u0103u luxos. Colierul delicat, placat cu aur, este format din mici pic\u0103turi, par\u021bial str\u0103lucitoare, par\u021bial mate, pe toat\u0103 lungimea. Rezultatul este un accesoriu cu adev\u0103rat atr\u0103g\u0103tor, care va transforma o zi obi\u0219nuit\u0103 \u00eentr-o aventur\u0103 luxoas\u0103. [&hellip;]<\/p>\n","protected":false},"featured_media":53155,"comment_status":"closed","ping_status":"open","template":"","meta":{"_acf_changed":false},"product_brand":[],"product_cat":[626,583],"product_tag":[],"class_list":{"0":"post-53154","1":"product","2":"type-product","3":"status-publish","4":"has-post-thumbnail","6":"product_cat-boccia","7":"product_cat-coliere","8":"pa_brand-boccia","9":"pa_corpus-47cm","10":"pa_korpus-auriu","11":"pa_material-titan","12":"pa_strana-germania","14":"first","15":"instock","16":"purchasable","17":"product-type-simple"},"acf":[],"_links":{"self":[{"href":"https:\/\/ceasuri.md\/ru\/wp-json\/wp\/v2\/product\/53154","targetHints":{"allow":["GET"]}}],"collection":[{"href":"https:\/\/ceasuri.md\/ru\/wp-json\/wp\/v2\/product"}],"about":[{"href":"https:\/\/ceasuri.md\/ru\/wp-json\/wp\/v2\/types\/product"}],"replies":[{"embeddable":true,"href":"https:\/\/ceasuri.md\/ru\/wp-json\/wp\/v2\/comments?post=53154"}],"wp:featuredmedia":[{"embeddable":true,"href":"https:\/\/ceasuri.md\/ru\/wp-json\/wp\/v2\/media\/53155"}],"wp:attachment":[{"href":"https:\/\/ceasuri.md\/ru\/wp-json\/wp\/v2\/media?parent=53154"}],"wp:term":[{"taxonomy":"product_brand","embeddable":true,"href":"https:\/\/ceasuri.md\/ru\/wp-json\/wp\/v2\/product_brand?post=53154"},{"taxonomy":"product_cat","embeddable":true,"href":"https:\/\/ceasuri.md\/ru\/wp-json\/wp\/v2\/product_cat?post=53154"},{"taxonomy":"product_tag","embeddable":true,"href":"https:\/\/ceasuri.md\/ru\/wp-json\/wp\/v2\/product_tag?post=53154"}],"curies":[{"name":"wp","href":"https:\/\/api.w.org\/{rel}","templated":true}]}}