{"id":53151,"date":"2026-04-02T23:57:29","date_gmt":"2026-04-02T20:57:29","guid":{"rendered":"http:\/\/new.ceasuri.md\/shop\/uncategorized\/boccia-necklace-08072-02\/"},"modified":"2026-04-20T01:32:56","modified_gmt":"2026-04-19T22:32:56","slug":"boccia-necklace-08072-02","status":"publish","type":"product","link":"https:\/\/ceasuri.md\/ru\/shop\/accesorii\/accesorii-dama\/coliere\/boccia-necklace-08072-02\/","title":{"rendered":"BOCCIA NECKLACE 08072-02"},"content":{"rendered":"<p>O combina\u021bie uluitoare pentru iubitorii de unicitate. La prima vedere, colierul din colec\u021bia Boccia Titanium iese \u00een eviden\u021b\u0103 prin designul s\u0103u luxos.<\/p>\n<p>Colierul elegant din titan \u0219i aur placat este format din zale \u00een form\u0103 de pic\u0103turi, \u00een culori str\u0103lucitoare \u0219i mate. Rezultatul este o bijuterie cu adev\u0103rat atr\u0103g\u0103toare, care va transforma o zi extraordinar\u0103 \u00eentr-o experien\u021b\u0103 luxoas\u0103.<\/p>\n<p>Deoarece colierul este realizat din titan, este, de asemenea, minunat de u\u0219or, puternic \u0219i durabil. De asemenea, este hipoalergenic, ceea ce va fi apreciat \u00een special de cei cu sensibilitate la metale.<\/p>","protected":false},"excerpt":{"rendered":"<p>O combina\u021bie uluitoare pentru iubitorii de unicitate. La prima vedere, colierul din colec\u021bia Boccia Titanium iese \u00een eviden\u021b\u0103 prin designul s\u0103u luxos. Colierul elegant din titan \u0219i aur placat este format din zale \u00een form\u0103 de pic\u0103turi, \u00een culori str\u0103lucitoare \u0219i mate. Rezultatul este o bijuterie cu adev\u0103rat atr\u0103g\u0103toare, care va transforma o zi extraordinar\u0103 [&hellip;]<\/p>\n","protected":false},"featured_media":53152,"comment_status":"closed","ping_status":"open","template":"","meta":{"_acf_changed":false},"product_brand":[],"product_cat":[626,583],"product_tag":[],"class_list":{"0":"post-53151","1":"product","2":"type-product","3":"status-publish","4":"has-post-thumbnail","6":"product_cat-boccia","7":"product_cat-coliere","8":"pa_brand-boccia","9":"pa_corpus-47cm","10":"pa_korpus-bicolor","11":"pa_material-titan","12":"pa_strana-germania","14":"first","15":"instock","16":"purchasable","17":"product-type-simple"},"acf":[],"_links":{"self":[{"href":"https:\/\/ceasuri.md\/ru\/wp-json\/wp\/v2\/product\/53151","targetHints":{"allow":["GET"]}}],"collection":[{"href":"https:\/\/ceasuri.md\/ru\/wp-json\/wp\/v2\/product"}],"about":[{"href":"https:\/\/ceasuri.md\/ru\/wp-json\/wp\/v2\/types\/product"}],"replies":[{"embeddable":true,"href":"https:\/\/ceasuri.md\/ru\/wp-json\/wp\/v2\/comments?post=53151"}],"wp:featuredmedia":[{"embeddable":true,"href":"https:\/\/ceasuri.md\/ru\/wp-json\/wp\/v2\/media\/53152"}],"wp:attachment":[{"href":"https:\/\/ceasuri.md\/ru\/wp-json\/wp\/v2\/media?parent=53151"}],"wp:term":[{"taxonomy":"product_brand","embeddable":true,"href":"https:\/\/ceasuri.md\/ru\/wp-json\/wp\/v2\/product_brand?post=53151"},{"taxonomy":"product_cat","embeddable":true,"href":"https:\/\/ceasuri.md\/ru\/wp-json\/wp\/v2\/product_cat?post=53151"},{"taxonomy":"product_tag","embeddable":true,"href":"https:\/\/ceasuri.md\/ru\/wp-json\/wp\/v2\/product_tag?post=53151"}],"curies":[{"name":"wp","href":"https:\/\/api.w.org\/{rel}","templated":true}]}}