{"id":53149,"date":"2026-04-02T23:57:29","date_gmt":"2026-04-02T20:57:29","guid":{"rendered":"http:\/\/new.ceasuri.md\/shop\/uncategorized\/boccia-titanium-ceramic-3668-01\/"},"modified":"2026-04-16T21:26:45","modified_gmt":"2026-04-16T18:26:45","slug":"boccia-titanium-ceramic-3668-01","status":"publish","type":"product","link":"https:\/\/ceasuri.md\/ru\/shop\/branduri\/boccia\/boccia-titanium-ceramic-3668-01\/","title":{"rendered":"Ceas BOCCIA 3668-01"},"content":{"rendered":"<p>Ceasuri pentru b\u0103rba\u021bi cu carcas\u0103 \u0219i br\u0103\u021bar\u0103 din titan combinate cu ceramic\u0103.<\/p>\n<p>Carcas\u0103 p\u0103trat\u0103 din titan. Lunet\u0103 din ceramic\u0103.<\/p>\n<p>Cadran negru protejat de sticl\u0103 de safir, foarte rezistent\u0103 la zg\u00e2rieturi. Indicatoare sub form\u0103 de linii \u0219i cifra arab\u0103 12. Fereastra de dat\u0103 se afl\u0103 \u00een pozi\u021bia ora 3.<\/p>\n<p>Br\u0103\u021bar\u0103 cu \u00eenchiz\u0103toare pliabil\u0103.<\/p>\n<p>Rezisten\u021b\u0103 la ap\u0103 50 m.<\/p>","protected":false},"excerpt":{"rendered":"<p>Ceasuri pentru b\u0103rba\u021bi cu carcas\u0103 \u0219i br\u0103\u021bar\u0103 din titan combinate cu ceramic\u0103. Carcas\u0103 p\u0103trat\u0103 din titan. Lunet\u0103 din ceramic\u0103. Cadran negru protejat de sticl\u0103 de safir, foarte rezistent\u0103 la zg\u00e2rieturi. Indicatoare sub form\u0103 de linii \u0219i cifra arab\u0103 12. Fereastra de dat\u0103 se afl\u0103 \u00een pozi\u021bia ora 3. Br\u0103\u021bar\u0103 cu \u00eenchiz\u0103toare pliabil\u0103. Rezisten\u021b\u0103 la ap\u0103 [&hellip;]<\/p>\n","protected":false},"featured_media":53150,"comment_status":"closed","ping_status":"open","template":"","meta":{"_acf_changed":false},"product_brand":[],"product_cat":[626,20],"product_tag":[],"class_list":{"0":"post-53149","1":"product","2":"type-product","3":"status-publish","4":"has-post-thumbnail","6":"product_cat-boccia","7":"product_cat-ceasuri-barbati","8":"pa_brand-boccia","9":"pa_braslet-ceramica","10":"pa_braslet-titan","11":"pa_corpus-37-mm","12":"pa_forma-patrat","13":"pa_funcii-data","14":"pa_garatia-24-luni","15":"pa_korpus-argintiu","16":"pa_kvarc-quartz","17":"pa_material-ceramica","18":"pa_material-titan","19":"pa_mehanizm-quartz","20":"pa_remeshok-argintiu","21":"pa_remeshok-negru","22":"pa_steklo-cristal-safir","23":"pa_strana-germania","24":"pa_voda-5-atm","26":"first","27":"instock","28":"purchasable","29":"product-type-simple"},"acf":[],"_links":{"self":[{"href":"https:\/\/ceasuri.md\/ru\/wp-json\/wp\/v2\/product\/53149","targetHints":{"allow":["GET"]}}],"collection":[{"href":"https:\/\/ceasuri.md\/ru\/wp-json\/wp\/v2\/product"}],"about":[{"href":"https:\/\/ceasuri.md\/ru\/wp-json\/wp\/v2\/types\/product"}],"replies":[{"embeddable":true,"href":"https:\/\/ceasuri.md\/ru\/wp-json\/wp\/v2\/comments?post=53149"}],"wp:featuredmedia":[{"embeddable":true,"href":"https:\/\/ceasuri.md\/ru\/wp-json\/wp\/v2\/media\/53150"}],"wp:attachment":[{"href":"https:\/\/ceasuri.md\/ru\/wp-json\/wp\/v2\/media?parent=53149"}],"wp:term":[{"taxonomy":"product_brand","embeddable":true,"href":"https:\/\/ceasuri.md\/ru\/wp-json\/wp\/v2\/product_brand?post=53149"},{"taxonomy":"product_cat","embeddable":true,"href":"https:\/\/ceasuri.md\/ru\/wp-json\/wp\/v2\/product_cat?post=53149"},{"taxonomy":"product_tag","embeddable":true,"href":"https:\/\/ceasuri.md\/ru\/wp-json\/wp\/v2\/product_tag?post=53149"}],"curies":[{"name":"wp","href":"https:\/\/api.w.org\/{rel}","templated":true}]}}