{"id":53141,"date":"2026-04-02T23:57:29","date_gmt":"2026-04-02T20:57:29","guid":{"rendered":"http:\/\/new.ceasuri.md\/shop\/uncategorized\/boccia-titanium-solar-3652-04\/"},"modified":"2026-04-07T04:44:11","modified_gmt":"2026-04-07T01:44:11","slug":"boccia-titanium-solar-3652-04","status":"publish","type":"product","link":"https:\/\/ceasuri.md\/ru\/shop\/branduri\/boccia\/boccia-titanium-solar-3652-04\/","title":{"rendered":"Ceas BOCCIA TITANIUM SOLAR 3652-04"},"content":{"rendered":"<p>Boccia Titanium Solar face parte din seria de modele Solar \u0219i, dup\u0103 cum sugereaz\u0103 \u0219i numele, este un ceas alimentat cu energie solar\u0103. Ceasul este alimentat de o baterie re\u00eenc\u0103rcabil\u0103 cu energie solar\u0103, cu o autonomie de p\u00e2n\u0103 la 6 luni. Acest lucru elimin\u0103 necesitatea \u00eenlocuirii bateriei.<\/p>\n<p>Datorit\u0103 caracteristicilor sale, ceasul este potrivit at\u00e2t pentru activit\u0103\u021bi \u00een aer liber, c\u00e2t \u0219i pentru uzul zilnic.<\/p>\n<p>Cadranul verde este protejat de sticl\u0103 de safir, care este foarte rezistent\u0103 la zg\u00e2rieturi. Acele \u0219i marcajele au un strat luminescent, care str\u0103luce\u0219te \u00een \u00eentuneric dup\u0103 o scurt\u0103 \u00eenc\u0103rcare la lumin\u0103. Fereastra datei se afl\u0103 \u00een pozi\u021bia ora 3.<\/p>\n<p>Br\u0103\u021bar\u0103 cu \u00eenchiz\u0103toare pliabil\u0103.<\/p>\n<p>Rezisten\u021b\u0103 la ap\u0103 de 50 m, astfel \u00eenc\u00e2t ceasul poate suporta contactul normal cu apa, cum ar fi sp\u0103larea m\u00e2inilor sau ploaia.<\/p>","protected":false},"excerpt":{"rendered":"<p>Boccia Titanium Solar face parte din seria de modele Solar \u0219i, dup\u0103 cum sugereaz\u0103 \u0219i numele, este un ceas alimentat cu energie solar\u0103. Ceasul este alimentat de o baterie re\u00eenc\u0103rcabil\u0103 cu energie solar\u0103, cu o autonomie de p\u00e2n\u0103 la 6 luni. Acest lucru elimin\u0103 necesitatea \u00eenlocuirii bateriei. Datorit\u0103 caracteristicilor sale, ceasul este potrivit at\u00e2t pentru [&hellip;]<\/p>\n","protected":false},"featured_media":53142,"comment_status":"closed","ping_status":"open","template":"","meta":{"_acf_changed":false},"product_brand":[],"product_cat":[626,20],"product_tag":[],"class_list":{"0":"post-53141","1":"product","2":"type-product","3":"status-publish","4":"has-post-thumbnail","6":"product_cat-boccia","7":"product_cat-ceasuri-barbati","8":"pa_brand-boccia","9":"pa_braslet-titan","10":"pa_corpus-39-mm","11":"pa_forma-rotund","12":"pa_funcii-data","13":"pa_garatia-24-luni","14":"pa_korpus-argintiu","15":"pa_material-titan","16":"pa_mehanizm-baterie-solara","17":"pa_remeshok-argintiu","18":"pa_steklo-cristal-safir","19":"pa_strana-germania","20":"pa_voda-5-atm","22":"first","23":"instock","24":"purchasable","25":"product-type-simple"},"acf":[],"_links":{"self":[{"href":"https:\/\/ceasuri.md\/ru\/wp-json\/wp\/v2\/product\/53141","targetHints":{"allow":["GET"]}}],"collection":[{"href":"https:\/\/ceasuri.md\/ru\/wp-json\/wp\/v2\/product"}],"about":[{"href":"https:\/\/ceasuri.md\/ru\/wp-json\/wp\/v2\/types\/product"}],"replies":[{"embeddable":true,"href":"https:\/\/ceasuri.md\/ru\/wp-json\/wp\/v2\/comments?post=53141"}],"wp:featuredmedia":[{"embeddable":true,"href":"https:\/\/ceasuri.md\/ru\/wp-json\/wp\/v2\/media\/53142"}],"wp:attachment":[{"href":"https:\/\/ceasuri.md\/ru\/wp-json\/wp\/v2\/media?parent=53141"}],"wp:term":[{"taxonomy":"product_brand","embeddable":true,"href":"https:\/\/ceasuri.md\/ru\/wp-json\/wp\/v2\/product_brand?post=53141"},{"taxonomy":"product_cat","embeddable":true,"href":"https:\/\/ceasuri.md\/ru\/wp-json\/wp\/v2\/product_cat?post=53141"},{"taxonomy":"product_tag","embeddable":true,"href":"https:\/\/ceasuri.md\/ru\/wp-json\/wp\/v2\/product_tag?post=53141"}],"curies":[{"name":"wp","href":"https:\/\/api.w.org\/{rel}","templated":true}]}}