{"id":53139,"date":"2024-06-26T08:44:08","date_gmt":"2024-06-26T05:44:08","guid":{"rendered":"http:\/\/new.ceasuri.md\/shop\/uncategorized\/boccia-titanium-3359-02\/"},"modified":"2026-05-01T18:33:54","modified_gmt":"2026-05-01T15:33:54","slug":"boccia-titanium-3359-02","status":"publish","type":"product","link":"https:\/\/ceasuri.md\/ru\/shop\/branduri\/boccia\/boccia-titanium-3359-02\/","title":{"rendered":"\u0427\u0430\u0441\u044b BOCCIA TITANIUM 3359-02"},"content":{"rendered":"<p>Ceasuri pentru femei, potrivite at\u00e2t pentru uzul zilnic, c\u00e2t \u0219i ca accesoriu pentru sear\u0103.<\/p>\n<p>Cadranul cu marcaje sub form\u0103 de linii \u0219i cifre arabe este protejat de sticl\u0103 mineral\u0103. Acele cu acoperire luminescent\u0103, care str\u0103lucesc \u00een \u00eentuneric dup\u0103 o scurt\u0103 \u00eenc\u0103rcare la lumin\u0103.<\/p>\n<p>Br\u0103\u021bar\u0103 din titan cu \u00eenchiz\u0103toare pliabil\u0103.<\/p>\n<p>Ceasul este rezistent la ap\u0103 p\u00e2n\u0103 la 50 de metri.<\/p>","protected":false},"excerpt":{"rendered":"<p>Ceasuri pentru femei, potrivite at\u00e2t pentru uzul zilnic, c\u00e2t \u0219i ca accesoriu pentru sear\u0103. Cadranul cu marcaje sub form\u0103 de linii \u0219i cifre arabe este protejat de sticl\u0103 mineral\u0103. Acele cu acoperire luminescent\u0103, care str\u0103lucesc \u00een \u00eentuneric dup\u0103 o scurt\u0103 \u00eenc\u0103rcare la lumin\u0103. Br\u0103\u021bar\u0103 din titan cu \u00eenchiz\u0103toare pliabil\u0103. Ceasul este rezistent la ap\u0103 p\u00e2n\u0103 [&hellip;]<\/p>\n","protected":false},"featured_media":53140,"comment_status":"closed","ping_status":"open","template":"","meta":{"_acf_changed":false},"product_brand":[],"product_cat":[626,25],"product_tag":[],"class_list":{"0":"post-53139","1":"product","2":"type-product","3":"status-publish","4":"has-post-thumbnail","6":"product_cat-boccia","7":"product_cat-ceasuri-dama","8":"pa_brand-boccia","9":"pa_braslet-titan","10":"pa_corpus-29-mm","11":"pa_forma-rotund","12":"pa_garatia-24-luni","13":"pa_korpus-bicolor","14":"pa_kvarc-quartz","15":"pa_material-titan","16":"pa_mehanizm-quartz","17":"pa_remeshok-bicolor","18":"pa_steklo-cristal-mineral","19":"pa_strana-germania","20":"pa_voda-5-atm","22":"first","23":"instock","24":"purchasable","25":"product-type-simple"},"acf":[],"_links":{"self":[{"href":"https:\/\/ceasuri.md\/ru\/wp-json\/wp\/v2\/product\/53139","targetHints":{"allow":["GET"]}}],"collection":[{"href":"https:\/\/ceasuri.md\/ru\/wp-json\/wp\/v2\/product"}],"about":[{"href":"https:\/\/ceasuri.md\/ru\/wp-json\/wp\/v2\/types\/product"}],"replies":[{"embeddable":true,"href":"https:\/\/ceasuri.md\/ru\/wp-json\/wp\/v2\/comments?post=53139"}],"wp:featuredmedia":[{"embeddable":true,"href":"https:\/\/ceasuri.md\/ru\/wp-json\/wp\/v2\/media\/53140"}],"wp:attachment":[{"href":"https:\/\/ceasuri.md\/ru\/wp-json\/wp\/v2\/media?parent=53139"}],"wp:term":[{"taxonomy":"product_brand","embeddable":true,"href":"https:\/\/ceasuri.md\/ru\/wp-json\/wp\/v2\/product_brand?post=53139"},{"taxonomy":"product_cat","embeddable":true,"href":"https:\/\/ceasuri.md\/ru\/wp-json\/wp\/v2\/product_cat?post=53139"},{"taxonomy":"product_tag","embeddable":true,"href":"https:\/\/ceasuri.md\/ru\/wp-json\/wp\/v2\/product_tag?post=53139"}],"curies":[{"name":"wp","href":"https:\/\/api.w.org\/{rel}","templated":true}]}}