{"id":53133,"date":"2026-04-02T23:57:29","date_gmt":"2026-04-02T20:57:29","guid":{"rendered":"http:\/\/new.ceasuri.md\/shop\/uncategorized\/boccia-titanium-3344-06\/"},"modified":"2026-04-15T20:39:03","modified_gmt":"2026-04-15T17:39:03","slug":"boccia-titanium-3344-06","status":"publish","type":"product","link":"https:\/\/ceasuri.md\/ru\/shop\/branduri\/boccia\/boccia-titanium-3344-06\/","title":{"rendered":"Ceas BOCCIA TITANIUM 3344-06"},"content":{"rendered":"<p>Ceasul este potrivit pentru orice doamn\u0103 care caut\u0103 un ceas elegant, capabil s\u0103 impresioneze.<\/p>\n<p>Modelul atrage aten\u021bia \u00eenc\u0103 de la prima vedere prin forma neobi\u0219nuit\u0103 a carcasei din titan. Ve\u021bi aprecia, de asemenea, greutatea redus\u0103 a ceasului \u0219i propriet\u0103\u021bile hipoalergenice ale titanului.<\/p>\n<p>Un alt avantaj important este sticla de safir, care este mai rezistent\u0103 la zg\u00e2rieturi. Aspectul elegant este subliniat de cifrele mici.<\/p>\n<p>Ceasul este completat de o curea din piele.<\/p>","protected":false},"excerpt":{"rendered":"<p>Ceasul este potrivit pentru orice doamn\u0103 care caut\u0103 un ceas elegant, capabil s\u0103 impresioneze. Modelul atrage aten\u021bia \u00eenc\u0103 de la prima vedere prin forma neobi\u0219nuit\u0103 a carcasei din titan. Ve\u021bi aprecia, de asemenea, greutatea redus\u0103 a ceasului \u0219i propriet\u0103\u021bile hipoalergenice ale titanului. Un alt avantaj important este sticla de safir, care este mai rezistent\u0103 la [&hellip;]<\/p>\n","protected":false},"featured_media":53134,"comment_status":"closed","ping_status":"open","template":"","meta":{"_acf_changed":false},"product_brand":[],"product_cat":[626,25],"product_tag":[],"class_list":{"0":"post-53133","1":"product","2":"type-product","3":"status-publish","4":"has-post-thumbnail","6":"product_cat-boccia","7":"product_cat-ceasuri-dama","8":"pa_brand-boccia","9":"pa_braslet-piele","10":"pa_corpus-30-mm","11":"pa_forma-oval","12":"pa_garatia-24-luni","13":"pa_korpus-auriu","14":"pa_kvarc-quartz","15":"pa_material-titan","16":"pa_mehanizm-quartz","17":"pa_remeshok-maro","18":"pa_steklo-cristal-safir","19":"pa_strana-germania","20":"pa_voda-5-atm","22":"first","23":"instock","24":"purchasable","25":"product-type-simple"},"acf":[],"_links":{"self":[{"href":"https:\/\/ceasuri.md\/ru\/wp-json\/wp\/v2\/product\/53133","targetHints":{"allow":["GET"]}}],"collection":[{"href":"https:\/\/ceasuri.md\/ru\/wp-json\/wp\/v2\/product"}],"about":[{"href":"https:\/\/ceasuri.md\/ru\/wp-json\/wp\/v2\/types\/product"}],"replies":[{"embeddable":true,"href":"https:\/\/ceasuri.md\/ru\/wp-json\/wp\/v2\/comments?post=53133"}],"wp:featuredmedia":[{"embeddable":true,"href":"https:\/\/ceasuri.md\/ru\/wp-json\/wp\/v2\/media\/53134"}],"wp:attachment":[{"href":"https:\/\/ceasuri.md\/ru\/wp-json\/wp\/v2\/media?parent=53133"}],"wp:term":[{"taxonomy":"product_brand","embeddable":true,"href":"https:\/\/ceasuri.md\/ru\/wp-json\/wp\/v2\/product_brand?post=53133"},{"taxonomy":"product_cat","embeddable":true,"href":"https:\/\/ceasuri.md\/ru\/wp-json\/wp\/v2\/product_cat?post=53133"},{"taxonomy":"product_tag","embeddable":true,"href":"https:\/\/ceasuri.md\/ru\/wp-json\/wp\/v2\/product_tag?post=53133"}],"curies":[{"name":"wp","href":"https:\/\/api.w.org\/{rel}","templated":true}]}}