{"id":53127,"date":"2026-04-02T23:57:29","date_gmt":"2026-04-02T20:57:29","guid":{"rendered":"http:\/\/new.ceasuri.md\/shop\/uncategorized\/boccia-titanium-3273-12\/"},"modified":"2026-04-07T04:44:07","modified_gmt":"2026-04-07T01:44:07","slug":"boccia-titanium-3273-12","status":"publish","type":"product","link":"https:\/\/ceasuri.md\/ru\/shop\/branduri\/boccia\/boccia-titanium-3273-12\/","title":{"rendered":"Ceas BOCCIA TITANIUM 3273-12"},"content":{"rendered":"<p>Ceasuri pentru femei cu un design elegant \u0219i clasic.<\/p>\n<p>Carcasa este fabricat\u0103 din titan pur antialergic.<\/p>\n<p>Cadranul cu marcaje sub form\u0103 de linii este protejat de sticl\u0103 mineral\u0103.<\/p>\n<p>Br\u0103\u021bar\u0103 din \u00eempletitur\u0103 milanez\u0103.<\/p>","protected":false},"excerpt":{"rendered":"<p>Ceasuri pentru femei cu un design elegant \u0219i clasic. Carcasa este fabricat\u0103 din titan pur antialergic. Cadranul cu marcaje sub form\u0103 de linii este protejat de sticl\u0103 mineral\u0103. Br\u0103\u021bar\u0103 din \u00eempletitur\u0103 milanez\u0103.<\/p>","protected":false},"featured_media":53128,"comment_status":"closed","ping_status":"open","template":"","meta":{"_acf_changed":false},"product_brand":[],"product_cat":[626,25],"product_tag":[],"class_list":{"0":"post-53127","1":"product","2":"type-product","3":"status-publish","4":"has-post-thumbnail","6":"product_cat-boccia","7":"product_cat-ceasuri-dama","8":"pa_brand-boccia","9":"pa_braslet-otel-inoxidabil","10":"pa_corpus-36-mm","11":"pa_forma-rotund","12":"pa_garatia-24-luni","13":"pa_korpus-auriu","14":"pa_material-titan","15":"pa_mehanizm-quartz","16":"pa_remeshok-auriu","17":"pa_steklo-cristal-mineral","18":"pa_strana-germania","19":"pa_voda-3-atm","21":"first","22":"instock","23":"purchasable","24":"product-type-simple"},"acf":[],"_links":{"self":[{"href":"https:\/\/ceasuri.md\/ru\/wp-json\/wp\/v2\/product\/53127","targetHints":{"allow":["GET"]}}],"collection":[{"href":"https:\/\/ceasuri.md\/ru\/wp-json\/wp\/v2\/product"}],"about":[{"href":"https:\/\/ceasuri.md\/ru\/wp-json\/wp\/v2\/types\/product"}],"replies":[{"embeddable":true,"href":"https:\/\/ceasuri.md\/ru\/wp-json\/wp\/v2\/comments?post=53127"}],"wp:featuredmedia":[{"embeddable":true,"href":"https:\/\/ceasuri.md\/ru\/wp-json\/wp\/v2\/media\/53128"}],"wp:attachment":[{"href":"https:\/\/ceasuri.md\/ru\/wp-json\/wp\/v2\/media?parent=53127"}],"wp:term":[{"taxonomy":"product_brand","embeddable":true,"href":"https:\/\/ceasuri.md\/ru\/wp-json\/wp\/v2\/product_brand?post=53127"},{"taxonomy":"product_cat","embeddable":true,"href":"https:\/\/ceasuri.md\/ru\/wp-json\/wp\/v2\/product_cat?post=53127"},{"taxonomy":"product_tag","embeddable":true,"href":"https:\/\/ceasuri.md\/ru\/wp-json\/wp\/v2\/product_tag?post=53127"}],"curies":[{"name":"wp","href":"https:\/\/api.w.org\/{rel}","templated":true}]}}