{"id":53125,"date":"2026-04-02T23:57:29","date_gmt":"2026-04-02T20:57:29","guid":{"rendered":"http:\/\/new.ceasuri.md\/shop\/uncategorized\/boccia-titanium-3356-01\/"},"modified":"2026-04-07T04:44:06","modified_gmt":"2026-04-07T01:44:06","slug":"boccia-titanium-3356-01","status":"publish","type":"product","link":"https:\/\/ceasuri.md\/ru\/shop\/branduri\/boccia\/boccia-titanium-3356-01\/","title":{"rendered":"Ceas BOCCIA TITANIUM 3356-01"},"content":{"rendered":"<p>Ceasurile feminine fermec\u0103toare vor deveni cu siguran\u021b\u0103 accesoriul principal al \u021binutei dvs. de zi cu zi.<\/p>\n<p>Cadran sidefat cu marcaje sub form\u0103 de linii. Acele \u0219i marcajele au un strat luminescent care str\u0103luce\u0219te \u00een \u00eentuneric. Fereastra datei se afl\u0103 \u00een pozi\u021bia ora 3.<\/p>\n<p>Curea din cauciuc cu cataram\u0103 clasic\u0103.<\/p>\n<p>Rezisten\u021b\u0103 la ap\u0103 100 m.<\/p>","protected":false},"excerpt":{"rendered":"<p>Ceasurile feminine fermec\u0103toare vor deveni cu siguran\u021b\u0103 accesoriul principal al \u021binutei dvs. de zi cu zi. Cadran sidefat cu marcaje sub form\u0103 de linii. Acele \u0219i marcajele au un strat luminescent care str\u0103luce\u0219te \u00een \u00eentuneric. Fereastra datei se afl\u0103 \u00een pozi\u021bia ora 3. Curea din cauciuc cu cataram\u0103 clasic\u0103. Rezisten\u021b\u0103 la ap\u0103 100 m.<\/p>","protected":false},"featured_media":53126,"comment_status":"closed","ping_status":"open","template":"","meta":{"_acf_changed":false},"product_brand":[],"product_cat":[626,25],"product_tag":[],"class_list":{"0":"post-53125","1":"product","2":"type-product","3":"status-publish","4":"has-post-thumbnail","6":"product_cat-boccia","7":"product_cat-ceasuri-dama","8":"pa_brand-boccia","9":"pa_braslet-plastic","10":"pa_corpus-35-mm","11":"pa_forma-rotund","12":"pa_funcii-data","13":"pa_garatia-24-luni","14":"pa_korpus-argintiu","15":"pa_material-titan","16":"pa_mehanizm-quartz","17":"pa_remeshok-roz","18":"pa_steklo-cristal-mineral","19":"pa_strana-germania","20":"pa_voda-10-atm","22":"first","23":"instock","24":"purchasable","25":"product-type-simple"},"acf":[],"_links":{"self":[{"href":"https:\/\/ceasuri.md\/ru\/wp-json\/wp\/v2\/product\/53125","targetHints":{"allow":["GET"]}}],"collection":[{"href":"https:\/\/ceasuri.md\/ru\/wp-json\/wp\/v2\/product"}],"about":[{"href":"https:\/\/ceasuri.md\/ru\/wp-json\/wp\/v2\/types\/product"}],"replies":[{"embeddable":true,"href":"https:\/\/ceasuri.md\/ru\/wp-json\/wp\/v2\/comments?post=53125"}],"wp:featuredmedia":[{"embeddable":true,"href":"https:\/\/ceasuri.md\/ru\/wp-json\/wp\/v2\/media\/53126"}],"wp:attachment":[{"href":"https:\/\/ceasuri.md\/ru\/wp-json\/wp\/v2\/media?parent=53125"}],"wp:term":[{"taxonomy":"product_brand","embeddable":true,"href":"https:\/\/ceasuri.md\/ru\/wp-json\/wp\/v2\/product_brand?post=53125"},{"taxonomy":"product_cat","embeddable":true,"href":"https:\/\/ceasuri.md\/ru\/wp-json\/wp\/v2\/product_cat?post=53125"},{"taxonomy":"product_tag","embeddable":true,"href":"https:\/\/ceasuri.md\/ru\/wp-json\/wp\/v2\/product_tag?post=53125"}],"curies":[{"name":"wp","href":"https:\/\/api.w.org\/{rel}","templated":true}]}}