{"id":53119,"date":"2026-04-02T23:57:29","date_gmt":"2026-04-02T20:57:29","guid":{"rendered":"http:\/\/new.ceasuri.md\/shop\/uncategorized\/boccia-titanium-solar-3332-02\/"},"modified":"2026-04-20T01:32:10","modified_gmt":"2026-04-19T22:32:10","slug":"boccia-titanium-solar-3332-02","status":"publish","type":"product","link":"https:\/\/ceasuri.md\/ru\/shop\/branduri\/boccia\/boccia-titanium-solar-3332-02\/","title":{"rendered":"Ceas BOCCIA TITANIUM SOLAR 3332-02"},"content":{"rendered":"<p>Proprietara acestui ceas cu baterie solar\u0103 nu pierde niciodat\u0103 timpul \u00een zadar. Alimentare cu energie solar\u0103.<\/p>\n<p>Cadranul sidefat este protejat de un sticl\u0103 de safir rezistent\u0103. Indicatoare sub form\u0103 de linii. Fereastra datei se afl\u0103 \u00een pozi\u021bia ora 3.<\/p>\n<p>Coroan\u0103 cu protec\u021bie.<\/p>\n<p>Br\u0103\u021bar\u0103 cu \u00eenchiz\u0103toare pliabil\u0103.<\/p>","protected":false},"excerpt":{"rendered":"<p>Proprietara acestui ceas cu baterie solar\u0103 nu pierde niciodat\u0103 timpul \u00een zadar. Alimentare cu energie solar\u0103. Cadranul sidefat este protejat de un sticl\u0103 de safir rezistent\u0103. Indicatoare sub form\u0103 de linii. Fereastra datei se afl\u0103 \u00een pozi\u021bia ora 3. Coroan\u0103 cu protec\u021bie. Br\u0103\u021bar\u0103 cu \u00eenchiz\u0103toare pliabil\u0103.<\/p>","protected":false},"featured_media":53120,"comment_status":"closed","ping_status":"open","template":"","meta":{"_acf_changed":false},"product_brand":[],"product_cat":[626,25],"product_tag":[],"class_list":{"0":"post-53119","1":"product","2":"type-product","3":"status-publish","4":"has-post-thumbnail","6":"product_cat-boccia","7":"product_cat-ceasuri-dama","8":"pa_brand-boccia","9":"pa_braslet-titan","10":"pa_corpus-35-mm","11":"pa_forma-rotund","12":"pa_funcii-data","13":"pa_garatia-24-luni","14":"pa_korpus-alb","15":"pa_korpus-bicolor","16":"pa_kvarc-quartz","17":"pa_material-titan","18":"pa_mehanizm-baterie-solara","19":"pa_remeshok-bicolor","20":"pa_steklo-cristal-safir","21":"pa_strana-germania","22":"pa_voda-5-atm","24":"first","25":"instock","26":"purchasable","27":"product-type-simple"},"acf":[],"_links":{"self":[{"href":"https:\/\/ceasuri.md\/ru\/wp-json\/wp\/v2\/product\/53119","targetHints":{"allow":["GET"]}}],"collection":[{"href":"https:\/\/ceasuri.md\/ru\/wp-json\/wp\/v2\/product"}],"about":[{"href":"https:\/\/ceasuri.md\/ru\/wp-json\/wp\/v2\/types\/product"}],"replies":[{"embeddable":true,"href":"https:\/\/ceasuri.md\/ru\/wp-json\/wp\/v2\/comments?post=53119"}],"wp:featuredmedia":[{"embeddable":true,"href":"https:\/\/ceasuri.md\/ru\/wp-json\/wp\/v2\/media\/53120"}],"wp:attachment":[{"href":"https:\/\/ceasuri.md\/ru\/wp-json\/wp\/v2\/media?parent=53119"}],"wp:term":[{"taxonomy":"product_brand","embeddable":true,"href":"https:\/\/ceasuri.md\/ru\/wp-json\/wp\/v2\/product_brand?post=53119"},{"taxonomy":"product_cat","embeddable":true,"href":"https:\/\/ceasuri.md\/ru\/wp-json\/wp\/v2\/product_cat?post=53119"},{"taxonomy":"product_tag","embeddable":true,"href":"https:\/\/ceasuri.md\/ru\/wp-json\/wp\/v2\/product_tag?post=53119"}],"curies":[{"name":"wp","href":"https:\/\/api.w.org\/{rel}","templated":true}]}}