{"id":53117,"date":"2026-04-02T23:57:29","date_gmt":"2026-04-02T20:57:29","guid":{"rendered":"http:\/\/new.ceasuri.md\/shop\/uncategorized\/boccia-titanium-solar-3652-03\/"},"modified":"2026-04-07T04:44:03","modified_gmt":"2026-04-07T01:44:03","slug":"boccia-titanium-solar-3652-03","status":"publish","type":"product","link":"https:\/\/ceasuri.md\/ru\/shop\/branduri\/boccia\/boccia-titanium-solar-3652-03\/","title":{"rendered":"Ceas BOCCIA TITANIUM SOLAR 3652-03"},"content":{"rendered":"<p>Ceasul pentru b\u0103rba\u021bi Boccia Solar are o carcas\u0103 rotund\u0103 din titan. Datorit\u0103 br\u0103\u021b\u0103rii din titan, ceasul se potrive\u0219te perfect pe m\u00e2n\u0103. Cadranul elegant, de culoare neagr\u0103, este completat de un indicator al datei.<\/p>\n<p>Modelul face parte din seria Solar \u0219i, dup\u0103 cum sugereaz\u0103 \u0219i numele, este un ceas cu baterie solar\u0103. Ceasul este alimentat de o baterie re\u00eenc\u0103rcabil\u0103 cu ajutorul luminii, cu o autonomie de p\u00e2n\u0103 la 6 luni. Acest lucru elimin\u0103 necesitatea \u00eenlocuirii bateriei.<\/p>\n<p>Datorit\u0103 caracteristicilor sale, ceasul este potrivit at\u00e2t pentru activit\u0103\u021bi \u00een aer liber, c\u00e2t \u0219i pentru uzul zilnic.<\/p>\n<p>Cadranul negru este protejat de sticl\u0103 de safir, care are o rezisten\u021b\u0103 ridicat\u0103 la zg\u00e2rieturi.<\/p>\n<p>Rezisten\u021ba la ap\u0103 este de 50 m, astfel \u00eenc\u00e2t ceasul poate suporta contactul normal cu apa, de exemplu, la sp\u0103larea m\u00e2inilor sau \u00een caz de ploaie.<\/p>","protected":false},"excerpt":{"rendered":"<p>Ceasul pentru b\u0103rba\u021bi Boccia Solar are o carcas\u0103 rotund\u0103 din titan. Datorit\u0103 br\u0103\u021b\u0103rii din titan, ceasul se potrive\u0219te perfect pe m\u00e2n\u0103. Cadranul elegant, de culoare neagr\u0103, este completat de un indicator al datei. Modelul face parte din seria Solar \u0219i, dup\u0103 cum sugereaz\u0103 \u0219i numele, este un ceas cu baterie solar\u0103. Ceasul este alimentat de [&hellip;]<\/p>\n","protected":false},"featured_media":53118,"comment_status":"closed","ping_status":"open","template":"","meta":{"_acf_changed":false},"product_brand":[],"product_cat":[626,20],"product_tag":[],"class_list":{"0":"post-53117","1":"product","2":"type-product","3":"status-publish","4":"has-post-thumbnail","6":"product_cat-boccia","7":"product_cat-ceasuri-barbati","8":"pa_brand-boccia","9":"pa_braslet-titan","10":"pa_corpus-39-mm","11":"pa_forma-rotund","12":"pa_funcii-data","13":"pa_garatia-24-luni","14":"pa_korpus-gri","15":"pa_material-titan","16":"pa_mehanizm-baterie-solara","17":"pa_remeshok-gri","18":"pa_steklo-cristal-safir","19":"pa_strana-germania","20":"pa_voda-5-atm","22":"first","23":"instock","24":"purchasable","25":"product-type-simple"},"acf":[],"_links":{"self":[{"href":"https:\/\/ceasuri.md\/ru\/wp-json\/wp\/v2\/product\/53117","targetHints":{"allow":["GET"]}}],"collection":[{"href":"https:\/\/ceasuri.md\/ru\/wp-json\/wp\/v2\/product"}],"about":[{"href":"https:\/\/ceasuri.md\/ru\/wp-json\/wp\/v2\/types\/product"}],"replies":[{"embeddable":true,"href":"https:\/\/ceasuri.md\/ru\/wp-json\/wp\/v2\/comments?post=53117"}],"wp:featuredmedia":[{"embeddable":true,"href":"https:\/\/ceasuri.md\/ru\/wp-json\/wp\/v2\/media\/53118"}],"wp:attachment":[{"href":"https:\/\/ceasuri.md\/ru\/wp-json\/wp\/v2\/media?parent=53117"}],"wp:term":[{"taxonomy":"product_brand","embeddable":true,"href":"https:\/\/ceasuri.md\/ru\/wp-json\/wp\/v2\/product_brand?post=53117"},{"taxonomy":"product_cat","embeddable":true,"href":"https:\/\/ceasuri.md\/ru\/wp-json\/wp\/v2\/product_cat?post=53117"},{"taxonomy":"product_tag","embeddable":true,"href":"https:\/\/ceasuri.md\/ru\/wp-json\/wp\/v2\/product_tag?post=53117"}],"curies":[{"name":"wp","href":"https:\/\/api.w.org\/{rel}","templated":true}]}}