{"id":53115,"date":"2024-06-26T08:34:26","date_gmt":"2024-06-26T05:34:26","guid":{"rendered":"http:\/\/new.ceasuri.md\/shop\/uncategorized\/boccia-royce-titanium-3658-04\/"},"modified":"2026-05-01T18:33:35","modified_gmt":"2026-05-01T15:33:35","slug":"boccia-royce-titanium-3658-04","status":"publish","type":"product","link":"https:\/\/ceasuri.md\/ru\/shop\/branduri\/boccia\/boccia-royce-titanium-3658-04\/","title":{"rendered":"\u0427\u0430\u0441\u044b BOCCIA ROYCE TITANIUM 3658-04"},"content":{"rendered":"<p>Ceasul pentru b\u0103rba\u021bi, cu carcas\u0103 rotund\u0103 \u0219i br\u0103\u021bar\u0103 cu \u00eenchiz\u0103toare pliabil\u0103, este fabricat din titan.<\/p>\n<p>Cadranul de culoare \u00eenchis\u0103 este completat de indicatorul de dat\u0103 \u00een pozi\u021bia \u201eora 3\u201d. Este protejat de sticl\u0103 de safir, care este practic imposibil de zg\u00e2riat.<\/p>\n<p>Acoperirea luminescent\u0103 de pe ace \u0219i indici asigur\u0103 o mai bun\u0103 lizibilitate chiar \u0219i \u00een condi\u021bii de iluminare slab\u0103.<\/p>\n<p>Rezisten\u021ba la ap\u0103 este de 50 m.<\/p>","protected":false},"excerpt":{"rendered":"<p>Ceasul pentru b\u0103rba\u021bi, cu carcas\u0103 rotund\u0103 \u0219i br\u0103\u021bar\u0103 cu \u00eenchiz\u0103toare pliabil\u0103, este fabricat din titan. Cadranul de culoare \u00eenchis\u0103 este completat de indicatorul de dat\u0103 \u00een pozi\u021bia \u201eora 3\u201d. Este protejat de sticl\u0103 de safir, care este practic imposibil de zg\u00e2riat. Acoperirea luminescent\u0103 de pe ace \u0219i indici asigur\u0103 o mai bun\u0103 lizibilitate chiar \u0219i [&hellip;]<\/p>\n","protected":false},"featured_media":53116,"comment_status":"closed","ping_status":"open","template":"","meta":{"_acf_changed":false},"product_brand":[],"product_cat":[626,20],"product_tag":[],"class_list":{"0":"post-53115","1":"product","2":"type-product","3":"status-publish","4":"has-post-thumbnail","6":"product_cat-boccia","7":"product_cat-ceasuri-barbati","8":"pa_brand-boccia","9":"pa_braslet-titan","10":"pa_corpus-39-mm","11":"pa_forma-rotund","12":"pa_funcii-data","13":"pa_garatia-24-luni","14":"pa_korpus-argintiu","15":"pa_kvarc-quartz","16":"pa_material-titan","17":"pa_mehanizm-quartz","18":"pa_remeshok-argintiu","19":"pa_steklo-cristal-safir","20":"pa_strana-germania","21":"pa_voda-5-atm","23":"first","24":"instock","25":"purchasable","26":"product-type-simple"},"acf":[],"_links":{"self":[{"href":"https:\/\/ceasuri.md\/ru\/wp-json\/wp\/v2\/product\/53115","targetHints":{"allow":["GET"]}}],"collection":[{"href":"https:\/\/ceasuri.md\/ru\/wp-json\/wp\/v2\/product"}],"about":[{"href":"https:\/\/ceasuri.md\/ru\/wp-json\/wp\/v2\/types\/product"}],"replies":[{"embeddable":true,"href":"https:\/\/ceasuri.md\/ru\/wp-json\/wp\/v2\/comments?post=53115"}],"wp:featuredmedia":[{"embeddable":true,"href":"https:\/\/ceasuri.md\/ru\/wp-json\/wp\/v2\/media\/53116"}],"wp:attachment":[{"href":"https:\/\/ceasuri.md\/ru\/wp-json\/wp\/v2\/media?parent=53115"}],"wp:term":[{"taxonomy":"product_brand","embeddable":true,"href":"https:\/\/ceasuri.md\/ru\/wp-json\/wp\/v2\/product_brand?post=53115"},{"taxonomy":"product_cat","embeddable":true,"href":"https:\/\/ceasuri.md\/ru\/wp-json\/wp\/v2\/product_cat?post=53115"},{"taxonomy":"product_tag","embeddable":true,"href":"https:\/\/ceasuri.md\/ru\/wp-json\/wp\/v2\/product_tag?post=53115"}],"curies":[{"name":"wp","href":"https:\/\/api.w.org\/{rel}","templated":true}]}}