{"id":53109,"date":"2026-04-02T23:57:01","date_gmt":"2026-04-02T20:57:01","guid":{"rendered":"http:\/\/new.ceasuri.md\/shop\/uncategorized\/boccia-titanium-3667-01\/"},"modified":"2026-04-20T01:32:32","modified_gmt":"2026-04-19T22:32:32","slug":"boccia-titanium-3667-01","status":"publish","type":"product","link":"https:\/\/ceasuri.md\/ru\/shop\/branduri\/boccia\/boccia-titanium-3667-01\/","title":{"rendered":"Ceas BOCCIA TITANIUM 3667-01"},"content":{"rendered":"<p>Popularitatea ceasurilor Boccia nu se bazeaz\u0103 doar pe aspectul lor exterior. Toate modelele acestei m\u0103rci se disting prin mecanismul precis, rezisten\u021ba ridicat\u0103 \u0219i greutatea redus\u0103. Ultimele dou\u0103 caracteristici sunt determinate de materialul din care sunt fabricate ceasurile, \u0219i anume titanul.<\/p>\n<p>Ceasurile cu carcas\u0103 din titan au o calitate foarte valoroas\u0103 \u2014 confortul la purtare. Av\u00e2nd un aspect elegant, carcasa men\u021bine o temperatur\u0103 confortabil\u0103 a corpului, nu provoac\u0103 reac\u021bii alergice, disconfort sau greutate.<\/p>\n<p>Titanul este un metal cu un coeficient ridicat de rezisten\u021b\u0103 \u0219i conductivitate termic\u0103 sc\u0103zut\u0103, astfel \u00eenc\u00e2t proprietarul ceasului nu va sim\u021bi disconfortul cauzat de \u00eenc\u0103lzirea br\u0103\u021b\u0103rii vara \u0219i r\u0103cirea iarna.<\/p>","protected":false},"excerpt":{"rendered":"<p>Popularitatea ceasurilor Boccia nu se bazeaz\u0103 doar pe aspectul lor exterior. Toate modelele acestei m\u0103rci se disting prin mecanismul precis, rezisten\u021ba ridicat\u0103 \u0219i greutatea redus\u0103. Ultimele dou\u0103 caracteristici sunt determinate de materialul din care sunt fabricate ceasurile, \u0219i anume titanul. Ceasurile cu carcas\u0103 din titan au o calitate foarte valoroas\u0103 \u2014 confortul la purtare. Av\u00e2nd [&hellip;]<\/p>\n","protected":false},"featured_media":53110,"comment_status":"closed","ping_status":"open","template":"","meta":{"_acf_changed":false},"product_brand":[],"product_cat":[626,20],"product_tag":[],"class_list":{"0":"post-53109","1":"product","2":"type-product","3":"status-publish","4":"has-post-thumbnail","6":"product_cat-boccia","7":"product_cat-ceasuri-barbati","8":"pa_brand-boccia","9":"pa_braslet-plastic","10":"pa_corpus-39-mm","11":"pa_forma-rotund","12":"pa_funcii-data","13":"pa_garatia-24-luni","14":"pa_korpus-argintiu","15":"pa_kvarc-quartz","16":"pa_material-titan","17":"pa_mehanizm-quartz","18":"pa_remeshok-albastru-inchis","19":"pa_steklo-cristal-safir","20":"pa_strana-germania","21":"pa_voda-5-atm","23":"first","24":"instock","25":"purchasable","26":"product-type-simple"},"acf":[],"_links":{"self":[{"href":"https:\/\/ceasuri.md\/ru\/wp-json\/wp\/v2\/product\/53109","targetHints":{"allow":["GET"]}}],"collection":[{"href":"https:\/\/ceasuri.md\/ru\/wp-json\/wp\/v2\/product"}],"about":[{"href":"https:\/\/ceasuri.md\/ru\/wp-json\/wp\/v2\/types\/product"}],"replies":[{"embeddable":true,"href":"https:\/\/ceasuri.md\/ru\/wp-json\/wp\/v2\/comments?post=53109"}],"wp:featuredmedia":[{"embeddable":true,"href":"https:\/\/ceasuri.md\/ru\/wp-json\/wp\/v2\/media\/53110"}],"wp:attachment":[{"href":"https:\/\/ceasuri.md\/ru\/wp-json\/wp\/v2\/media?parent=53109"}],"wp:term":[{"taxonomy":"product_brand","embeddable":true,"href":"https:\/\/ceasuri.md\/ru\/wp-json\/wp\/v2\/product_brand?post=53109"},{"taxonomy":"product_cat","embeddable":true,"href":"https:\/\/ceasuri.md\/ru\/wp-json\/wp\/v2\/product_cat?post=53109"},{"taxonomy":"product_tag","embeddable":true,"href":"https:\/\/ceasuri.md\/ru\/wp-json\/wp\/v2\/product_tag?post=53109"}],"curies":[{"name":"wp","href":"https:\/\/api.w.org\/{rel}","templated":true}]}}