{"id":53105,"date":"2026-04-02T23:57:01","date_gmt":"2026-04-02T20:57:01","guid":{"rendered":"http:\/\/new.ceasuri.md\/shop\/uncategorized\/boccia-titanium-3663-01\/"},"modified":"2026-04-07T04:43:59","modified_gmt":"2026-04-07T01:43:59","slug":"boccia-titanium-3663-01","status":"publish","type":"product","link":"https:\/\/ceasuri.md\/ru\/shop\/branduri\/boccia\/boccia-titanium-3663-01\/","title":{"rendered":"Ceas BOCCIA TITANIUM 3663-01"},"content":{"rendered":"<p>Designul practic \u0219i func\u021bional face ca acest accesoriu s\u0103 fie un companion indispensabil \u00een fiecare zi.<\/p>\n<p>Ceas pentru b\u0103rba\u021bi cu carcas\u0103 rotund\u0103 din titan.<\/p>\n<p>Cadran cu marcaje sub form\u0103 de linii \u0219i cifre arabe. Fereastra de dat\u0103 se afl\u0103 \u00een pozi\u021bia ora 3.<\/p>\n<p>Coroan\u0103 canelat\u0103 cu protec\u021bie.<\/p>\n<p>Br\u0103\u021bar\u0103 cu \u00eenchiz\u0103toare pliabil\u0103.<\/p>","protected":false},"excerpt":{"rendered":"<p>Designul practic \u0219i func\u021bional face ca acest accesoriu s\u0103 fie un companion indispensabil \u00een fiecare zi. Ceas pentru b\u0103rba\u021bi cu carcas\u0103 rotund\u0103 din titan. Cadran cu marcaje sub form\u0103 de linii \u0219i cifre arabe. Fereastra de dat\u0103 se afl\u0103 \u00een pozi\u021bia ora 3. Coroan\u0103 canelat\u0103 cu protec\u021bie. Br\u0103\u021bar\u0103 cu \u00eenchiz\u0103toare pliabil\u0103.<\/p>","protected":false},"featured_media":53106,"comment_status":"closed","ping_status":"open","template":"","meta":{"_acf_changed":false},"product_brand":[],"product_cat":[626,20],"product_tag":[],"class_list":{"0":"post-53105","1":"product","2":"type-product","3":"status-publish","4":"has-post-thumbnail","6":"product_cat-boccia","7":"product_cat-ceasuri-barbati","8":"pa_brand-boccia","9":"pa_braslet-titan","10":"pa_corpus-39-mm","11":"pa_forma-rotund","12":"pa_funcii-data","13":"pa_garatia-24-luni","14":"pa_korpus-argintiu","15":"pa_material-titan","16":"pa_mehanizm-quartz","17":"pa_remeshok-argintiu","18":"pa_steklo-cristal-mineral","19":"pa_strana-germania","20":"pa_voda-10-atm","22":"first","23":"instock","24":"purchasable","25":"product-type-simple"},"acf":[],"_links":{"self":[{"href":"https:\/\/ceasuri.md\/ru\/wp-json\/wp\/v2\/product\/53105","targetHints":{"allow":["GET"]}}],"collection":[{"href":"https:\/\/ceasuri.md\/ru\/wp-json\/wp\/v2\/product"}],"about":[{"href":"https:\/\/ceasuri.md\/ru\/wp-json\/wp\/v2\/types\/product"}],"replies":[{"embeddable":true,"href":"https:\/\/ceasuri.md\/ru\/wp-json\/wp\/v2\/comments?post=53105"}],"wp:featuredmedia":[{"embeddable":true,"href":"https:\/\/ceasuri.md\/ru\/wp-json\/wp\/v2\/media\/53106"}],"wp:attachment":[{"href":"https:\/\/ceasuri.md\/ru\/wp-json\/wp\/v2\/media?parent=53105"}],"wp:term":[{"taxonomy":"product_brand","embeddable":true,"href":"https:\/\/ceasuri.md\/ru\/wp-json\/wp\/v2\/product_brand?post=53105"},{"taxonomy":"product_cat","embeddable":true,"href":"https:\/\/ceasuri.md\/ru\/wp-json\/wp\/v2\/product_cat?post=53105"},{"taxonomy":"product_tag","embeddable":true,"href":"https:\/\/ceasuri.md\/ru\/wp-json\/wp\/v2\/product_tag?post=53105"}],"curies":[{"name":"wp","href":"https:\/\/api.w.org\/{rel}","templated":true}]}}