{"id":53102,"date":"2026-04-02T23:57:01","date_gmt":"2026-04-02T20:57:01","guid":{"rendered":"http:\/\/new.ceasuri.md\/shop\/uncategorized\/boccia-titanium-3629-03\/"},"modified":"2026-04-07T04:43:58","modified_gmt":"2026-04-07T01:43:58","slug":"boccia-titanium-3629-03","status":"publish","type":"product","link":"https:\/\/ceasuri.md\/ru\/shop\/branduri\/boccia\/boccia-titanium-3629-03\/","title":{"rendered":"Ceas BOCCIA TITANIUM 3629-03"},"content":{"rendered":"<p>Ceas pentru b\u0103rba\u021bi cu cadran rotund albastru, secundar alb \u0219i marcaje albe, indicatoare luminescente. Fereastr\u0103 pentru dat\u0103 \u00een pozi\u021bia \u201eora 3\u201d.<\/p>\n<p>Cadranul este protejat de sticl\u0103 de safir.<\/p>\n<p>Br\u0103\u021bar\u0103 \u0219i carcas\u0103 din titan mat \u0219i lustruit.<\/p>\n<p>Rezisten\u021b\u0103 la ap\u0103 p\u00e2n\u0103 la 50 m.<\/p>","protected":false},"excerpt":{"rendered":"<p>Ceas pentru b\u0103rba\u021bi cu cadran rotund albastru, secundar alb \u0219i marcaje albe, indicatoare luminescente. Fereastr\u0103 pentru dat\u0103 \u00een pozi\u021bia \u201eora 3\u201d. Cadranul este protejat de sticl\u0103 de safir. Br\u0103\u021bar\u0103 \u0219i carcas\u0103 din titan mat \u0219i lustruit. Rezisten\u021b\u0103 la ap\u0103 p\u00e2n\u0103 la 50 m.<\/p>","protected":false},"featured_media":53103,"comment_status":"closed","ping_status":"open","template":"","meta":{"_acf_changed":false},"product_brand":[],"product_cat":[626,20],"product_tag":[],"class_list":{"0":"post-53102","1":"product","2":"type-product","3":"status-publish","4":"has-post-thumbnail","6":"product_cat-boccia","7":"product_cat-ceasuri-barbati","8":"pa_brand-boccia","9":"pa_braslet-titan","10":"pa_corpus-39-mm","11":"pa_forma-rotund","12":"pa_funcii-data","13":"pa_garatia-24-luni","14":"pa_korpus-argintiu","15":"pa_material-titan","16":"pa_mehanizm-quartz","17":"pa_remeshok-argintiu","18":"pa_steklo-cristal-safir","19":"pa_strana-germania","20":"pa_voda-5-atm","22":"first","23":"instock","24":"purchasable","25":"product-type-simple"},"acf":[],"_links":{"self":[{"href":"https:\/\/ceasuri.md\/ru\/wp-json\/wp\/v2\/product\/53102","targetHints":{"allow":["GET"]}}],"collection":[{"href":"https:\/\/ceasuri.md\/ru\/wp-json\/wp\/v2\/product"}],"about":[{"href":"https:\/\/ceasuri.md\/ru\/wp-json\/wp\/v2\/types\/product"}],"replies":[{"embeddable":true,"href":"https:\/\/ceasuri.md\/ru\/wp-json\/wp\/v2\/comments?post=53102"}],"wp:featuredmedia":[{"embeddable":true,"href":"https:\/\/ceasuri.md\/ru\/wp-json\/wp\/v2\/media\/53103"}],"wp:attachment":[{"href":"https:\/\/ceasuri.md\/ru\/wp-json\/wp\/v2\/media?parent=53102"}],"wp:term":[{"taxonomy":"product_brand","embeddable":true,"href":"https:\/\/ceasuri.md\/ru\/wp-json\/wp\/v2\/product_brand?post=53102"},{"taxonomy":"product_cat","embeddable":true,"href":"https:\/\/ceasuri.md\/ru\/wp-json\/wp\/v2\/product_cat?post=53102"},{"taxonomy":"product_tag","embeddable":true,"href":"https:\/\/ceasuri.md\/ru\/wp-json\/wp\/v2\/product_tag?post=53102"}],"curies":[{"name":"wp","href":"https:\/\/api.w.org\/{rel}","templated":true}]}}