{"id":53100,"date":"2024-06-26T08:21:07","date_gmt":"2024-06-26T05:21:07","guid":{"rendered":"http:\/\/new.ceasuri.md\/shop\/uncategorized\/boccia-titanium-solar-3742-03\/"},"modified":"2026-05-01T18:33:19","modified_gmt":"2026-05-01T15:33:19","slug":"boccia-titanium-solar-3742-03","status":"publish","type":"product","link":"https:\/\/ceasuri.md\/ru\/shop\/branduri\/boccia\/boccia-titanium-solar-3742-03\/","title":{"rendered":"\u0427\u0430\u0441\u044b BOCCIA TITANIUM SOLAR 3742-03"},"content":{"rendered":"<p>Ceasul pentru b\u0103rba\u021bi Boccia Solar cu func\u021bie practic\u0103 de cronometru.<\/p>\n<p>Cadran sportiv \u0219i elegant, de culoare albastru \u00eenchis, cu 3 subcadrane albe pentru func\u021bia de cronometru. \u00cen plus, este completat cu data \u00een pozi\u021bia 4-5 ore. Cadranul este protejat de un sticl\u0103 de safir, care este foarte rezistent\u0103 la zg\u00e2rieturi.<\/p>\n<p>Un bonus pl\u0103cut este luminescen\u021ba de pe ace \u0219i indici, care asigur\u0103 o mai bun\u0103 lizibilitate chiar \u0219i \u00een condi\u021bii de iluminare slab\u0103.<\/p>\n<p>Dimensiunea carcasei este de 40 mm. Astfel, ceasul se potrive\u0219te majorit\u0103\u021bii \u00eencheieturilor masculine.<\/p>\n<p>Este alimentat de o baterie u\u0219oar\u0103 re\u00eenc\u0103rcabil\u0103, cu o durat\u0103 de via\u021b\u0103 de p\u00e2n\u0103 la 10 ani \u0219i o rezerv\u0103 de func\u021bionare de p\u00e2n\u0103 la 6 luni. Acest lucru elimin\u0103 necesitatea \u00eenlocuirii bateriei.<\/p>\n<p>Datorit\u0103 caracteristicilor sale, ceasul este potrivit at\u00e2t pentru activit\u0103\u021bi de agrement, c\u00e2t \u0219i pentru purtarea zilnic\u0103. Impermeabilitatea este de 100 m.<\/p>","protected":false},"excerpt":{"rendered":"<p>Ceasul pentru b\u0103rba\u021bi Boccia Solar cu func\u021bie practic\u0103 de cronometru. Cadran sportiv \u0219i elegant, de culoare albastru \u00eenchis, cu 3 subcadrane albe pentru func\u021bia de cronometru. \u00cen plus, este completat cu data \u00een pozi\u021bia 4-5 ore. Cadranul este protejat de un sticl\u0103 de safir, care este foarte rezistent\u0103 la zg\u00e2rieturi. Un bonus pl\u0103cut este luminescen\u021ba [&hellip;]<\/p>\n","protected":false},"featured_media":53101,"comment_status":"closed","ping_status":"open","template":"","meta":{"_acf_changed":false},"product_brand":[],"product_cat":[626,20],"product_tag":[],"class_list":{"0":"post-53100","1":"product","2":"type-product","3":"status-publish","4":"has-post-thumbnail","6":"product_cat-boccia","7":"product_cat-ceasuri-barbati","8":"pa_brand-boccia","9":"pa_braslet-titan","10":"pa_corpus-40mm","11":"pa_forma-rotund","12":"pa_funcii-cronograf","13":"pa_funcii-data","14":"pa_funcii-rezerva-de-energie","15":"pa_garatia-24-luni","16":"pa_korpus-argintiu","17":"pa_kvarc-quartz","18":"pa_material-titan","19":"pa_mehanizm-baterie-solara","20":"pa_remeshok-argintiu","21":"pa_steklo-cristal-safir","22":"pa_strana-germania","23":"pa_voda-10-atm","25":"first","26":"instock","27":"purchasable","28":"product-type-simple"},"acf":[],"_links":{"self":[{"href":"https:\/\/ceasuri.md\/ru\/wp-json\/wp\/v2\/product\/53100","targetHints":{"allow":["GET"]}}],"collection":[{"href":"https:\/\/ceasuri.md\/ru\/wp-json\/wp\/v2\/product"}],"about":[{"href":"https:\/\/ceasuri.md\/ru\/wp-json\/wp\/v2\/types\/product"}],"replies":[{"embeddable":true,"href":"https:\/\/ceasuri.md\/ru\/wp-json\/wp\/v2\/comments?post=53100"}],"wp:featuredmedia":[{"embeddable":true,"href":"https:\/\/ceasuri.md\/ru\/wp-json\/wp\/v2\/media\/53101"}],"wp:attachment":[{"href":"https:\/\/ceasuri.md\/ru\/wp-json\/wp\/v2\/media?parent=53100"}],"wp:term":[{"taxonomy":"product_brand","embeddable":true,"href":"https:\/\/ceasuri.md\/ru\/wp-json\/wp\/v2\/product_brand?post=53100"},{"taxonomy":"product_cat","embeddable":true,"href":"https:\/\/ceasuri.md\/ru\/wp-json\/wp\/v2\/product_cat?post=53100"},{"taxonomy":"product_tag","embeddable":true,"href":"https:\/\/ceasuri.md\/ru\/wp-json\/wp\/v2\/product_tag?post=53100"}],"curies":[{"name":"wp","href":"https:\/\/api.w.org\/{rel}","templated":true}]}}