{"id":53085,"date":"2026-04-02T23:57:01","date_gmt":"2026-04-02T20:57:01","guid":{"rendered":"http:\/\/new.ceasuri.md\/shop\/uncategorized\/boccia-titanium-3355-04\/"},"modified":"2026-04-20T01:32:18","modified_gmt":"2026-04-19T22:32:18","slug":"boccia-titanium-3355-04","status":"publish","type":"product","link":"https:\/\/ceasuri.md\/ru\/shop\/branduri\/boccia\/boccia-titanium-3355-04\/","title":{"rendered":"Ceas BOCCIA TITANIUM 3355-04"},"content":{"rendered":"<p>Un accesoriu impecabil pentru uzul zilnic.<\/p>\n<p>Ceas pentru femei cu carcas\u0103 rotund\u0103 din titan.<\/p>\n<p>Cadran cu marcaje sub form\u0103 de linii.<\/p>\n<p>Curea din piele cu cataram\u0103 clasic\u0103.<\/p>","protected":false},"excerpt":{"rendered":"<p>Un accesoriu impecabil pentru uzul zilnic. Ceas pentru femei cu carcas\u0103 rotund\u0103 din titan. Cadran cu marcaje sub form\u0103 de linii. Curea din piele cu cataram\u0103 clasic\u0103.<\/p>","protected":false},"featured_media":53086,"comment_status":"closed","ping_status":"open","template":"","meta":{"_acf_changed":false},"product_brand":[],"product_cat":[626,25],"product_tag":[],"class_list":{"0":"post-53085","1":"product","2":"type-product","3":"status-publish","4":"has-post-thumbnail","6":"product_cat-boccia","7":"product_cat-ceasuri-dama","8":"pa_brand-boccia","9":"pa_braslet-piele","10":"pa_corpus-30-mm","11":"pa_forma-rotund","12":"pa_garatia-24-luni","13":"pa_korpus-roz-gold","14":"pa_kvarc-quartz","15":"pa_material-titan","16":"pa_mehanizm-quartz","17":"pa_remeshok-gri","18":"pa_steklo-cristal-mineral","19":"pa_strana-germania","20":"pa_voda-5-atm","22":"first","23":"instock","24":"purchasable","25":"product-type-simple"},"acf":[],"_links":{"self":[{"href":"https:\/\/ceasuri.md\/ru\/wp-json\/wp\/v2\/product\/53085","targetHints":{"allow":["GET"]}}],"collection":[{"href":"https:\/\/ceasuri.md\/ru\/wp-json\/wp\/v2\/product"}],"about":[{"href":"https:\/\/ceasuri.md\/ru\/wp-json\/wp\/v2\/types\/product"}],"replies":[{"embeddable":true,"href":"https:\/\/ceasuri.md\/ru\/wp-json\/wp\/v2\/comments?post=53085"}],"wp:featuredmedia":[{"embeddable":true,"href":"https:\/\/ceasuri.md\/ru\/wp-json\/wp\/v2\/media\/53086"}],"wp:attachment":[{"href":"https:\/\/ceasuri.md\/ru\/wp-json\/wp\/v2\/media?parent=53085"}],"wp:term":[{"taxonomy":"product_brand","embeddable":true,"href":"https:\/\/ceasuri.md\/ru\/wp-json\/wp\/v2\/product_brand?post=53085"},{"taxonomy":"product_cat","embeddable":true,"href":"https:\/\/ceasuri.md\/ru\/wp-json\/wp\/v2\/product_cat?post=53085"},{"taxonomy":"product_tag","embeddable":true,"href":"https:\/\/ceasuri.md\/ru\/wp-json\/wp\/v2\/product_tag?post=53085"}],"curies":[{"name":"wp","href":"https:\/\/api.w.org\/{rel}","templated":true}]}}