{"id":53079,"date":"2026-04-02T23:57:01","date_gmt":"2026-04-02T20:57:01","guid":{"rendered":"http:\/\/new.ceasuri.md\/shop\/uncategorized\/boccia-titanium-3739-05\/"},"modified":"2026-04-20T01:32:36","modified_gmt":"2026-04-19T22:32:36","slug":"boccia-titanium-3739-05","status":"publish","type":"product","link":"https:\/\/ceasuri.md\/ru\/shop\/branduri\/boccia\/boccia-titanium-3739-05\/","title":{"rendered":"\u0427\u0430\u0441\u044b BOCCIA TITANIUM 3739-05"},"content":{"rendered":"<p>Op\u021biunea ideal\u0103 pentru comunicarea zilnic\u0103 cu timpul.<\/p>\n<p>Ceas cronograf cu cronometru \u0219i tahimetru. Carcas\u0103 rotund\u0103 din titan.<\/p>\n<p>Cadran cu marcaje sub form\u0103 de linii realizat cu tehnologia Sunray (raze solare). Fereastra datei se afl\u0103 \u00een pozi\u021bia ora 3.<\/p>\n<p>Coroan\u0103 canelat\u0103.<\/p>\n<p>Br\u0103\u021bar\u0103 cu \u00eenchiz\u0103toare pliabil\u0103.<\/p>","protected":false},"excerpt":{"rendered":"<p>Op\u021biunea ideal\u0103 pentru comunicarea zilnic\u0103 cu timpul. Ceas cronograf cu cronometru \u0219i tahimetru. Carcas\u0103 rotund\u0103 din titan. Cadran cu marcaje sub form\u0103 de linii realizat cu tehnologia Sunray (raze solare). Fereastra datei se afl\u0103 \u00een pozi\u021bia ora 3. Coroan\u0103 canelat\u0103. Br\u0103\u021bar\u0103 cu \u00eenchiz\u0103toare pliabil\u0103.<\/p>","protected":false},"featured_media":53080,"comment_status":"closed","ping_status":"open","template":"","meta":{"_acf_changed":false},"product_brand":[],"product_cat":[626,20],"product_tag":[],"class_list":{"0":"post-53079","1":"product","2":"type-product","3":"status-publish","4":"has-post-thumbnail","6":"product_cat-boccia","7":"product_cat-ceasuri-barbati","8":"pa_brand-boccia","9":"pa_braslet-titan","10":"pa_corpus-40mm","11":"pa_forma-rotund","12":"pa_funcii-cronograf","13":"pa_funcii-data","14":"pa_funcii-tahimetru","15":"pa_garatia-24-luni","16":"pa_korpus-bicolor","17":"pa_kvarc-quartz","18":"pa_material-titan","19":"pa_mehanizm-quartz","20":"pa_remeshok-bicolor","21":"pa_steklo-cristal-mineral","22":"pa_strana-germania","23":"pa_voda-10-atm","25":"first","26":"instock","27":"purchasable","28":"product-type-simple"},"acf":[],"_links":{"self":[{"href":"https:\/\/ceasuri.md\/ru\/wp-json\/wp\/v2\/product\/53079","targetHints":{"allow":["GET"]}}],"collection":[{"href":"https:\/\/ceasuri.md\/ru\/wp-json\/wp\/v2\/product"}],"about":[{"href":"https:\/\/ceasuri.md\/ru\/wp-json\/wp\/v2\/types\/product"}],"replies":[{"embeddable":true,"href":"https:\/\/ceasuri.md\/ru\/wp-json\/wp\/v2\/comments?post=53079"}],"wp:featuredmedia":[{"embeddable":true,"href":"https:\/\/ceasuri.md\/ru\/wp-json\/wp\/v2\/media\/53080"}],"wp:attachment":[{"href":"https:\/\/ceasuri.md\/ru\/wp-json\/wp\/v2\/media?parent=53079"}],"wp:term":[{"taxonomy":"product_brand","embeddable":true,"href":"https:\/\/ceasuri.md\/ru\/wp-json\/wp\/v2\/product_brand?post=53079"},{"taxonomy":"product_cat","embeddable":true,"href":"https:\/\/ceasuri.md\/ru\/wp-json\/wp\/v2\/product_cat?post=53079"},{"taxonomy":"product_tag","embeddable":true,"href":"https:\/\/ceasuri.md\/ru\/wp-json\/wp\/v2\/product_tag?post=53079"}],"curies":[{"name":"wp","href":"https:\/\/api.w.org\/{rel}","templated":true}]}}