{"id":53071,"date":"2026-04-02T23:57:01","date_gmt":"2026-04-02T20:57:01","guid":{"rendered":"http:\/\/new.ceasuri.md\/shop\/uncategorized\/boccia-titanium-3350-01\/"},"modified":"2026-04-20T01:32:13","modified_gmt":"2026-04-19T22:32:13","slug":"boccia-titanium-3350-01","status":"publish","type":"product","link":"https:\/\/ceasuri.md\/ru\/shop\/branduri\/boccia\/boccia-titanium-3350-01\/","title":{"rendered":"\u0427\u0430\u0441\u044b BOCCIA TITANIUM 3350-01"},"content":{"rendered":"<p>Ceasuri elegante cu un design simplu \u2013 singurul accesoriu care este \u00eentotdeauna potrivit.<\/p>\n<p>Ceasuri de m\u00e2n\u0103 pentru femei cu carcas\u0103 rotund\u0103.<\/p>\n<p>Indicatoare sub form\u0103 de linii \u0219i cifre arabe.<\/p>\n<p>Secundarul este plasat pe un cadran mic.<\/p>\n<p>Curea din material textil.<\/p>","protected":false},"excerpt":{"rendered":"<p>Ceasuri elegante cu un design simplu \u2013 singurul accesoriu care este \u00eentotdeauna potrivit. Ceasuri de m\u00e2n\u0103 pentru femei cu carcas\u0103 rotund\u0103. Indicatoare sub form\u0103 de linii \u0219i cifre arabe. Secundarul este plasat pe un cadran mic. Curea din material textil.<\/p>","protected":false},"featured_media":53072,"comment_status":"closed","ping_status":"open","template":"","meta":{"_acf_changed":false},"product_brand":[],"product_cat":[626,25],"product_tag":[],"class_list":{"0":"post-53071","1":"product","2":"type-product","3":"status-publish","4":"has-post-thumbnail","6":"product_cat-boccia","7":"product_cat-ceasuri-dama","8":"pa_brand-boccia","9":"pa_braslet-piele-textile","10":"pa_corpus-37-mm","11":"pa_forma-rotund","12":"pa_funcii-offset-second-hand","13":"pa_garatia-24-luni","14":"pa_korpus-argintiu","15":"pa_kvarc-quartz","16":"pa_material-titan","17":"pa_mehanizm-quartz","18":"pa_remeshok-rosu","19":"pa_steklo-cristal-mineral","20":"pa_strana-germania","21":"pa_voda-3-atm","23":"first","24":"instock","25":"purchasable","26":"product-type-simple"},"acf":[],"_links":{"self":[{"href":"https:\/\/ceasuri.md\/ru\/wp-json\/wp\/v2\/product\/53071","targetHints":{"allow":["GET"]}}],"collection":[{"href":"https:\/\/ceasuri.md\/ru\/wp-json\/wp\/v2\/product"}],"about":[{"href":"https:\/\/ceasuri.md\/ru\/wp-json\/wp\/v2\/types\/product"}],"replies":[{"embeddable":true,"href":"https:\/\/ceasuri.md\/ru\/wp-json\/wp\/v2\/comments?post=53071"}],"wp:featuredmedia":[{"embeddable":true,"href":"https:\/\/ceasuri.md\/ru\/wp-json\/wp\/v2\/media\/53072"}],"wp:attachment":[{"href":"https:\/\/ceasuri.md\/ru\/wp-json\/wp\/v2\/media?parent=53071"}],"wp:term":[{"taxonomy":"product_brand","embeddable":true,"href":"https:\/\/ceasuri.md\/ru\/wp-json\/wp\/v2\/product_brand?post=53071"},{"taxonomy":"product_cat","embeddable":true,"href":"https:\/\/ceasuri.md\/ru\/wp-json\/wp\/v2\/product_cat?post=53071"},{"taxonomy":"product_tag","embeddable":true,"href":"https:\/\/ceasuri.md\/ru\/wp-json\/wp\/v2\/product_tag?post=53071"}],"curies":[{"name":"wp","href":"https:\/\/api.w.org\/{rel}","templated":true}]}}