{"id":53069,"date":"2026-04-02T23:57:01","date_gmt":"2026-04-02T20:57:01","guid":{"rendered":"http:\/\/new.ceasuri.md\/shop\/uncategorized\/boccia-titanium-3354-02\/"},"modified":"2026-04-07T04:43:46","modified_gmt":"2026-04-07T01:43:46","slug":"boccia-titanium-3354-02","status":"publish","type":"product","link":"https:\/\/ceasuri.md\/ru\/shop\/branduri\/boccia\/boccia-titanium-3354-02\/","title":{"rendered":"Ceas BOCCIA TITANIUM 3354-02"},"content":{"rendered":"<p>Ceasuri pentru femei, foarte u\u0219oare \u0219i elegante. Modelul este destinat purt\u0103rii zilnice, precum \u0219i plimb\u0103rilor \u00een companie.<\/p>\n<p>Br\u0103\u021bara \u0219i carcasa ceasului sunt realizate din titan placat cu aur.<\/p>\n<p>Cadranul sidefat este protejat de sticl\u0103 de safir rezistent\u0103 la zg\u00e2rieturi.<\/p>\n<p>Impermeabilitatea acestui model este de 50 m.<\/p>","protected":false},"excerpt":{"rendered":"<p>Ceasuri pentru femei, foarte u\u0219oare \u0219i elegante. Modelul este destinat purt\u0103rii zilnice, precum \u0219i plimb\u0103rilor \u00een companie. Br\u0103\u021bara \u0219i carcasa ceasului sunt realizate din titan placat cu aur. Cadranul sidefat este protejat de sticl\u0103 de safir rezistent\u0103 la zg\u00e2rieturi. Impermeabilitatea acestui model este de 50 m.<\/p>","protected":false},"featured_media":53070,"comment_status":"closed","ping_status":"open","template":"","meta":{"_acf_changed":false},"product_brand":[],"product_cat":[626,25],"product_tag":[],"class_list":{"0":"post-53069","1":"product","2":"type-product","3":"status-publish","4":"has-post-thumbnail","6":"product_cat-boccia","7":"product_cat-ceasuri-dama","8":"pa_brand-boccia","9":"pa_braslet-titan","10":"pa_corpus-30-mm","11":"pa_forma-rotund","12":"pa_garatia-24-luni","13":"pa_korpus-auriu","14":"pa_material-titan","15":"pa_mehanizm-quartz","16":"pa_remeshok-auriu","17":"pa_steklo-cristal-safir","18":"pa_strana-germania","19":"pa_voda-5-atm","21":"first","22":"instock","23":"purchasable","24":"product-type-simple"},"acf":[],"_links":{"self":[{"href":"https:\/\/ceasuri.md\/ru\/wp-json\/wp\/v2\/product\/53069","targetHints":{"allow":["GET"]}}],"collection":[{"href":"https:\/\/ceasuri.md\/ru\/wp-json\/wp\/v2\/product"}],"about":[{"href":"https:\/\/ceasuri.md\/ru\/wp-json\/wp\/v2\/types\/product"}],"replies":[{"embeddable":true,"href":"https:\/\/ceasuri.md\/ru\/wp-json\/wp\/v2\/comments?post=53069"}],"wp:featuredmedia":[{"embeddable":true,"href":"https:\/\/ceasuri.md\/ru\/wp-json\/wp\/v2\/media\/53070"}],"wp:attachment":[{"href":"https:\/\/ceasuri.md\/ru\/wp-json\/wp\/v2\/media?parent=53069"}],"wp:term":[{"taxonomy":"product_brand","embeddable":true,"href":"https:\/\/ceasuri.md\/ru\/wp-json\/wp\/v2\/product_brand?post=53069"},{"taxonomy":"product_cat","embeddable":true,"href":"https:\/\/ceasuri.md\/ru\/wp-json\/wp\/v2\/product_cat?post=53069"},{"taxonomy":"product_tag","embeddable":true,"href":"https:\/\/ceasuri.md\/ru\/wp-json\/wp\/v2\/product_tag?post=53069"}],"curies":[{"name":"wp","href":"https:\/\/api.w.org\/{rel}","templated":true}]}}