{"id":53062,"date":"2026-04-02T23:56:07","date_gmt":"2026-04-02T20:56:07","guid":{"rendered":"http:\/\/new.ceasuri.md\/shop\/uncategorized\/fossil-raquel-es5307\/"},"modified":"2026-04-07T04:43:43","modified_gmt":"2026-04-07T01:43:43","slug":"fossil-raquel-es5307","status":"publish","type":"product","link":"https:\/\/ceasuri.md\/ru\/shop\/branduri\/fossil\/fossil-raquel-es5307\/","title":{"rendered":"Ceas FOSSIL RAQUEL ES5307"},"content":{"rendered":"<p>Designul original al acestui ceas str\u0103lucitor va reflecta natura ambi\u021bioas\u0103 a unei fete moderne \u0219i \u00eencrez\u0103toare \u00een sine.<\/p>\n<p>Ceas cu cuar\u021b pentru femei, cu carcas\u0103 dreptunghiular\u0103.<\/p>\n<p>Cadranul sidefat, cu marcaje sub form\u0103 de cifre romane, este decorat cu cristale. Fereastra datei se afl\u0103 \u00een pozi\u021bia ora 6.<\/p>\n<p>Curea din piele.<\/p>","protected":false},"excerpt":{"rendered":"<p>Designul original al acestui ceas str\u0103lucitor va reflecta natura ambi\u021bioas\u0103 a unei fete moderne \u0219i \u00eencrez\u0103toare \u00een sine. Ceas cu cuar\u021b pentru femei, cu carcas\u0103 dreptunghiular\u0103. Cadranul sidefat, cu marcaje sub form\u0103 de cifre romane, este decorat cu cristale. Fereastra datei se afl\u0103 \u00een pozi\u021bia ora 6. Curea din piele.<\/p>","protected":false},"featured_media":53063,"comment_status":"closed","ping_status":"open","template":"","meta":{"_acf_changed":false},"product_brand":[],"product_cat":[25,396],"product_tag":[],"class_list":{"0":"post-53062","1":"product","2":"type-product","3":"status-publish","4":"has-post-thumbnail","6":"product_cat-ceasuri-dama","7":"product_cat-fossil","8":"pa_brand-fossil","9":"pa_braslet-piele","10":"pa_corpus-14x26-mm","11":"pa_decor-cristale-swarowski","12":"pa_forma-dreptunghiular","13":"pa_funcii-data","14":"pa_garatia-24-luni","15":"pa_korpus-auriu","16":"pa_material-otel-inoxidabil","17":"pa_mehanizm-quartz","18":"pa_remeshok-maro","19":"pa_steklo-cristal-mineral","20":"pa_strana-sua","21":"pa_voda-5-atm","23":"first","24":"instock","25":"purchasable","26":"product-type-simple"},"acf":[],"_links":{"self":[{"href":"https:\/\/ceasuri.md\/ru\/wp-json\/wp\/v2\/product\/53062","targetHints":{"allow":["GET"]}}],"collection":[{"href":"https:\/\/ceasuri.md\/ru\/wp-json\/wp\/v2\/product"}],"about":[{"href":"https:\/\/ceasuri.md\/ru\/wp-json\/wp\/v2\/types\/product"}],"replies":[{"embeddable":true,"href":"https:\/\/ceasuri.md\/ru\/wp-json\/wp\/v2\/comments?post=53062"}],"wp:featuredmedia":[{"embeddable":true,"href":"https:\/\/ceasuri.md\/ru\/wp-json\/wp\/v2\/media\/53063"}],"wp:attachment":[{"href":"https:\/\/ceasuri.md\/ru\/wp-json\/wp\/v2\/media?parent=53062"}],"wp:term":[{"taxonomy":"product_brand","embeddable":true,"href":"https:\/\/ceasuri.md\/ru\/wp-json\/wp\/v2\/product_brand?post=53062"},{"taxonomy":"product_cat","embeddable":true,"href":"https:\/\/ceasuri.md\/ru\/wp-json\/wp\/v2\/product_cat?post=53062"},{"taxonomy":"product_tag","embeddable":true,"href":"https:\/\/ceasuri.md\/ru\/wp-json\/wp\/v2\/product_tag?post=53062"}],"curies":[{"name":"wp","href":"https:\/\/api.w.org\/{rel}","templated":true}]}}