{"id":53018,"date":"2026-04-02T23:56:07","date_gmt":"2026-04-02T20:56:07","guid":{"rendered":"http:\/\/new.ceasuri.md\/shop\/uncategorized\/fossil-carlie-es4301\/"},"modified":"2026-04-20T01:30:45","modified_gmt":"2026-04-19T22:30:45","slug":"fossil-carlie-es4301","status":"publish","type":"product","link":"https:\/\/ceasuri.md\/ru\/shop\/branduri\/fossil\/fossil-carlie-es4301\/","title":{"rendered":"\u0427\u0430\u0441\u044b FOSSIL CARLIE ES4301"},"content":{"rendered":"<p>Acest accesoriu este sigur c\u0103 va \u00eempodobi \u00eencheietura m\u00e2inii unei adev\u0103rate doamne.<\/p>\n<p>Ceas de dam\u0103 cu o carcas\u0103 rotund\u0103 din o\u021bel.<\/p>\n<p>Cadranul este realizat cu tehnologia Sunray. Semne de liniu\u021b\u0103 \u0219i cifre romane VI \u0219i XII.<\/p>\n<p>Br\u0103\u021bar\u0103 confortabil\u0103 din o\u021bel.<\/p>","protected":false},"excerpt":{"rendered":"<p>Acest accesoriu este sigur c\u0103 va \u00eempodobi \u00eencheietura m\u00e2inii unei adev\u0103rate doamne. Ceas de dam\u0103 cu o carcas\u0103 rotund\u0103 din o\u021bel. Cadranul este realizat cu tehnologia Sunray. Semne de liniu\u021b\u0103 \u0219i cifre romane VI \u0219i XII. Br\u0103\u021bar\u0103 confortabil\u0103 din o\u021bel.<\/p>","protected":false},"featured_media":53019,"comment_status":"closed","ping_status":"open","template":"","meta":{"_acf_changed":false},"product_brand":[],"product_cat":[25,396],"product_tag":[],"class_list":{"0":"post-53018","1":"product","2":"type-product","3":"status-publish","4":"has-post-thumbnail","6":"product_cat-ceasuri-dama","7":"product_cat-fossil","8":"pa_brand-fossil","9":"pa_braslet-otel-inoxidabil","10":"pa_corpus-35-mm","11":"pa_decor-cristale-swarowski","12":"pa_forma-rotund","13":"pa_garatia-24-luni","14":"pa_korpus-roz-gold","15":"pa_kvarc-quartz","16":"pa_material-otel-inoxidabil","17":"pa_mehanizm-quartz","18":"pa_remeshok-roz-gold","19":"pa_steklo-cristal-mineral","20":"pa_strana-sua","21":"pa_voda-3-atm","23":"first","24":"instock","25":"purchasable","26":"product-type-simple"},"acf":[],"_links":{"self":[{"href":"https:\/\/ceasuri.md\/ru\/wp-json\/wp\/v2\/product\/53018","targetHints":{"allow":["GET"]}}],"collection":[{"href":"https:\/\/ceasuri.md\/ru\/wp-json\/wp\/v2\/product"}],"about":[{"href":"https:\/\/ceasuri.md\/ru\/wp-json\/wp\/v2\/types\/product"}],"replies":[{"embeddable":true,"href":"https:\/\/ceasuri.md\/ru\/wp-json\/wp\/v2\/comments?post=53018"}],"wp:featuredmedia":[{"embeddable":true,"href":"https:\/\/ceasuri.md\/ru\/wp-json\/wp\/v2\/media\/53019"}],"wp:attachment":[{"href":"https:\/\/ceasuri.md\/ru\/wp-json\/wp\/v2\/media?parent=53018"}],"wp:term":[{"taxonomy":"product_brand","embeddable":true,"href":"https:\/\/ceasuri.md\/ru\/wp-json\/wp\/v2\/product_brand?post=53018"},{"taxonomy":"product_cat","embeddable":true,"href":"https:\/\/ceasuri.md\/ru\/wp-json\/wp\/v2\/product_cat?post=53018"},{"taxonomy":"product_tag","embeddable":true,"href":"https:\/\/ceasuri.md\/ru\/wp-json\/wp\/v2\/product_tag?post=53018"}],"curies":[{"name":"wp","href":"https:\/\/api.w.org\/{rel}","templated":true}]}}