{"id":53008,"date":"2026-04-02T23:56:07","date_gmt":"2026-04-02T20:56:07","guid":{"rendered":"http:\/\/new.ceasuri.md\/shop\/uncategorized\/diesel-framed-dz4659\/"},"modified":"2026-04-07T04:43:35","modified_gmt":"2026-04-07T01:43:35","slug":"diesel-framed-dz4659","status":"publish","type":"product","link":"https:\/\/ceasuri.md\/ru\/shop\/branduri\/diesel\/diesel-framed-dz4659\/","title":{"rendered":"Ceas DIESEL FRAMED DZ4659"},"content":{"rendered":"<p>Ceasuri masculine \u00eendr\u0103zne\u021be \u0219i elegante.<\/p>\n<p>Datorit\u0103 formei \u0219i br\u0103\u021b\u0103rii din o\u021bel inoxidabil, aceste ceasuri au un aspect sigur \u0219i elegant.<\/p>\n<p>Colec\u021bia FRAMED demonstreaz\u0103 designul inovator al Diesel, iar carcasa \u0219i cadranul auriu adaug\u0103 o not\u0103 de lux.<\/p>\n<p>Datorit\u0103 mecanismului precis cu cuar\u021b \u0219i cronografului, acest ceas cu diametrul de 44 mm este un accesoriu impresionant, care va accentua orice \u021binut\u0103.<\/p>\n<p>Preg\u0103te\u0219te-te s\u0103 la\u0219i o impresie de neuitat.<\/p>","protected":false},"excerpt":{"rendered":"<p>Ceasuri masculine \u00eendr\u0103zne\u021be \u0219i elegante. Datorit\u0103 formei \u0219i br\u0103\u021b\u0103rii din o\u021bel inoxidabil, aceste ceasuri au un aspect sigur \u0219i elegant. Colec\u021bia FRAMED demonstreaz\u0103 designul inovator al Diesel, iar carcasa \u0219i cadranul auriu adaug\u0103 o not\u0103 de lux. Datorit\u0103 mecanismului precis cu cuar\u021b \u0219i cronografului, acest ceas cu diametrul de 44 mm este un accesoriu impresionant, [&hellip;]<\/p>\n","protected":false},"featured_media":53009,"comment_status":"closed","ping_status":"open","template":"","meta":{"_acf_changed":false},"product_brand":[],"product_cat":[20,580],"product_tag":[],"class_list":{"0":"post-53008","1":"product","2":"type-product","3":"status-publish","4":"has-post-thumbnail","6":"product_cat-ceasuri-barbati","7":"product_cat-diesel","8":"pa_brand-diesel","9":"pa_braslet-otel-inoxidabil","10":"pa_corpus-44-mm","11":"pa_forma-rotund","12":"pa_funcii-cronograf","13":"pa_garatia-24-luni","14":"pa_korpus-auriu","15":"pa_material-otel-inoxidabil","16":"pa_mehanizm-quartz","17":"pa_remeshok-auriu","18":"pa_steklo-cristal-mineral","19":"pa_strana-italia","20":"pa_voda-5-atm","22":"first","23":"instock","24":"purchasable","25":"product-type-simple"},"acf":[],"_links":{"self":[{"href":"https:\/\/ceasuri.md\/ru\/wp-json\/wp\/v2\/product\/53008","targetHints":{"allow":["GET"]}}],"collection":[{"href":"https:\/\/ceasuri.md\/ru\/wp-json\/wp\/v2\/product"}],"about":[{"href":"https:\/\/ceasuri.md\/ru\/wp-json\/wp\/v2\/types\/product"}],"replies":[{"embeddable":true,"href":"https:\/\/ceasuri.md\/ru\/wp-json\/wp\/v2\/comments?post=53008"}],"wp:featuredmedia":[{"embeddable":true,"href":"https:\/\/ceasuri.md\/ru\/wp-json\/wp\/v2\/media\/53009"}],"wp:attachment":[{"href":"https:\/\/ceasuri.md\/ru\/wp-json\/wp\/v2\/media?parent=53008"}],"wp:term":[{"taxonomy":"product_brand","embeddable":true,"href":"https:\/\/ceasuri.md\/ru\/wp-json\/wp\/v2\/product_brand?post=53008"},{"taxonomy":"product_cat","embeddable":true,"href":"https:\/\/ceasuri.md\/ru\/wp-json\/wp\/v2\/product_cat?post=53008"},{"taxonomy":"product_tag","embeddable":true,"href":"https:\/\/ceasuri.md\/ru\/wp-json\/wp\/v2\/product_tag?post=53008"}],"curies":[{"name":"wp","href":"https:\/\/api.w.org\/{rel}","templated":true}]}}