{"id":52993,"date":"2026-04-02T23:56:07","date_gmt":"2026-04-02T20:56:07","guid":{"rendered":"http:\/\/new.ceasuri.md\/shop\/uncategorized\/diesel-spiked-dz4644\/"},"modified":"2026-04-20T01:30:40","modified_gmt":"2026-04-19T22:30:40","slug":"diesel-spiked-dz4644","status":"publish","type":"product","link":"https:\/\/ceasuri.md\/ru\/shop\/branduri\/diesel\/diesel-spiked-dz4644\/","title":{"rendered":"\u0427\u0430\u0441\u044b DIESEL SPIKED DZ4644"},"content":{"rendered":"<p>Un accesoriu elegant \u0219i func\u021bional, care poate spune multe despre proprietarul s\u0103u.<\/p>\n<p>Ceas cronograf cu cronometru. Carcas\u0103 rotund\u0103 din o\u021bel inoxidabil.<\/p>\n<p>Cadran realizat cu tehnologia Sunray. Marcaje sub form\u0103 de linii \u0219i cifre arabe. Fereastra datei se afl\u0103 \u00een pozi\u021bia \u201e4 ore\u201d.<\/p>\n<p>Br\u0103\u021bar\u0103 din o\u021bel inoxidabil cu \u00eenchiz\u0103toare pliabil\u0103.<\/p>","protected":false},"excerpt":{"rendered":"<p>Un accesoriu elegant \u0219i func\u021bional, care poate spune multe despre proprietarul s\u0103u. Ceas cronograf cu cronometru. Carcas\u0103 rotund\u0103 din o\u021bel inoxidabil. Cadran realizat cu tehnologia Sunray. Marcaje sub form\u0103 de linii \u0219i cifre arabe. Fereastra datei se afl\u0103 \u00een pozi\u021bia \u201e4 ore\u201d. Br\u0103\u021bar\u0103 din o\u021bel inoxidabil cu \u00eenchiz\u0103toare pliabil\u0103.<\/p>","protected":false},"featured_media":52994,"comment_status":"closed","ping_status":"open","template":"","meta":{"_acf_changed":false},"product_brand":[],"product_cat":[20,580],"product_tag":[],"class_list":{"0":"post-52993","1":"product","2":"type-product","3":"status-publish","4":"has-post-thumbnail","6":"product_cat-ceasuri-barbati","7":"product_cat-diesel","8":"pa_brand-diesel","9":"pa_braslet-otel-inoxidabil","10":"pa_corpus-49-mm","11":"pa_forma-rotund","12":"pa_funcii-cronograf","13":"pa_funcii-data","14":"pa_garatia-24-luni","15":"pa_korpus-negru","16":"pa_kvarc-quartz","17":"pa_material-otel-inoxidabil","18":"pa_mehanizm-quartz","19":"pa_remeshok-negru","20":"pa_steklo-cristal-mineral","21":"pa_strana-italia","22":"pa_voda-5-atm","24":"first","25":"outofstock","26":"purchasable","27":"product-type-simple"},"acf":[],"_links":{"self":[{"href":"https:\/\/ceasuri.md\/ru\/wp-json\/wp\/v2\/product\/52993","targetHints":{"allow":["GET"]}}],"collection":[{"href":"https:\/\/ceasuri.md\/ru\/wp-json\/wp\/v2\/product"}],"about":[{"href":"https:\/\/ceasuri.md\/ru\/wp-json\/wp\/v2\/types\/product"}],"replies":[{"embeddable":true,"href":"https:\/\/ceasuri.md\/ru\/wp-json\/wp\/v2\/comments?post=52993"}],"wp:featuredmedia":[{"embeddable":true,"href":"https:\/\/ceasuri.md\/ru\/wp-json\/wp\/v2\/media\/52994"}],"wp:attachment":[{"href":"https:\/\/ceasuri.md\/ru\/wp-json\/wp\/v2\/media?parent=52993"}],"wp:term":[{"taxonomy":"product_brand","embeddable":true,"href":"https:\/\/ceasuri.md\/ru\/wp-json\/wp\/v2\/product_brand?post=52993"},{"taxonomy":"product_cat","embeddable":true,"href":"https:\/\/ceasuri.md\/ru\/wp-json\/wp\/v2\/product_cat?post=52993"},{"taxonomy":"product_tag","embeddable":true,"href":"https:\/\/ceasuri.md\/ru\/wp-json\/wp\/v2\/product_tag?post=52993"}],"curies":[{"name":"wp","href":"https:\/\/api.w.org\/{rel}","templated":true}]}}