{"id":52988,"date":"2026-04-02T23:56:07","date_gmt":"2026-04-02T20:56:07","guid":{"rendered":"http:\/\/new.ceasuri.md\/shop\/uncategorized\/diesel-griffed-dz4578\/"},"modified":"2026-04-07T04:43:31","modified_gmt":"2026-04-07T01:43:31","slug":"diesel-griffed-dz4578","status":"publish","type":"product","link":"https:\/\/ceasuri.md\/ru\/shop\/branduri\/diesel\/diesel-griffed-dz4578\/","title":{"rendered":"Ceas DIESEL GRIFFED DZ4578"},"content":{"rendered":"<p>Stilul surprinz\u0103tor \u0219i masculin al acestui cronograf transmite ritmul vie\u021bii moderne.<\/p>\n<p>Ceasuri masculine spectaculoase Griffed. Ceas cronograf cu cronometru.<\/p>\n<p>Carcasa masiv\u0103 mat\u0103 este fabricat\u0103 din o\u021bel inoxidabil \u0219i completat\u0103 cu capace cu func\u021bii decorative \u0219i de protec\u021bie.<\/p>\n<p>Acele \u0219i marcajele sunt sub form\u0103 de linii cu acoperire luminescent\u0103. Fereastra datei se afl\u0103 \u00een pozi\u021bia ora 9.<\/p>\n<p>Capul de \u00eenf\u0103\u0219urare canelat \u0219i butoanele de control al cronografului sunt amplasate \u00een partea st\u00e2ng\u0103, ceea ce asigur\u0103 un confort sporit la purtarea pe m\u00e2na dreapt\u0103.<\/p>\n<p>Capac posterior \u00een\u0219urubat.<\/p>\n<p>Br\u0103\u021bar\u0103 fiabil\u0103 din o\u021bel cu \u00eenchiz\u0103toare pliabil\u0103.<\/p>","protected":false},"excerpt":{"rendered":"<p>Stilul surprinz\u0103tor \u0219i masculin al acestui cronograf transmite ritmul vie\u021bii moderne. Ceasuri masculine spectaculoase Griffed. Ceas cronograf cu cronometru. Carcasa masiv\u0103 mat\u0103 este fabricat\u0103 din o\u021bel inoxidabil \u0219i completat\u0103 cu capace cu func\u021bii decorative \u0219i de protec\u021bie. Acele \u0219i marcajele sunt sub form\u0103 de linii cu acoperire luminescent\u0103. Fereastra datei se afl\u0103 \u00een pozi\u021bia ora [&hellip;]<\/p>\n","protected":false},"featured_media":52989,"comment_status":"closed","ping_status":"open","template":"","meta":{"_acf_changed":false},"product_brand":[],"product_cat":[20,580],"product_tag":[],"class_list":{"0":"post-52988","1":"product","2":"type-product","3":"status-publish","4":"has-post-thumbnail","6":"product_cat-ceasuri-barbati","7":"product_cat-diesel","8":"pa_brand-diesel","9":"pa_braslet-otel-inoxidabil","10":"pa_corpus-48-mm","11":"pa_forma-rotund","12":"pa_funcii-cronograf","13":"pa_funcii-data","14":"pa_garatia-24-luni","15":"pa_korpus-negru","16":"pa_material-otel-inoxidabil","17":"pa_mehanizm-quartz","18":"pa_remeshok-negru","19":"pa_steklo-cristal-mineral","20":"pa_strana-italia","21":"pa_voda-5-atm","23":"first","24":"instock","25":"purchasable","26":"product-type-simple"},"acf":[],"_links":{"self":[{"href":"https:\/\/ceasuri.md\/ru\/wp-json\/wp\/v2\/product\/52988","targetHints":{"allow":["GET"]}}],"collection":[{"href":"https:\/\/ceasuri.md\/ru\/wp-json\/wp\/v2\/product"}],"about":[{"href":"https:\/\/ceasuri.md\/ru\/wp-json\/wp\/v2\/types\/product"}],"replies":[{"embeddable":true,"href":"https:\/\/ceasuri.md\/ru\/wp-json\/wp\/v2\/comments?post=52988"}],"wp:featuredmedia":[{"embeddable":true,"href":"https:\/\/ceasuri.md\/ru\/wp-json\/wp\/v2\/media\/52989"}],"wp:attachment":[{"href":"https:\/\/ceasuri.md\/ru\/wp-json\/wp\/v2\/media?parent=52988"}],"wp:term":[{"taxonomy":"product_brand","embeddable":true,"href":"https:\/\/ceasuri.md\/ru\/wp-json\/wp\/v2\/product_brand?post=52988"},{"taxonomy":"product_cat","embeddable":true,"href":"https:\/\/ceasuri.md\/ru\/wp-json\/wp\/v2\/product_cat?post=52988"},{"taxonomy":"product_tag","embeddable":true,"href":"https:\/\/ceasuri.md\/ru\/wp-json\/wp\/v2\/product_tag?post=52988"}],"curies":[{"name":"wp","href":"https:\/\/api.w.org\/{rel}","templated":true}]}}