{"id":52978,"date":"2026-04-02T23:56:07","date_gmt":"2026-04-02T20:56:07","guid":{"rendered":"http:\/\/new.ceasuri.md\/shop\/uncategorized\/diesel-vert-dz2198\/"},"modified":"2026-04-20T01:30:38","modified_gmt":"2026-04-19T22:30:38","slug":"diesel-vert-dz2198","status":"publish","type":"product","link":"https:\/\/ceasuri.md\/ru\/shop\/branduri\/diesel\/diesel-vert-dz2198\/","title":{"rendered":"Ceas DIESEL VERT DZ2198"},"content":{"rendered":"<p>Ceasurile Diesel sunt un adev\u0103rat accent \u00een stilul dvs., combin\u00e2nd designul \u00eendr\u0103zne\u021b \u0219i inova\u021bia. Fiecare model este creat pentru cei care apreciaz\u0103 unicitatea \u0219i sunt gata s\u0103 ias\u0103 \u00een eviden\u021b\u0103 din mul\u021bime. Impresion\u00e2nd nu numai prin func\u021bionalitate, ci \u0219i prin aspectul extravagant, aceste ceasuri sunt ideale pentru persoanele care doresc s\u0103-\u0219i afirme individualitatea.<\/p>\n<p>Ceasurile Diesel sunt mai mult dec\u00e2t un simplu accesoriu. Sunt un instrument de \u00eencredere, care v\u0103 subliniaz\u0103 stilul \u0219i caracterul, devenind o parte important\u0103 a imaginii dvs. Sunt gata s\u0103 adauge dinamism oric\u0103rei zile, accentu\u00e2nd caracterul dvs. necompromis \u0219i \u00eencrederea \u00een sine.<\/p>\n<p>Stilul intrigant \u0219i \u00eendr\u0103zne\u021b al acestui accesoriu transmite ritmul vie\u021bii moderne, ajut\u00e2ndu-v\u0103 s\u0103 cuceri\u021bi timpul pre\u021bios.<\/p>\n<p>Ceas de m\u00e2n\u0103 pentru b\u0103rba\u021bi. Indicatoare sub form\u0103 de linii. Fereastra datei se afl\u0103 \u00een pozi\u021bia ora 3. Buton de \u00eenf\u0103\u0219urare striat. Br\u0103\u021bar\u0103 cu \u00eenchiz\u0103toare pliabil\u0103.<\/p>","protected":false},"excerpt":{"rendered":"<p>Ceasurile Diesel sunt un adev\u0103rat accent \u00een stilul dvs., combin\u00e2nd designul \u00eendr\u0103zne\u021b \u0219i inova\u021bia. Fiecare model este creat pentru cei care apreciaz\u0103 unicitatea \u0219i sunt gata s\u0103 ias\u0103 \u00een eviden\u021b\u0103 din mul\u021bime. Impresion\u00e2nd nu numai prin func\u021bionalitate, ci \u0219i prin aspectul extravagant, aceste ceasuri sunt ideale pentru persoanele care doresc s\u0103-\u0219i afirme individualitatea. Ceasurile Diesel [&hellip;]<\/p>\n","protected":false},"featured_media":52979,"comment_status":"closed","ping_status":"open","template":"","meta":{"_acf_changed":false},"product_brand":[],"product_cat":[20,580],"product_tag":[],"class_list":{"0":"post-52978","1":"product","2":"type-product","3":"status-publish","4":"has-post-thumbnail","6":"product_cat-ceasuri-barbati","7":"product_cat-diesel","8":"pa_brand-diesel","9":"pa_braslet-otel-inoxidabil","10":"pa_corpus-44-mm","11":"pa_forma-rotund","12":"pa_funcii-data","13":"pa_garatia-24-luni","14":"pa_korpus-negru","15":"pa_kvarc-quartz","16":"pa_material-otel-inoxidabil","17":"pa_mehanizm-quartz","18":"pa_remeshok-negru","19":"pa_steklo-cristal-mineral","20":"pa_strana-italia","21":"pa_voda-5-atm","23":"first","24":"instock","25":"purchasable","26":"product-type-simple"},"acf":[],"_links":{"self":[{"href":"https:\/\/ceasuri.md\/ru\/wp-json\/wp\/v2\/product\/52978","targetHints":{"allow":["GET"]}}],"collection":[{"href":"https:\/\/ceasuri.md\/ru\/wp-json\/wp\/v2\/product"}],"about":[{"href":"https:\/\/ceasuri.md\/ru\/wp-json\/wp\/v2\/types\/product"}],"replies":[{"embeddable":true,"href":"https:\/\/ceasuri.md\/ru\/wp-json\/wp\/v2\/comments?post=52978"}],"wp:featuredmedia":[{"embeddable":true,"href":"https:\/\/ceasuri.md\/ru\/wp-json\/wp\/v2\/media\/52979"}],"wp:attachment":[{"href":"https:\/\/ceasuri.md\/ru\/wp-json\/wp\/v2\/media?parent=52978"}],"wp:term":[{"taxonomy":"product_brand","embeddable":true,"href":"https:\/\/ceasuri.md\/ru\/wp-json\/wp\/v2\/product_brand?post=52978"},{"taxonomy":"product_cat","embeddable":true,"href":"https:\/\/ceasuri.md\/ru\/wp-json\/wp\/v2\/product_cat?post=52978"},{"taxonomy":"product_tag","embeddable":true,"href":"https:\/\/ceasuri.md\/ru\/wp-json\/wp\/v2\/product_tag?post=52978"}],"curies":[{"name":"wp","href":"https:\/\/api.w.org\/{rel}","templated":true}]}}