{"id":52973,"date":"2026-04-02T23:56:07","date_gmt":"2026-04-02T20:56:07","guid":{"rendered":"http:\/\/new.ceasuri.md\/shop\/uncategorized\/diesel-ms9-dz2196\/"},"modified":"2026-04-15T20:37:40","modified_gmt":"2026-04-15T17:37:40","slug":"diesel-ms9-dz2196","status":"publish","type":"product","link":"https:\/\/ceasuri.md\/ru\/shop\/branduri\/diesel\/diesel-ms9-dz2196\/","title":{"rendered":"Ceas DIESEL MS9 DZ2196"},"content":{"rendered":"<p>Stilul modern \u0219i atractiv al acestui accesoriu transmite ritmul vie\u021bii contemporane, ajut\u00e2ndu-v\u0103 s\u0103 cuceri\u021bi timpul pre\u021bios.<\/p>\n<p>Ceas pentru b\u0103rba\u021bi cu carcas\u0103 rotund\u0103 din o\u021bel.<\/p>\n<p>Cadran cu marcaje sub form\u0103 de linii. Fereastr\u0103 pentru dat\u0103 \u00een pozi\u021bia ora 3.<\/p>\n<p>Br\u0103\u021bar\u0103 din o\u021bel cu \u00eenchiz\u0103toare pliabil\u0103.<\/p>","protected":false},"excerpt":{"rendered":"<p>Stilul modern \u0219i atractiv al acestui accesoriu transmite ritmul vie\u021bii contemporane, ajut\u00e2ndu-v\u0103 s\u0103 cuceri\u021bi timpul pre\u021bios. Ceas pentru b\u0103rba\u021bi cu carcas\u0103 rotund\u0103 din o\u021bel. Cadran cu marcaje sub form\u0103 de linii. Fereastr\u0103 pentru dat\u0103 \u00een pozi\u021bia ora 3. Br\u0103\u021bar\u0103 din o\u021bel cu \u00eenchiz\u0103toare pliabil\u0103.<\/p>","protected":false},"featured_media":52974,"comment_status":"closed","ping_status":"open","template":"","meta":{"_acf_changed":false},"product_brand":[],"product_cat":[20,580],"product_tag":[],"class_list":{"0":"post-52973","1":"product","2":"type-product","3":"status-publish","4":"has-post-thumbnail","6":"product_cat-ceasuri-barbati","7":"product_cat-diesel","8":"pa_brand-diesel","9":"pa_braslet-otel-inoxidabil","10":"pa_corpus-44-mm","11":"pa_forma-rotund","12":"pa_funcii-data","13":"pa_garatia-24-luni","14":"pa_korpus-argintiu","15":"pa_kvarc-quartz","16":"pa_material-otel-inoxidabil","17":"pa_mehanizm-quartz","18":"pa_remeshok-bicolor","19":"pa_steklo-cristal-mineral","20":"pa_strana-italia","21":"pa_voda-5-atm","23":"first","24":"instock","25":"purchasable","26":"product-type-simple"},"acf":[],"_links":{"self":[{"href":"https:\/\/ceasuri.md\/ru\/wp-json\/wp\/v2\/product\/52973","targetHints":{"allow":["GET"]}}],"collection":[{"href":"https:\/\/ceasuri.md\/ru\/wp-json\/wp\/v2\/product"}],"about":[{"href":"https:\/\/ceasuri.md\/ru\/wp-json\/wp\/v2\/types\/product"}],"replies":[{"embeddable":true,"href":"https:\/\/ceasuri.md\/ru\/wp-json\/wp\/v2\/comments?post=52973"}],"wp:featuredmedia":[{"embeddable":true,"href":"https:\/\/ceasuri.md\/ru\/wp-json\/wp\/v2\/media\/52974"}],"wp:attachment":[{"href":"https:\/\/ceasuri.md\/ru\/wp-json\/wp\/v2\/media?parent=52973"}],"wp:term":[{"taxonomy":"product_brand","embeddable":true,"href":"https:\/\/ceasuri.md\/ru\/wp-json\/wp\/v2\/product_brand?post=52973"},{"taxonomy":"product_cat","embeddable":true,"href":"https:\/\/ceasuri.md\/ru\/wp-json\/wp\/v2\/product_cat?post=52973"},{"taxonomy":"product_tag","embeddable":true,"href":"https:\/\/ceasuri.md\/ru\/wp-json\/wp\/v2\/product_tag?post=52973"}],"curies":[{"name":"wp","href":"https:\/\/api.w.org\/{rel}","templated":true}]}}