{"id":52963,"date":"2026-04-02T23:55:18","date_gmt":"2026-04-02T20:55:18","guid":{"rendered":"http:\/\/new.ceasuri.md\/shop\/uncategorized\/diesel-vert-dz2185\/"},"modified":"2026-04-07T04:43:27","modified_gmt":"2026-04-07T01:43:27","slug":"diesel-vert-dz2185","status":"publish","type":"product","link":"https:\/\/ceasuri.md\/ru\/shop\/branduri\/diesel\/diesel-vert-dz2185\/","title":{"rendered":"Ceas DIESEL VERT DZ2185"},"content":{"rendered":"<p>Ceasurile Diesel sunt un adev\u0103rat accent \u00een stilul dvs., combin\u00e2nd designul \u00eendr\u0103zne\u021b \u0219i inova\u021bia. Fiecare model este creat pentru cei care apreciaz\u0103 unicitatea \u0219i sunt gata s\u0103 ias\u0103 \u00een eviden\u021b\u0103 din mul\u021bime. Impresion\u00e2nd nu numai prin func\u021bionalitate, ci \u0219i prin aspectul extravagant, aceste ceasuri sunt ideale pentru persoanele care doresc s\u0103-\u0219i afirme individualitatea.<\/p>\n<p>Ceasurile Diesel sunt mai mult dec\u00e2t un simplu accesoriu. Sunt un instrument de \u00eencredere, care v\u0103 subliniaz\u0103 stilul \u0219i caracterul, devenind o parte important\u0103 a imaginii dvs. Sunt gata s\u0103 adauge dinamism oric\u0103rei zile, accentu\u00e2nd caracterul dvs. necompromis \u0219i \u00eencrederea \u00een sine.<\/p>\n<p>Designul original al acestor ceasuri va atrage aten\u021bia \u0219i va completa perfect imaginea dvs. Ceas cu carcas\u0103 din o\u021bel. Indicatoare sub form\u0103 de linii. Fereastr\u0103 pentru dat\u0103. Br\u0103\u021bar\u0103 din o\u021bel.<\/p>","protected":false},"excerpt":{"rendered":"<p>Ceasurile Diesel sunt un adev\u0103rat accent \u00een stilul dvs., combin\u00e2nd designul \u00eendr\u0103zne\u021b \u0219i inova\u021bia. Fiecare model este creat pentru cei care apreciaz\u0103 unicitatea \u0219i sunt gata s\u0103 ias\u0103 \u00een eviden\u021b\u0103 din mul\u021bime. Impresion\u00e2nd nu numai prin func\u021bionalitate, ci \u0219i prin aspectul extravagant, aceste ceasuri sunt ideale pentru persoanele care doresc s\u0103-\u0219i afirme individualitatea. Ceasurile Diesel [&hellip;]<\/p>\n","protected":false},"featured_media":52964,"comment_status":"closed","ping_status":"open","template":"","meta":{"_acf_changed":false},"product_brand":[],"product_cat":[20,580],"product_tag":[],"class_list":{"0":"post-52963","1":"product","2":"type-product","3":"status-publish","4":"has-post-thumbnail","6":"product_cat-ceasuri-barbati","7":"product_cat-diesel","8":"pa_brand-diesel","9":"pa_braslet-otel-inoxidabil","10":"pa_corpus-44-mm","11":"pa_forma-rotund","12":"pa_funcii-data","13":"pa_garatia-24-luni","14":"pa_korpus-argintiu","15":"pa_material-otel-inoxidabil","16":"pa_mehanizm-quartz","17":"pa_remeshok-argintiu","18":"pa_steklo-cristal-mineral","19":"pa_strana-italia","20":"pa_voda-5-atm","22":"first","23":"instock","24":"purchasable","25":"product-type-simple"},"acf":[],"_links":{"self":[{"href":"https:\/\/ceasuri.md\/ru\/wp-json\/wp\/v2\/product\/52963","targetHints":{"allow":["GET"]}}],"collection":[{"href":"https:\/\/ceasuri.md\/ru\/wp-json\/wp\/v2\/product"}],"about":[{"href":"https:\/\/ceasuri.md\/ru\/wp-json\/wp\/v2\/types\/product"}],"replies":[{"embeddable":true,"href":"https:\/\/ceasuri.md\/ru\/wp-json\/wp\/v2\/comments?post=52963"}],"wp:featuredmedia":[{"embeddable":true,"href":"https:\/\/ceasuri.md\/ru\/wp-json\/wp\/v2\/media\/52964"}],"wp:attachment":[{"href":"https:\/\/ceasuri.md\/ru\/wp-json\/wp\/v2\/media?parent=52963"}],"wp:term":[{"taxonomy":"product_brand","embeddable":true,"href":"https:\/\/ceasuri.md\/ru\/wp-json\/wp\/v2\/product_brand?post=52963"},{"taxonomy":"product_cat","embeddable":true,"href":"https:\/\/ceasuri.md\/ru\/wp-json\/wp\/v2\/product_cat?post=52963"},{"taxonomy":"product_tag","embeddable":true,"href":"https:\/\/ceasuri.md\/ru\/wp-json\/wp\/v2\/product_tag?post=52963"}],"curies":[{"name":"wp","href":"https:\/\/api.w.org\/{rel}","templated":true}]}}