{"id":52958,"date":"2026-04-02T23:55:18","date_gmt":"2026-04-02T20:55:18","guid":{"rendered":"http:\/\/new.ceasuri.md\/shop\/uncategorized\/diesel-armbar-dz1784\/"},"modified":"2026-04-15T20:37:37","modified_gmt":"2026-04-15T17:37:37","slug":"diesel-armbar-dz1784","status":"publish","type":"product","link":"https:\/\/ceasuri.md\/ru\/shop\/branduri\/diesel\/diesel-armbar-dz1784\/","title":{"rendered":"Ceas DIESEL ARMBAR DZ1784"},"content":{"rendered":"<p>Adaug\u0103 stil \u021binutei tale cu acest ceas analogic pentru b\u0103rba\u021bi de la Diesel.<\/p>\n<p>Cadranul rotund albastru este protejat de sticl\u0103 mineral\u0103.<\/p>\n<p>Cureaua din piele maro subliniaz\u0103 \u0219i mai mult stilul s\u0103u. De asemenea, este completat\u0103 de o cataram\u0103 pentru o fixare sigur\u0103 la \u00eencheietura m\u00e2inii.<\/p>","protected":false},"excerpt":{"rendered":"<p>Adaug\u0103 stil \u021binutei tale cu acest ceas analogic pentru b\u0103rba\u021bi de la Diesel. Cadranul rotund albastru este protejat de sticl\u0103 mineral\u0103. Cureaua din piele maro subliniaz\u0103 \u0219i mai mult stilul s\u0103u. De asemenea, este completat\u0103 de o cataram\u0103 pentru o fixare sigur\u0103 la \u00eencheietura m\u00e2inii.<\/p>","protected":false},"featured_media":52959,"comment_status":"closed","ping_status":"open","template":"","meta":{"_acf_changed":false},"product_brand":[],"product_cat":[20,580],"product_tag":[],"class_list":{"0":"post-52958","1":"product","2":"type-product","3":"status-publish","4":"has-post-thumbnail","6":"product_cat-ceasuri-barbati","7":"product_cat-diesel","8":"pa_brand-diesel","9":"pa_braslet-piele","10":"pa_corpus-45-mm","11":"pa_forma-rotund","12":"pa_funcii-data","13":"pa_garatia-24-luni","14":"pa_korpus-gri","15":"pa_kvarc-quartz","16":"pa_material-otel-inoxidabil","17":"pa_mehanizm-quartz","18":"pa_remeshok-maro","19":"pa_steklo-cristal-mineral","20":"pa_strana-italia","21":"pa_voda-10-atm","23":"first","24":"instock","25":"purchasable","26":"product-type-simple"},"acf":[],"_links":{"self":[{"href":"https:\/\/ceasuri.md\/ru\/wp-json\/wp\/v2\/product\/52958","targetHints":{"allow":["GET"]}}],"collection":[{"href":"https:\/\/ceasuri.md\/ru\/wp-json\/wp\/v2\/product"}],"about":[{"href":"https:\/\/ceasuri.md\/ru\/wp-json\/wp\/v2\/types\/product"}],"replies":[{"embeddable":true,"href":"https:\/\/ceasuri.md\/ru\/wp-json\/wp\/v2\/comments?post=52958"}],"wp:featuredmedia":[{"embeddable":true,"href":"https:\/\/ceasuri.md\/ru\/wp-json\/wp\/v2\/media\/52959"}],"wp:attachment":[{"href":"https:\/\/ceasuri.md\/ru\/wp-json\/wp\/v2\/media?parent=52958"}],"wp:term":[{"taxonomy":"product_brand","embeddable":true,"href":"https:\/\/ceasuri.md\/ru\/wp-json\/wp\/v2\/product_brand?post=52958"},{"taxonomy":"product_cat","embeddable":true,"href":"https:\/\/ceasuri.md\/ru\/wp-json\/wp\/v2\/product_cat?post=52958"},{"taxonomy":"product_tag","embeddable":true,"href":"https:\/\/ceasuri.md\/ru\/wp-json\/wp\/v2\/product_tag?post=52958"}],"curies":[{"name":"wp","href":"https:\/\/api.w.org\/{rel}","templated":true}]}}