{"id":52948,"date":"2024-06-20T11:06:01","date_gmt":"2024-06-20T08:06:01","guid":{"rendered":"http:\/\/new.ceasuri.md\/shop\/uncategorized\/armani-exchange-banks-ax7151set\/"},"modified":"2026-05-01T18:31:42","modified_gmt":"2026-05-01T15:31:42","slug":"armani-exchange-banks-ax7151set","status":"publish","type":"product","link":"https:\/\/ceasuri.md\/ru\/shop\/branduri\/armani-exchange\/armani-exchange-banks-ax7151set\/","title":{"rendered":"\u0427\u0430\u0441\u044b ARMANI EXCHANGE BANKS AX7151SET"},"content":{"rendered":"<p>Un accesoriu elegant &#8211; alegerea universal\u0103 pentru cei care duc o via\u021b\u0103 dinamic\u0103 \u0219i plin\u0103.<\/p>\n<p>Ceas cronograf pentru b\u0103rba\u021bi cu cronometru. Carcas\u0103 din o\u021bel.<\/p>\n<p>Cadran realizat cu tehnologia Sunray (raze de soare). Indicatoare sub form\u0103 de linii. Fereastra datei se afl\u0103 \u00eentre marcajele 4 \u0219i 5 ore.<\/p>\n<p>Br\u0103\u021bar\u0103 cu \u00eenchiz\u0103toare pliabil\u0103.<\/p>\n<p>Setul include o br\u0103\u021bar\u0103-lan\u021b din o\u021bel.<\/p>","protected":false},"excerpt":{"rendered":"<p>Un accesoriu elegant &#8211; alegerea universal\u0103 pentru cei care duc o via\u021b\u0103 dinamic\u0103 \u0219i plin\u0103. Ceas cronograf pentru b\u0103rba\u021bi cu cronometru. Carcas\u0103 din o\u021bel. Cadran realizat cu tehnologia Sunray (raze de soare). Indicatoare sub form\u0103 de linii. Fereastra datei se afl\u0103 \u00eentre marcajele 4 \u0219i 5 ore. Br\u0103\u021bar\u0103 cu \u00eenchiz\u0103toare pliabil\u0103. Setul include o br\u0103\u021bar\u0103-lan\u021b [&hellip;]<\/p>\n","protected":false},"featured_media":52949,"comment_status":"closed","ping_status":"open","template":"","meta":{"_acf_changed":false},"product_brand":[],"product_cat":[615,20],"product_tag":[],"class_list":{"0":"post-52948","1":"product","2":"type-product","3":"status-publish","4":"has-post-thumbnail","6":"product_cat-armani-exchange","7":"product_cat-ceasuri-barbati","8":"pa_brand-armani-exchange","9":"pa_braslet-otel-inoxidabil","10":"pa_corpus-44-mm","11":"pa_forma-rotund","12":"pa_funcii-cronograf","13":"pa_funcii-data","14":"pa_funcii-set-cadou","15":"pa_garatia-24-luni","16":"pa_korpus-auriu","17":"pa_kvarc-quartz","18":"pa_material-otel-inoxidabil","19":"pa_mehanizm-quartz","20":"pa_remeshok-auriu","21":"pa_steklo-cristal-mineral","22":"pa_strana-italia","23":"pa_voda-5-atm","25":"first","26":"instock","27":"purchasable","28":"product-type-simple"},"acf":[],"_links":{"self":[{"href":"https:\/\/ceasuri.md\/ru\/wp-json\/wp\/v2\/product\/52948","targetHints":{"allow":["GET"]}}],"collection":[{"href":"https:\/\/ceasuri.md\/ru\/wp-json\/wp\/v2\/product"}],"about":[{"href":"https:\/\/ceasuri.md\/ru\/wp-json\/wp\/v2\/types\/product"}],"replies":[{"embeddable":true,"href":"https:\/\/ceasuri.md\/ru\/wp-json\/wp\/v2\/comments?post=52948"}],"wp:featuredmedia":[{"embeddable":true,"href":"https:\/\/ceasuri.md\/ru\/wp-json\/wp\/v2\/media\/52949"}],"wp:attachment":[{"href":"https:\/\/ceasuri.md\/ru\/wp-json\/wp\/v2\/media?parent=52948"}],"wp:term":[{"taxonomy":"product_brand","embeddable":true,"href":"https:\/\/ceasuri.md\/ru\/wp-json\/wp\/v2\/product_brand?post=52948"},{"taxonomy":"product_cat","embeddable":true,"href":"https:\/\/ceasuri.md\/ru\/wp-json\/wp\/v2\/product_cat?post=52948"},{"taxonomy":"product_tag","embeddable":true,"href":"https:\/\/ceasuri.md\/ru\/wp-json\/wp\/v2\/product_tag?post=52948"}],"curies":[{"name":"wp","href":"https:\/\/api.w.org\/{rel}","templated":true}]}}