{"id":52939,"date":"2026-04-02T23:55:18","date_gmt":"2026-04-02T20:55:18","guid":{"rendered":"http:\/\/new.ceasuri.md\/shop\/uncategorized\/armani-exchange-lola-ax5535\/"},"modified":"2026-04-15T20:37:32","modified_gmt":"2026-04-15T17:37:32","slug":"armani-exchange-lola-ax5535","status":"publish","type":"product","link":"https:\/\/ceasuri.md\/ru\/shop\/branduri\/armani-exchange\/armani-exchange-lola-ax5535\/","title":{"rendered":"Ceas ARMANI EXCHANGE LOLA AX5535"},"content":{"rendered":"<p>Brandul Armani Exchange a reunit \u00een colec\u021biile sale accesorii potrivite pentru orice ocazie.<\/p>\n<p>Ast\u0103zi, brandul ocup\u0103 o pozi\u021bie de lider printre companiile care ofer\u0103 produse de mod\u0103 pentru tineri.<\/p>\n<p>Ceasurile Armani Exchange sunt o modalitate unic\u0103 de a-\u021bi exprima individualitatea \u00eentr-o form\u0103 elegant\u0103.<\/p>\n<p>Ceasuri ultra-sub\u021biri pentru femei. Carcas\u0103 rotund\u0103 din o\u021bel.<\/p>\n<p>Cadran cu marcaje sub form\u0103 de linii realizat cu tehnologia Sunray (raze de soare).<\/p>\n<p>Br\u0103\u021bar\u0103 din \u00eempletitur\u0103 milanez\u0103 cu \u00eenchiz\u0103toare reglabil\u0103.<\/p>","protected":false},"excerpt":{"rendered":"<p>Brandul Armani Exchange a reunit \u00een colec\u021biile sale accesorii potrivite pentru orice ocazie. Ast\u0103zi, brandul ocup\u0103 o pozi\u021bie de lider printre companiile care ofer\u0103 produse de mod\u0103 pentru tineri. Ceasurile Armani Exchange sunt o modalitate unic\u0103 de a-\u021bi exprima individualitatea \u00eentr-o form\u0103 elegant\u0103. Ceasuri ultra-sub\u021biri pentru femei. Carcas\u0103 rotund\u0103 din o\u021bel. Cadran cu marcaje sub [&hellip;]<\/p>\n","protected":false},"featured_media":52940,"comment_status":"closed","ping_status":"open","template":"","meta":{"_acf_changed":false},"product_brand":[],"product_cat":[615,25],"product_tag":[],"class_list":{"0":"post-52939","1":"product","2":"type-product","3":"status-publish","4":"has-post-thumbnail","6":"product_cat-armani-exchange","7":"product_cat-ceasuri-dama","8":"pa_brand-armani-exchange","9":"pa_braslet-otel-inoxidabil","10":"pa_corpus-36-mm","11":"pa_decor-cristale-swarowski","12":"pa_forma-rotund","13":"pa_garatia-24-luni","14":"pa_korpus-argintiu","15":"pa_kvarc-quartz","16":"pa_material-otel-inoxidabil","17":"pa_mehanizm-quartz","18":"pa_remeshok-argintiu","19":"pa_steklo-cristal-mineral","20":"pa_strana-italia","21":"pa_voda-3-atm","23":"first","24":"instock","25":"purchasable","26":"product-type-simple"},"acf":[],"_links":{"self":[{"href":"https:\/\/ceasuri.md\/ru\/wp-json\/wp\/v2\/product\/52939","targetHints":{"allow":["GET"]}}],"collection":[{"href":"https:\/\/ceasuri.md\/ru\/wp-json\/wp\/v2\/product"}],"about":[{"href":"https:\/\/ceasuri.md\/ru\/wp-json\/wp\/v2\/types\/product"}],"replies":[{"embeddable":true,"href":"https:\/\/ceasuri.md\/ru\/wp-json\/wp\/v2\/comments?post=52939"}],"wp:featuredmedia":[{"embeddable":true,"href":"https:\/\/ceasuri.md\/ru\/wp-json\/wp\/v2\/media\/52940"}],"wp:attachment":[{"href":"https:\/\/ceasuri.md\/ru\/wp-json\/wp\/v2\/media?parent=52939"}],"wp:term":[{"taxonomy":"product_brand","embeddable":true,"href":"https:\/\/ceasuri.md\/ru\/wp-json\/wp\/v2\/product_brand?post=52939"},{"taxonomy":"product_cat","embeddable":true,"href":"https:\/\/ceasuri.md\/ru\/wp-json\/wp\/v2\/product_cat?post=52939"},{"taxonomy":"product_tag","embeddable":true,"href":"https:\/\/ceasuri.md\/ru\/wp-json\/wp\/v2\/product_tag?post=52939"}],"curies":[{"name":"wp","href":"https:\/\/api.w.org\/{rel}","templated":true}]}}