{"id":52916,"date":"2026-04-02T23:55:18","date_gmt":"2026-04-02T20:55:18","guid":{"rendered":"http:\/\/new.ceasuri.md\/shop\/uncategorized\/armani-exchange-hampton-ax2429\/"},"modified":"2026-04-20T01:30:10","modified_gmt":"2026-04-19T22:30:10","slug":"armani-exchange-hampton-ax2429","status":"publish","type":"product","link":"https:\/\/ceasuri.md\/ru\/shop\/branduri\/armani-exchange\/armani-exchange-hampton-ax2429\/","title":{"rendered":"\u0427\u0430\u0441\u044b ARMANI EXCHANGE HAMPTON AX2429"},"content":{"rendered":"<p>Cronograful elegant cu br\u0103\u021bar\u0103 din o\u021bel va deveni un accesoriu indispensabil pentru look-ul t\u0103u impecabil.<\/p>\n<p>Ceas cronograf cu cronometru \u0219i tahimetru. Indicatoare sub form\u0103 de linii.<\/p>\n<p>Coroan\u0103 de \u00eenf\u0103\u0219urare cu protec\u021bie.<\/p>\n<p>Br\u0103\u021bar\u0103 cu \u00eenchiz\u0103toare pliabil\u0103.<\/p>","protected":false},"excerpt":{"rendered":"<p>Cronograful elegant cu br\u0103\u021bar\u0103 din o\u021bel va deveni un accesoriu indispensabil pentru look-ul t\u0103u impecabil. Ceas cronograf cu cronometru \u0219i tahimetru. Indicatoare sub form\u0103 de linii. Coroan\u0103 de \u00eenf\u0103\u0219urare cu protec\u021bie. Br\u0103\u021bar\u0103 cu \u00eenchiz\u0103toare pliabil\u0103.<\/p>","protected":false},"featured_media":52917,"comment_status":"closed","ping_status":"open","template":"","meta":{"_acf_changed":false},"product_brand":[],"product_cat":[615,20],"product_tag":[],"class_list":{"0":"post-52916","1":"product","2":"type-product","3":"status-publish","4":"has-post-thumbnail","6":"product_cat-armani-exchange","7":"product_cat-ceasuri-barbati","8":"pa_brand-armani-exchange","9":"pa_braslet-otel-inoxidabil","10":"pa_corpus-46-mm","11":"pa_forma-rotund","12":"pa_funcii-cronograf","13":"pa_funcii-tahimetru","14":"pa_garatia-24-luni","15":"pa_korpus-negru","16":"pa_kvarc-quartz","17":"pa_material-otel-inoxidabil","18":"pa_mehanizm-quartz","19":"pa_remeshok-negru","20":"pa_steklo-cristal-mineral","21":"pa_strana-italia","22":"pa_voda-5-atm","24":"first","25":"instock","26":"purchasable","27":"product-type-simple"},"acf":[],"_links":{"self":[{"href":"https:\/\/ceasuri.md\/ru\/wp-json\/wp\/v2\/product\/52916","targetHints":{"allow":["GET"]}}],"collection":[{"href":"https:\/\/ceasuri.md\/ru\/wp-json\/wp\/v2\/product"}],"about":[{"href":"https:\/\/ceasuri.md\/ru\/wp-json\/wp\/v2\/types\/product"}],"replies":[{"embeddable":true,"href":"https:\/\/ceasuri.md\/ru\/wp-json\/wp\/v2\/comments?post=52916"}],"wp:featuredmedia":[{"embeddable":true,"href":"https:\/\/ceasuri.md\/ru\/wp-json\/wp\/v2\/media\/52917"}],"wp:attachment":[{"href":"https:\/\/ceasuri.md\/ru\/wp-json\/wp\/v2\/media?parent=52916"}],"wp:term":[{"taxonomy":"product_brand","embeddable":true,"href":"https:\/\/ceasuri.md\/ru\/wp-json\/wp\/v2\/product_brand?post=52916"},{"taxonomy":"product_cat","embeddable":true,"href":"https:\/\/ceasuri.md\/ru\/wp-json\/wp\/v2\/product_cat?post=52916"},{"taxonomy":"product_tag","embeddable":true,"href":"https:\/\/ceasuri.md\/ru\/wp-json\/wp\/v2\/product_tag?post=52916"}],"curies":[{"name":"wp","href":"https:\/\/api.w.org\/{rel}","templated":true}]}}