{"id":52911,"date":"2026-04-02T23:55:18","date_gmt":"2026-04-02T20:55:18","guid":{"rendered":"http:\/\/new.ceasuri.md\/shop\/uncategorized\/armani-exchange-hampton-ax2133\/"},"modified":"2026-04-07T04:43:19","modified_gmt":"2026-04-07T01:43:19","slug":"armani-exchange-hampton-ax2133","status":"publish","type":"product","link":"https:\/\/ceasuri.md\/ru\/shop\/branduri\/armani-exchange\/armani-exchange-hampton-ax2133\/","title":{"rendered":"Ceas ARMANI EXCHANGE HAMPTON AX2133"},"content":{"rendered":"<p>Acest accesoriu masculin elegant va deveni un detaliu unic al imaginii tale moderne.<\/p>\n<p>Carcas\u0103 rotund\u0103 din o\u021bel.<\/p>\n<p>Cadran guilloch\u00e9 cu marcaje sub form\u0103 de linii. Fereastra datei se afl\u0103 \u00een pozi\u021bia ora 3.<\/p>\n<p>Curea din piele cu cataram\u0103 clasic\u0103.<\/p>","protected":false},"excerpt":{"rendered":"<p>Acest accesoriu masculin elegant va deveni un detaliu unic al imaginii tale moderne. Carcas\u0103 rotund\u0103 din o\u021bel. Cadran guilloch\u00e9 cu marcaje sub form\u0103 de linii. Fereastra datei se afl\u0103 \u00een pozi\u021bia ora 3. Curea din piele cu cataram\u0103 clasic\u0103.<\/p>","protected":false},"featured_media":52912,"comment_status":"closed","ping_status":"open","template":"","meta":{"_acf_changed":false},"product_brand":[],"product_cat":[615,20],"product_tag":[],"class_list":{"0":"post-52911","1":"product","2":"type-product","3":"status-publish","4":"has-post-thumbnail","6":"product_cat-armani-exchange","7":"product_cat-ceasuri-barbati","8":"pa_brand-armani-exchange","9":"pa_braslet-piele","10":"pa_corpus-46-mm","11":"pa_forma-rotund","12":"pa_funcii-data","13":"pa_garatia-24-luni","14":"pa_korpus-argintiu","15":"pa_material-otel-inoxidabil","16":"pa_mehanizm-quartz","17":"pa_remeshok-maro","18":"pa_steklo-cristal-mineral","19":"pa_strana-italia","20":"pa_voda-5-atm","22":"first","23":"instock","24":"purchasable","25":"product-type-simple"},"acf":[],"_links":{"self":[{"href":"https:\/\/ceasuri.md\/ru\/wp-json\/wp\/v2\/product\/52911","targetHints":{"allow":["GET"]}}],"collection":[{"href":"https:\/\/ceasuri.md\/ru\/wp-json\/wp\/v2\/product"}],"about":[{"href":"https:\/\/ceasuri.md\/ru\/wp-json\/wp\/v2\/types\/product"}],"replies":[{"embeddable":true,"href":"https:\/\/ceasuri.md\/ru\/wp-json\/wp\/v2\/comments?post=52911"}],"wp:featuredmedia":[{"embeddable":true,"href":"https:\/\/ceasuri.md\/ru\/wp-json\/wp\/v2\/media\/52912"}],"wp:attachment":[{"href":"https:\/\/ceasuri.md\/ru\/wp-json\/wp\/v2\/media?parent=52911"}],"wp:term":[{"taxonomy":"product_brand","embeddable":true,"href":"https:\/\/ceasuri.md\/ru\/wp-json\/wp\/v2\/product_brand?post=52911"},{"taxonomy":"product_cat","embeddable":true,"href":"https:\/\/ceasuri.md\/ru\/wp-json\/wp\/v2\/product_cat?post=52911"},{"taxonomy":"product_tag","embeddable":true,"href":"https:\/\/ceasuri.md\/ru\/wp-json\/wp\/v2\/product_tag?post=52911"}],"curies":[{"name":"wp","href":"https:\/\/api.w.org\/{rel}","templated":true}]}}