{"id":52906,"date":"2026-04-02T23:55:18","date_gmt":"2026-04-02T20:55:18","guid":{"rendered":"http:\/\/new.ceasuri.md\/shop\/uncategorized\/armani-exchange-hampton-ax2104\/"},"modified":"2026-04-21T10:18:13","modified_gmt":"2026-04-21T07:18:13","slug":"armani-exchange-hampton-ax2104","status":"publish","type":"product","link":"https:\/\/ceasuri.md\/ru\/shop\/branduri\/armani-exchange\/armani-exchange-hampton-ax2104\/","title":{"rendered":"\u0427\u0430\u0441\u044b ARMANI EXCHANGE HAMPTON AX2104"},"content":{"rendered":"<p>Acest accesoriu masculin elegant va deveni un detaliu unic al look-ului t\u0103u modern.<\/p>\n<p>Carcas\u0103 rotund\u0103 din o\u021bel cu acoperire IP neagr\u0103.<\/p>\n<p>Cadran texturat cu marcaje sub form\u0103 de linii \u0219i scal\u0103 minut\u0103 protejat cu sticl\u0103 mineral\u0103. Fereastra datei se afl\u0103 \u00een pozi\u021bia ora 3.<\/p>\n<p>Capac posterior \u00een\u0219urubat.<\/p>\n<p>Br\u0103\u021bar\u0103 fiabil\u0103 din o\u021bel cu acoperire IP neagr\u0103 \u0219i \u00eenchiz\u0103toare pliabil\u0103.<\/p>","protected":false},"excerpt":{"rendered":"<p>Acest accesoriu masculin elegant va deveni un detaliu unic al look-ului t\u0103u modern. Carcas\u0103 rotund\u0103 din o\u021bel cu acoperire IP neagr\u0103. Cadran texturat cu marcaje sub form\u0103 de linii \u0219i scal\u0103 minut\u0103 protejat cu sticl\u0103 mineral\u0103. Fereastra datei se afl\u0103 \u00een pozi\u021bia ora 3. Capac posterior \u00een\u0219urubat. Br\u0103\u021bar\u0103 fiabil\u0103 din o\u021bel cu acoperire IP neagr\u0103 [&hellip;]<\/p>\n","protected":false},"featured_media":52907,"comment_status":"closed","ping_status":"open","template":"","meta":{"_acf_changed":false},"product_brand":[],"product_cat":[615,20],"product_tag":[],"class_list":{"0":"post-52906","1":"product","2":"type-product","3":"status-publish","4":"has-post-thumbnail","6":"product_cat-armani-exchange","7":"product_cat-ceasuri-barbati","8":"pa_brand-armani-exchange","9":"pa_braslet-otel-inoxidabil","10":"pa_corpus-46-mm","11":"pa_forma-rotund","12":"pa_funcii-data","13":"pa_funcii-total-black","14":"pa_garatia-24-luni","15":"pa_korpus-negru","16":"pa_kvarc-quartz","17":"pa_material-otel-inoxidabil","18":"pa_mehanizm-quartz","19":"pa_remeshok-negru","20":"pa_steklo-cristal-mineral","21":"pa_strana-italia","22":"pa_voda-5-atm","24":"first","25":"instock","26":"purchasable","27":"product-type-simple"},"acf":[],"_links":{"self":[{"href":"https:\/\/ceasuri.md\/ru\/wp-json\/wp\/v2\/product\/52906","targetHints":{"allow":["GET"]}}],"collection":[{"href":"https:\/\/ceasuri.md\/ru\/wp-json\/wp\/v2\/product"}],"about":[{"href":"https:\/\/ceasuri.md\/ru\/wp-json\/wp\/v2\/types\/product"}],"replies":[{"embeddable":true,"href":"https:\/\/ceasuri.md\/ru\/wp-json\/wp\/v2\/comments?post=52906"}],"wp:featuredmedia":[{"embeddable":true,"href":"https:\/\/ceasuri.md\/ru\/wp-json\/wp\/v2\/media\/52907"}],"wp:attachment":[{"href":"https:\/\/ceasuri.md\/ru\/wp-json\/wp\/v2\/media?parent=52906"}],"wp:term":[{"taxonomy":"product_brand","embeddable":true,"href":"https:\/\/ceasuri.md\/ru\/wp-json\/wp\/v2\/product_brand?post=52906"},{"taxonomy":"product_cat","embeddable":true,"href":"https:\/\/ceasuri.md\/ru\/wp-json\/wp\/v2\/product_cat?post=52906"},{"taxonomy":"product_tag","embeddable":true,"href":"https:\/\/ceasuri.md\/ru\/wp-json\/wp\/v2\/product_tag?post=52906"}],"curies":[{"name":"wp","href":"https:\/\/api.w.org\/{rel}","templated":true}]}}