{"id":52891,"date":"2026-04-02T23:55:18","date_gmt":"2026-04-02T20:55:18","guid":{"rendered":"http:\/\/new.ceasuri.md\/shop\/uncategorized\/armani-exchange-dante-ax1882\/"},"modified":"2026-04-17T14:38:33","modified_gmt":"2026-04-17T11:38:33","slug":"armani-exchange-dante-ax1882","status":"publish","type":"product","link":"https:\/\/ceasuri.md\/ru\/shop\/branduri\/armani-exchange\/armani-exchange-dante-ax1882\/","title":{"rendered":"Ceas ARMANI EXCHANGE DANTE AX1882"},"content":{"rendered":"<p>Acest ceas elegant va ad\u0103uga un plus de masculinitate \u021binutei tale impecabile.<\/p>\n<p>Ceas pentru b\u0103rba\u021bi cu carcas\u0103 rotund\u0103 din o\u021bel. Format de afi\u0219are a orei 12 \u0219i 24.<\/p>\n<p>Cadran cu marcaje sub form\u0103 de linii. Indicatorii de dat\u0103 \u0219i zi a s\u0103pt\u0103m\u00e2nii sunt afi\u0219a\u021bi pe cadrane separate.<\/p>\n<p>Br\u0103\u021bar\u0103 cu \u00eenchiz\u0103toare pliabil\u0103.<\/p>","protected":false},"excerpt":{"rendered":"<p>Acest ceas elegant va ad\u0103uga un plus de masculinitate \u021binutei tale impecabile. Ceas pentru b\u0103rba\u021bi cu carcas\u0103 rotund\u0103 din o\u021bel. Format de afi\u0219are a orei 12 \u0219i 24. Cadran cu marcaje sub form\u0103 de linii. Indicatorii de dat\u0103 \u0219i zi a s\u0103pt\u0103m\u00e2nii sunt afi\u0219a\u021bi pe cadrane separate. Br\u0103\u021bar\u0103 cu \u00eenchiz\u0103toare pliabil\u0103.<\/p>","protected":false},"featured_media":52892,"comment_status":"closed","ping_status":"open","template":"","meta":{"_acf_changed":false},"product_brand":[],"product_cat":[615,20],"product_tag":[],"class_list":{"0":"post-52891","1":"product","2":"type-product","3":"status-publish","4":"has-post-thumbnail","6":"product_cat-armani-exchange","7":"product_cat-ceasuri-barbati","8":"pa_brand-armani-exchange","9":"pa_braslet-otel-inoxidabil","10":"pa_corpus-42-mm","11":"pa_forma-rotund","12":"pa_funcii-data","13":"pa_funcii-ziua-saptamanii","14":"pa_garatia-24-luni","15":"pa_korpus-argintiu","16":"pa_korpus-roz-gold","17":"pa_kvarc-quartz","18":"pa_material-otel-inoxidabil","19":"pa_mehanizm-quartz","20":"pa_remeshok-argintiu","21":"pa_remeshok-roz-gold","22":"pa_steklo-cristal-mineral","23":"pa_strana-italia","24":"pa_voda-5-atm","26":"first","27":"instock","28":"purchasable","29":"product-type-simple"},"acf":[],"_links":{"self":[{"href":"https:\/\/ceasuri.md\/ru\/wp-json\/wp\/v2\/product\/52891","targetHints":{"allow":["GET"]}}],"collection":[{"href":"https:\/\/ceasuri.md\/ru\/wp-json\/wp\/v2\/product"}],"about":[{"href":"https:\/\/ceasuri.md\/ru\/wp-json\/wp\/v2\/types\/product"}],"replies":[{"embeddable":true,"href":"https:\/\/ceasuri.md\/ru\/wp-json\/wp\/v2\/comments?post=52891"}],"wp:featuredmedia":[{"embeddable":true,"href":"https:\/\/ceasuri.md\/ru\/wp-json\/wp\/v2\/media\/52892"}],"wp:attachment":[{"href":"https:\/\/ceasuri.md\/ru\/wp-json\/wp\/v2\/media?parent=52891"}],"wp:term":[{"taxonomy":"product_brand","embeddable":true,"href":"https:\/\/ceasuri.md\/ru\/wp-json\/wp\/v2\/product_brand?post=52891"},{"taxonomy":"product_cat","embeddable":true,"href":"https:\/\/ceasuri.md\/ru\/wp-json\/wp\/v2\/product_cat?post=52891"},{"taxonomy":"product_tag","embeddable":true,"href":"https:\/\/ceasuri.md\/ru\/wp-json\/wp\/v2\/product_tag?post=52891"}],"curies":[{"name":"wp","href":"https:\/\/api.w.org\/{rel}","templated":true}]}}