{"id":52887,"date":"2026-04-02T23:55:18","date_gmt":"2026-04-02T20:55:18","guid":{"rendered":"http:\/\/new.ceasuri.md\/shop\/uncategorized\/armani-exchange-dante-ax1880\/"},"modified":"2026-04-07T04:43:15","modified_gmt":"2026-04-07T01:43:15","slug":"armani-exchange-dante-ax1880","status":"publish","type":"product","link":"https:\/\/ceasuri.md\/ru\/shop\/branduri\/armani-exchange\/armani-exchange-dante-ax1880\/","title":{"rendered":"Ceas ARMANI EXCHANGE DANTE AX1880"},"content":{"rendered":"<p>Ceas pentru b\u0103rba\u021bi Armani Exchange din colec\u021bia Dante.<\/p>\n<p>Ceas din o\u021bel inoxidabil cu un finisaj satinat de culoare gunmetal \u0219i o grosime de 8 MM.<\/p>\n<p>Ceasul are o curea din o\u021bel inoxidabil de culoare gunmetal cu \u00eenchidere deployant\u0103 \u0219i o distan\u021b\u0103 \u00eentre cotiere de 20 MM.<\/p>\n<p>Mi\u0219carea este quartz multifunc\u021bional\u0103 \u0219i are o rezisten\u021b\u0103 la ap\u0103 de p\u00e2n\u0103 la 5 ATM.<\/p>","protected":false},"excerpt":{"rendered":"<p>Ceas pentru b\u0103rba\u021bi Armani Exchange din colec\u021bia Dante. Ceas din o\u021bel inoxidabil cu un finisaj satinat de culoare gunmetal \u0219i o grosime de 8 MM. Ceasul are o curea din o\u021bel inoxidabil de culoare gunmetal cu \u00eenchidere deployant\u0103 \u0219i o distan\u021b\u0103 \u00eentre cotiere de 20 MM. Mi\u0219carea este quartz multifunc\u021bional\u0103 \u0219i are o rezisten\u021b\u0103 la [&hellip;]<\/p>\n","protected":false},"featured_media":52888,"comment_status":"closed","ping_status":"open","template":"","meta":{"_acf_changed":false},"product_brand":[],"product_cat":[615,20],"product_tag":[],"class_list":{"0":"post-52887","1":"product","2":"type-product","3":"status-publish","4":"has-post-thumbnail","6":"product_cat-armani-exchange","7":"product_cat-ceasuri-barbati","8":"pa_brand-armani-exchange","9":"pa_braslet-otel-inoxidabil","10":"pa_corpus-42-mm","11":"pa_forma-rotund","12":"pa_funcii-data","13":"pa_funcii-ziua-saptamanii","14":"pa_garatia-24-luni","15":"pa_korpus-gri","16":"pa_material-otel-inoxidabil","17":"pa_mehanizm-quartz","18":"pa_remeshok-gri","19":"pa_steklo-cristal-mineral","20":"pa_strana-italia","21":"pa_voda-5-atm","23":"first","24":"instock","25":"purchasable","26":"product-type-simple"},"acf":[],"_links":{"self":[{"href":"https:\/\/ceasuri.md\/ru\/wp-json\/wp\/v2\/product\/52887","targetHints":{"allow":["GET"]}}],"collection":[{"href":"https:\/\/ceasuri.md\/ru\/wp-json\/wp\/v2\/product"}],"about":[{"href":"https:\/\/ceasuri.md\/ru\/wp-json\/wp\/v2\/types\/product"}],"replies":[{"embeddable":true,"href":"https:\/\/ceasuri.md\/ru\/wp-json\/wp\/v2\/comments?post=52887"}],"wp:featuredmedia":[{"embeddable":true,"href":"https:\/\/ceasuri.md\/ru\/wp-json\/wp\/v2\/media\/52888"}],"wp:attachment":[{"href":"https:\/\/ceasuri.md\/ru\/wp-json\/wp\/v2\/media?parent=52887"}],"wp:term":[{"taxonomy":"product_brand","embeddable":true,"href":"https:\/\/ceasuri.md\/ru\/wp-json\/wp\/v2\/product_brand?post=52887"},{"taxonomy":"product_cat","embeddable":true,"href":"https:\/\/ceasuri.md\/ru\/wp-json\/wp\/v2\/product_cat?post=52887"},{"taxonomy":"product_tag","embeddable":true,"href":"https:\/\/ceasuri.md\/ru\/wp-json\/wp\/v2\/product_tag?post=52887"}],"curies":[{"name":"wp","href":"https:\/\/api.w.org\/{rel}","templated":true}]}}