{"id":52877,"date":"2026-04-02T23:55:18","date_gmt":"2026-04-02T20:55:18","guid":{"rendered":"http:\/\/new.ceasuri.md\/shop\/uncategorized\/armani-exchange-dante-ax1876\/"},"modified":"2026-04-07T04:43:14","modified_gmt":"2026-04-07T01:43:14","slug":"armani-exchange-dante-ax1876","status":"publish","type":"product","link":"https:\/\/ceasuri.md\/ru\/shop\/branduri\/armani-exchange\/armani-exchange-dante-ax1876\/","title":{"rendered":"Ceas ARMANI EXCHANGE DANTE AX1876"},"content":{"rendered":"<p>Acest accesoriu elegant este indispensabil pentru a crea un look elegant \u0219i modern.<\/p>\n<p>Ceas pentru b\u0103rba\u021bi cu o carcas\u0103 rotund\u0103 din o\u021bel. Format de timp de 12 \u0219i 24 de ore. Ora \u00een format de 24 de ore, data \u0219i ziua s\u0103pt\u0103m\u00e2nii se afl\u0103 pe cadrane separate.<\/p>\n<p>Mi\u0219carea este vizibil\u0103 printr-o fereastr\u0103 de pe cadran.<\/p>\n<p>Curea din piele cu cataram\u0103 clasic\u0103.<\/p>","protected":false},"excerpt":{"rendered":"<p>Acest accesoriu elegant este indispensabil pentru a crea un look elegant \u0219i modern. Ceas pentru b\u0103rba\u021bi cu o carcas\u0103 rotund\u0103 din o\u021bel. Format de timp de 12 \u0219i 24 de ore. Ora \u00een format de 24 de ore, data \u0219i ziua s\u0103pt\u0103m\u00e2nii se afl\u0103 pe cadrane separate. Mi\u0219carea este vizibil\u0103 printr-o fereastr\u0103 de pe cadran. [&hellip;]<\/p>\n","protected":false},"featured_media":52878,"comment_status":"closed","ping_status":"open","template":"","meta":{"_acf_changed":false},"product_brand":[],"product_cat":[615,20],"product_tag":[],"class_list":{"0":"post-52877","1":"product","2":"type-product","3":"status-publish","4":"has-post-thumbnail","6":"product_cat-armani-exchange","7":"product_cat-ceasuri-barbati","8":"pa_brand-armani-exchange","9":"pa_braslet-piele","10":"pa_corpus-42-mm","11":"pa_forma-rotund","12":"pa_funcii-data","13":"pa_funcii-ziua-saptamanii","14":"pa_garatia-24-luni","15":"pa_korpus-auriu","16":"pa_material-otel-inoxidabil","17":"pa_mehanizm-quartz","18":"pa_remeshok-negru","19":"pa_steklo-cristal-mineral","20":"pa_strana-italia","21":"pa_voda-5-atm","23":"first","24":"instock","25":"purchasable","26":"product-type-simple"},"acf":[],"_links":{"self":[{"href":"https:\/\/ceasuri.md\/ru\/wp-json\/wp\/v2\/product\/52877","targetHints":{"allow":["GET"]}}],"collection":[{"href":"https:\/\/ceasuri.md\/ru\/wp-json\/wp\/v2\/product"}],"about":[{"href":"https:\/\/ceasuri.md\/ru\/wp-json\/wp\/v2\/types\/product"}],"replies":[{"embeddable":true,"href":"https:\/\/ceasuri.md\/ru\/wp-json\/wp\/v2\/comments?post=52877"}],"wp:featuredmedia":[{"embeddable":true,"href":"https:\/\/ceasuri.md\/ru\/wp-json\/wp\/v2\/media\/52878"}],"wp:attachment":[{"href":"https:\/\/ceasuri.md\/ru\/wp-json\/wp\/v2\/media?parent=52877"}],"wp:term":[{"taxonomy":"product_brand","embeddable":true,"href":"https:\/\/ceasuri.md\/ru\/wp-json\/wp\/v2\/product_brand?post=52877"},{"taxonomy":"product_cat","embeddable":true,"href":"https:\/\/ceasuri.md\/ru\/wp-json\/wp\/v2\/product_cat?post=52877"},{"taxonomy":"product_tag","embeddable":true,"href":"https:\/\/ceasuri.md\/ru\/wp-json\/wp\/v2\/product_tag?post=52877"}],"curies":[{"name":"wp","href":"https:\/\/api.w.org\/{rel}","templated":true}]}}