{"id":52859,"date":"2026-04-02T23:54:32","date_gmt":"2026-04-02T20:54:32","guid":{"rendered":"http:\/\/new.ceasuri.md\/shop\/uncategorized\/armani-exchange-dante-ax1870\/"},"modified":"2026-04-07T04:43:11","modified_gmt":"2026-04-07T01:43:11","slug":"armani-exchange-dante-ax1870","status":"publish","type":"product","link":"https:\/\/ceasuri.md\/ru\/shop\/branduri\/armani-exchange\/armani-exchange-dante-ax1870\/","title":{"rendered":"Ceas ARMANI EXCHANGE DANTE AX1870"},"content":{"rendered":"<p>Acest accesoriu va ad\u0103uga masculinitate look-ului dvs. impecabil.<\/p>\n<p>Ceasuri pentru b\u0103rba\u021bi cu carcas\u0103 rotund\u0103 din o\u021bel.<\/p>\n<p>Format de afi\u0219are a orei 12 \u0219i 24. Cadranul este realizat cu tehnologia Sunray.<\/p>\n<p>Data, zilele s\u0103pt\u0103m\u00e2nii \u0219i scala de 24 de ore pe cadrane separate.<\/p>\n<p>Br\u0103\u021bar\u0103 cu \u00eenchiz\u0103toare pliabil\u0103.<\/p>","protected":false},"excerpt":{"rendered":"<p>Acest accesoriu va ad\u0103uga masculinitate look-ului dvs. impecabil. Ceasuri pentru b\u0103rba\u021bi cu carcas\u0103 rotund\u0103 din o\u021bel. Format de afi\u0219are a orei 12 \u0219i 24. Cadranul este realizat cu tehnologia Sunray. Data, zilele s\u0103pt\u0103m\u00e2nii \u0219i scala de 24 de ore pe cadrane separate. Br\u0103\u021bar\u0103 cu \u00eenchiz\u0103toare pliabil\u0103.<\/p>","protected":false},"featured_media":52860,"comment_status":"closed","ping_status":"open","template":"","meta":{"_acf_changed":false},"product_brand":[],"product_cat":[615,20],"product_tag":[],"class_list":{"0":"post-52859","1":"product","2":"type-product","3":"status-publish","4":"has-post-thumbnail","6":"product_cat-armani-exchange","7":"product_cat-ceasuri-barbati","8":"pa_brand-armani-exchange","9":"pa_braslet-otel-inoxidabil","10":"pa_corpus-42-mm","11":"pa_forma-rotund","12":"pa_funcii-data","13":"pa_funcii-ziua-saptamanii","14":"pa_garatia-24-luni","15":"pa_korpus-bicolor","16":"pa_material-otel-inoxidabil","17":"pa_mehanizm-quartz","18":"pa_remeshok-argintiu","19":"pa_steklo-cristal-mineral","20":"pa_strana-italia","21":"pa_voda-3-atm","23":"first","24":"instock","25":"purchasable","26":"product-type-simple"},"acf":[],"_links":{"self":[{"href":"https:\/\/ceasuri.md\/ru\/wp-json\/wp\/v2\/product\/52859","targetHints":{"allow":["GET"]}}],"collection":[{"href":"https:\/\/ceasuri.md\/ru\/wp-json\/wp\/v2\/product"}],"about":[{"href":"https:\/\/ceasuri.md\/ru\/wp-json\/wp\/v2\/types\/product"}],"replies":[{"embeddable":true,"href":"https:\/\/ceasuri.md\/ru\/wp-json\/wp\/v2\/comments?post=52859"}],"wp:featuredmedia":[{"embeddable":true,"href":"https:\/\/ceasuri.md\/ru\/wp-json\/wp\/v2\/media\/52860"}],"wp:attachment":[{"href":"https:\/\/ceasuri.md\/ru\/wp-json\/wp\/v2\/media?parent=52859"}],"wp:term":[{"taxonomy":"product_brand","embeddable":true,"href":"https:\/\/ceasuri.md\/ru\/wp-json\/wp\/v2\/product_brand?post=52859"},{"taxonomy":"product_cat","embeddable":true,"href":"https:\/\/ceasuri.md\/ru\/wp-json\/wp\/v2\/product_cat?post=52859"},{"taxonomy":"product_tag","embeddable":true,"href":"https:\/\/ceasuri.md\/ru\/wp-json\/wp\/v2\/product_tag?post=52859"}],"curies":[{"name":"wp","href":"https:\/\/api.w.org\/{rel}","templated":true}]}}