{"id":52855,"date":"2026-04-02T23:54:32","date_gmt":"2026-04-02T20:54:32","guid":{"rendered":"http:\/\/new.ceasuri.md\/shop\/uncategorized\/emporio-armani-luigi-ar1917\/"},"modified":"2026-04-20T01:29:58","modified_gmt":"2026-04-19T22:29:58","slug":"emporio-armani-luigi-ar1917","status":"publish","type":"product","link":"https:\/\/ceasuri.md\/ru\/shop\/branduri\/emporio-armani\/emporio-armani-luigi-ar1917\/","title":{"rendered":"\u0427\u0430\u0441\u044b EMPORIO ARMANI LUIGI AR1917"},"content":{"rendered":"<p>Ceasurile pentru b\u0103rba\u021bi Emporio Armani Luigi sunt o \u00eentruchipare elegant\u0103 a stilului \u0219i rafinamentului.<\/p>\n<p>Au carcas\u0103 din o\u021bel cu placare aurie, care le confer\u0103 lux \u0219i str\u0103lucire. Designul clasic este completat de curea din piele neagr\u0103, care asigur\u0103 confort \u0219i elegan\u021b\u0103, f\u0103c\u00e2nd acest ceas ideal pentru purtarea zilnic\u0103 sau pentru ocazii speciale.<\/p>\n<p>Modelul se remarc\u0103 prin aspectul rafinat \u0219i aten\u021bia la detalii, caracteristice brandului Emporio Armani.<\/p>\n<p>Este ideal pentru b\u0103rba\u021bii care caut\u0103 un accesoriu func\u021bional \u0219i la mod\u0103, care s\u0103 reflecte imaginea modernit\u0103\u021bii \u0219i elegan\u021bei atemporale.<\/p>","protected":false},"excerpt":{"rendered":"<p>Ceasurile pentru b\u0103rba\u021bi Emporio Armani Luigi sunt o \u00eentruchipare elegant\u0103 a stilului \u0219i rafinamentului. Au carcas\u0103 din o\u021bel cu placare aurie, care le confer\u0103 lux \u0219i str\u0103lucire. Designul clasic este completat de curea din piele neagr\u0103, care asigur\u0103 confort \u0219i elegan\u021b\u0103, f\u0103c\u00e2nd acest ceas ideal pentru purtarea zilnic\u0103 sau pentru ocazii speciale. Modelul se remarc\u0103 [&hellip;]<\/p>\n","protected":false},"featured_media":52856,"comment_status":"closed","ping_status":"open","template":"","meta":{"_acf_changed":false},"product_brand":[],"product_cat":[20,617],"product_tag":[],"class_list":{"0":"post-52855","1":"product","2":"type-product","3":"status-publish","4":"has-post-thumbnail","6":"product_cat-ceasuri-barbati","7":"product_cat-emporio-armani","8":"pa_brand-emporio-armani","9":"pa_braslet-piele","10":"pa_corpus-46-mm","11":"pa_forma-rotund","12":"pa_funcii-cronograf","13":"pa_funcii-data","14":"pa_garatia-24-luni","15":"pa_korpus-auriu","16":"pa_kvarc-quartz","17":"pa_material-otel-inoxidabil","18":"pa_mehanizm-quartz","19":"pa_remeshok-negru","20":"pa_steklo-cristal-mineral","21":"pa_strana-italia","22":"pa_voda-5-atm","24":"first","25":"instock","26":"purchasable","27":"product-type-simple"},"acf":[],"_links":{"self":[{"href":"https:\/\/ceasuri.md\/ru\/wp-json\/wp\/v2\/product\/52855","targetHints":{"allow":["GET"]}}],"collection":[{"href":"https:\/\/ceasuri.md\/ru\/wp-json\/wp\/v2\/product"}],"about":[{"href":"https:\/\/ceasuri.md\/ru\/wp-json\/wp\/v2\/types\/product"}],"replies":[{"embeddable":true,"href":"https:\/\/ceasuri.md\/ru\/wp-json\/wp\/v2\/comments?post=52855"}],"wp:featuredmedia":[{"embeddable":true,"href":"https:\/\/ceasuri.md\/ru\/wp-json\/wp\/v2\/media\/52856"}],"wp:attachment":[{"href":"https:\/\/ceasuri.md\/ru\/wp-json\/wp\/v2\/media?parent=52855"}],"wp:term":[{"taxonomy":"product_brand","embeddable":true,"href":"https:\/\/ceasuri.md\/ru\/wp-json\/wp\/v2\/product_brand?post=52855"},{"taxonomy":"product_cat","embeddable":true,"href":"https:\/\/ceasuri.md\/ru\/wp-json\/wp\/v2\/product_cat?post=52855"},{"taxonomy":"product_tag","embeddable":true,"href":"https:\/\/ceasuri.md\/ru\/wp-json\/wp\/v2\/product_tag?post=52855"}],"curies":[{"name":"wp","href":"https:\/\/api.w.org\/{rel}","templated":true}]}}