{"id":52846,"date":"2026-04-02T23:54:32","date_gmt":"2026-04-02T20:54:32","guid":{"rendered":"http:\/\/new.ceasuri.md\/shop\/uncategorized\/emporio-armani-claudio-ar11605\/"},"modified":"2026-04-20T01:29:56","modified_gmt":"2026-04-19T22:29:56","slug":"emporio-armani-claudio-ar11605","status":"publish","type":"product","link":"https:\/\/ceasuri.md\/ru\/shop\/branduri\/emporio-armani\/emporio-armani-claudio-ar11605\/","title":{"rendered":"\u0427\u0430\u0441\u044b EMPORIO ARMANI CLAUDIO AR11605"},"content":{"rendered":"<p>Prima colec\u021bie de ceasuri sub marca Emporio Armani a ap\u0103rut \u00een 1997.<\/p>\n<p>Colec\u021bia de ceasuri Emporio Armani ofer\u0103 o gam\u0103 larg\u0103 de ceasuri pentru orice eveniment \u0219i ocazie, de la sportive la clasice, orient\u00e2ndu-se c\u0103tre un public larg, cu cerin\u021be diferite.<\/p>\n<p>Astfel, marca se adreseaz\u0103 \u00een egal\u0103 m\u0103sur\u0103 at\u00e2t b\u0103rba\u021bilor, c\u00e2t \u0219i femeilor.<\/p>\n<p>\u00cen produc\u021bie sunt utilizate materiale de \u00eenalt\u0103 calitate, precum o\u021bel inoxidabil \u0219i ceramic\u0103, perle \u0219i cristale decorative de cea mai bun\u0103 calitate.<\/p>\n<p>Ceasuri cronograf pentru b\u0103rba\u021bi, cu cronometru \u0219i tahimetru. Carcas\u0103 rotund\u0103 din o\u021bel cu sticl\u0103 mineral\u0103.<\/p>\n<p>Indicatoare sub form\u0103 de linii. Fereastr\u0103 pentru dat\u0103 \u00een pozi\u021bia ora 3.<\/p>\n<p>Br\u0103\u021bar\u0103 din o\u021bel cu \u00eenchiz\u0103toare pliabil\u0103.<\/p>","protected":false},"excerpt":{"rendered":"<p>Prima colec\u021bie de ceasuri sub marca Emporio Armani a ap\u0103rut \u00een 1997. Colec\u021bia de ceasuri Emporio Armani ofer\u0103 o gam\u0103 larg\u0103 de ceasuri pentru orice eveniment \u0219i ocazie, de la sportive la clasice, orient\u00e2ndu-se c\u0103tre un public larg, cu cerin\u021be diferite. Astfel, marca se adreseaz\u0103 \u00een egal\u0103 m\u0103sur\u0103 at\u00e2t b\u0103rba\u021bilor, c\u00e2t \u0219i femeilor. \u00cen produc\u021bie [&hellip;]<\/p>\n","protected":false},"featured_media":52847,"comment_status":"closed","ping_status":"open","template":"","meta":{"_acf_changed":false},"product_brand":[],"product_cat":[20,617],"product_tag":[],"class_list":{"0":"post-52846","1":"product","2":"type-product","3":"status-publish","4":"has-post-thumbnail","6":"product_cat-ceasuri-barbati","7":"product_cat-emporio-armani","8":"pa_brand-emporio-armani","9":"pa_braslet-otel-inoxidabil","10":"pa_corpus-43-mm","11":"pa_forma-rotund","12":"pa_funcii-cronograf","13":"pa_funcii-data","14":"pa_funcii-tahimetru","15":"pa_garatia-24-luni","16":"pa_korpus-bicolor","17":"pa_kvarc-quartz","18":"pa_material-otel-inoxidabil","19":"pa_mehanizm-quartz","20":"pa_remeshok-bicolor","21":"pa_steklo-cristal-mineral","22":"pa_strana-italia","23":"pa_voda-5-atm","25":"first","26":"instock","27":"purchasable","28":"product-type-simple"},"acf":[],"_links":{"self":[{"href":"https:\/\/ceasuri.md\/ru\/wp-json\/wp\/v2\/product\/52846","targetHints":{"allow":["GET"]}}],"collection":[{"href":"https:\/\/ceasuri.md\/ru\/wp-json\/wp\/v2\/product"}],"about":[{"href":"https:\/\/ceasuri.md\/ru\/wp-json\/wp\/v2\/types\/product"}],"replies":[{"embeddable":true,"href":"https:\/\/ceasuri.md\/ru\/wp-json\/wp\/v2\/comments?post=52846"}],"wp:featuredmedia":[{"embeddable":true,"href":"https:\/\/ceasuri.md\/ru\/wp-json\/wp\/v2\/media\/52847"}],"wp:attachment":[{"href":"https:\/\/ceasuri.md\/ru\/wp-json\/wp\/v2\/media?parent=52846"}],"wp:term":[{"taxonomy":"product_brand","embeddable":true,"href":"https:\/\/ceasuri.md\/ru\/wp-json\/wp\/v2\/product_brand?post=52846"},{"taxonomy":"product_cat","embeddable":true,"href":"https:\/\/ceasuri.md\/ru\/wp-json\/wp\/v2\/product_cat?post=52846"},{"taxonomy":"product_tag","embeddable":true,"href":"https:\/\/ceasuri.md\/ru\/wp-json\/wp\/v2\/product_tag?post=52846"}],"curies":[{"name":"wp","href":"https:\/\/api.w.org\/{rel}","templated":true}]}}