{"id":52842,"date":"2024-06-19T09:55:55","date_gmt":"2024-06-19T06:55:55","guid":{"rendered":"http:\/\/new.ceasuri.md\/shop\/uncategorized\/emporio-armani-paolo-ar11579\/"},"modified":"2026-05-01T18:30:08","modified_gmt":"2026-05-01T15:30:08","slug":"emporio-armani-paolo-ar11579","status":"publish","type":"product","link":"https:\/\/ceasuri.md\/ru\/shop\/branduri\/emporio-armani\/emporio-armani-paolo-ar11579\/","title":{"rendered":"\u0427\u0430\u0441\u044b EMPORIO ARMANI PAOLO AR11579"},"content":{"rendered":"<p>Ceas cronograf pentru b\u0103rba\u021bi cu cronometru. Format de afi\u0219are a orei 12 \u0219i 24.<\/p>\n<p>Carcasa rotund\u0103 este fabricat\u0103 din o\u021bel inoxidabil de \u00eenalt\u0103 calitate.<\/p>\n<p>Cadran texturat cu marcaje sub form\u0103 de linii. Logo-ul m\u0103rcii \u00een pozi\u021bia ora 12. Fereastra datei se afl\u0103 \u00eentre marcajele orare 4 \u0219i 5.<\/p>\n<p>Cap de remontare canelat.<\/p>\n<p>Br\u0103\u021bar\u0103 din o\u021bel cu \u00eenchiz\u0103toare pliabil\u0103.<\/p>\n<p>Rezistent la ap\u0103 WR 50.<\/p>","protected":false},"excerpt":{"rendered":"<p>Ceas cronograf pentru b\u0103rba\u021bi cu cronometru. Format de afi\u0219are a orei 12 \u0219i 24. Carcasa rotund\u0103 este fabricat\u0103 din o\u021bel inoxidabil de \u00eenalt\u0103 calitate. Cadran texturat cu marcaje sub form\u0103 de linii. Logo-ul m\u0103rcii \u00een pozi\u021bia ora 12. Fereastra datei se afl\u0103 \u00eentre marcajele orare 4 \u0219i 5. Cap de remontare canelat. Br\u0103\u021bar\u0103 din o\u021bel [&hellip;]<\/p>\n","protected":false},"featured_media":52843,"comment_status":"closed","ping_status":"open","template":"","meta":{"_acf_changed":false},"product_brand":[],"product_cat":[20,617],"product_tag":[],"class_list":{"0":"post-52842","1":"product","2":"type-product","3":"status-publish","4":"has-post-thumbnail","6":"product_cat-ceasuri-barbati","7":"product_cat-emporio-armani","8":"pa_brand-emporio-armani","9":"pa_braslet-otel-inoxidabil","10":"pa_corpus-42-mm","11":"pa_forma-rotund","12":"pa_funcii-cronograf","13":"pa_funcii-data","14":"pa_garatia-24-luni","15":"pa_korpus-bicolor","16":"pa_kvarc-quartz","17":"pa_material-otel-inoxidabil","18":"pa_mehanizm-quartz","19":"pa_remeshok-bicolor","20":"pa_steklo-cristal-mineral","21":"pa_strana-italia","22":"pa_voda-5-atm","24":"first","25":"outofstock","26":"purchasable","27":"product-type-simple"},"acf":[],"_links":{"self":[{"href":"https:\/\/ceasuri.md\/ru\/wp-json\/wp\/v2\/product\/52842","targetHints":{"allow":["GET"]}}],"collection":[{"href":"https:\/\/ceasuri.md\/ru\/wp-json\/wp\/v2\/product"}],"about":[{"href":"https:\/\/ceasuri.md\/ru\/wp-json\/wp\/v2\/types\/product"}],"replies":[{"embeddable":true,"href":"https:\/\/ceasuri.md\/ru\/wp-json\/wp\/v2\/comments?post=52842"}],"wp:featuredmedia":[{"embeddable":true,"href":"https:\/\/ceasuri.md\/ru\/wp-json\/wp\/v2\/media\/52843"}],"wp:attachment":[{"href":"https:\/\/ceasuri.md\/ru\/wp-json\/wp\/v2\/media?parent=52842"}],"wp:term":[{"taxonomy":"product_brand","embeddable":true,"href":"https:\/\/ceasuri.md\/ru\/wp-json\/wp\/v2\/product_brand?post=52842"},{"taxonomy":"product_cat","embeddable":true,"href":"https:\/\/ceasuri.md\/ru\/wp-json\/wp\/v2\/product_cat?post=52842"},{"taxonomy":"product_tag","embeddable":true,"href":"https:\/\/ceasuri.md\/ru\/wp-json\/wp\/v2\/product_tag?post=52842"}],"curies":[{"name":"wp","href":"https:\/\/api.w.org\/{rel}","templated":true}]}}