{"id":52838,"date":"2026-04-02T23:54:32","date_gmt":"2026-04-02T20:54:32","guid":{"rendered":"http:\/\/new.ceasuri.md\/shop\/uncategorized\/emporio-armani-minimalist-ar11573\/"},"modified":"2026-04-22T11:14:26","modified_gmt":"2026-04-22T08:14:26","slug":"emporio-armani-minimalist-ar11573","status":"publish","type":"product","link":"https:\/\/ceasuri.md\/ru\/shop\/branduri\/emporio-armani\/emporio-armani-minimalist-ar11573\/","title":{"rendered":"\u0427\u0430\u0441\u044b EMPORIO ARMANI MINIMALIST AR11573"},"content":{"rendered":"<p>Ceas analogic cu cuar\u021b pentru b\u0103rba\u021bi.<\/p>\n<p>Acele centrale pentru ore, minute \u0219i secunde. Cadran negru cu marcaje orare sub form\u0103 de linii \u0219i cifre romane. Fereastr\u0103 pentru dat\u0103 \u00een pozi\u021bia ora 3.<\/p>\n<p>Carcas\u0103 rotund\u0103 din o\u021bel cu acoperire de culoare neagr\u0103. Diametrul carcasei 42 mm.<\/p>\n<p>Sticl\u0103 mineral\u0103 rezistent\u0103 la mici deterior\u0103ri mecanice.<\/p>\n<p>Curea din piele neagr\u0103 cu cataram\u0103 clasic\u0103.<\/p>\n<p>Rezisten\u021b\u0103 la ap\u0103 50WR (sp\u0103larea m\u00e2inilor, ploaie).<\/p>","protected":false},"excerpt":{"rendered":"<p>Ceas analogic cu cuar\u021b pentru b\u0103rba\u021bi. Acele centrale pentru ore, minute \u0219i secunde. Cadran negru cu marcaje orare sub form\u0103 de linii \u0219i cifre romane. Fereastr\u0103 pentru dat\u0103 \u00een pozi\u021bia ora 3. Carcas\u0103 rotund\u0103 din o\u021bel cu acoperire de culoare neagr\u0103. Diametrul carcasei 42 mm. Sticl\u0103 mineral\u0103 rezistent\u0103 la mici deterior\u0103ri mecanice. Curea din piele [&hellip;]<\/p>\n","protected":false},"featured_media":52839,"comment_status":"closed","ping_status":"open","template":"","meta":{"_acf_changed":false},"product_brand":[],"product_cat":[20,617],"product_tag":[],"class_list":{"0":"post-52838","1":"product","2":"type-product","3":"status-publish","4":"has-post-thumbnail","6":"product_cat-ceasuri-barbati","7":"product_cat-emporio-armani","8":"pa_brand-emporio-armani","9":"pa_braslet-piele","10":"pa_corpus-42-mm","11":"pa_forma-rotund","12":"pa_funcii-data","13":"pa_garatia-24-luni","14":"pa_korpus-negru","15":"pa_kvarc-quartz","16":"pa_material-otel-inoxidabil","17":"pa_mehanizm-quartz","18":"pa_remeshok-negru","19":"pa_steklo-cristal-mineral","20":"pa_strana-italia","21":"pa_voda-5-atm","23":"first","24":"instock","25":"purchasable","26":"product-type-simple"},"acf":[],"_links":{"self":[{"href":"https:\/\/ceasuri.md\/ru\/wp-json\/wp\/v2\/product\/52838","targetHints":{"allow":["GET"]}}],"collection":[{"href":"https:\/\/ceasuri.md\/ru\/wp-json\/wp\/v2\/product"}],"about":[{"href":"https:\/\/ceasuri.md\/ru\/wp-json\/wp\/v2\/types\/product"}],"replies":[{"embeddable":true,"href":"https:\/\/ceasuri.md\/ru\/wp-json\/wp\/v2\/comments?post=52838"}],"wp:featuredmedia":[{"embeddable":true,"href":"https:\/\/ceasuri.md\/ru\/wp-json\/wp\/v2\/media\/52839"}],"wp:attachment":[{"href":"https:\/\/ceasuri.md\/ru\/wp-json\/wp\/v2\/media?parent=52838"}],"wp:term":[{"taxonomy":"product_brand","embeddable":true,"href":"https:\/\/ceasuri.md\/ru\/wp-json\/wp\/v2\/product_brand?post=52838"},{"taxonomy":"product_cat","embeddable":true,"href":"https:\/\/ceasuri.md\/ru\/wp-json\/wp\/v2\/product_cat?post=52838"},{"taxonomy":"product_tag","embeddable":true,"href":"https:\/\/ceasuri.md\/ru\/wp-json\/wp\/v2\/product_tag?post=52838"}],"curies":[{"name":"wp","href":"https:\/\/api.w.org\/{rel}","templated":true}]}}