{"id":52834,"date":"2026-04-02T23:54:32","date_gmt":"2026-04-02T20:54:32","guid":{"rendered":"http:\/\/new.ceasuri.md\/shop\/uncategorized\/emporio-armani-minimalist-ar11571\/"},"modified":"2026-04-20T01:29:54","modified_gmt":"2026-04-19T22:29:54","slug":"emporio-armani-minimalist-ar11571","status":"publish","type":"product","link":"https:\/\/ceasuri.md\/ru\/shop\/branduri\/emporio-armani\/emporio-armani-minimalist-ar11571\/","title":{"rendered":"\u0427\u0430\u0441\u044b EMPORIO ARMANI MINIMALIST AR11571"},"content":{"rendered":"<p>Ceasuri cu cuar\u021b pentru b\u0103rba\u021bi.<\/p>\n<p>Carcas\u0103 rotund\u0103 din o\u021bel inoxidabil. Diametrul carcasei \u2014 42 mm.<\/p>\n<p>Fereastr\u0103 pentru dat\u0103 \u00een pozi\u021bia \u201eora 3\u201d. Cadran albastru.<\/p>\n<p>Sticl\u0103 mineral\u0103, rezistent\u0103 \u0219i stabil\u0103 la deterior\u0103ri mecanice minore.<\/p>\n<p>Br\u0103\u021bar\u0103 din o\u021bel cu \u00eempletitur\u0103 milanez\u0103, l\u0103\u021bime 22 mm, lungime 200 +\/- 5 mm.<\/p>\n<p>Rezisten\u021b\u0103 la ap\u0103 WR 50.<\/p>","protected":false},"excerpt":{"rendered":"<p>Ceasuri cu cuar\u021b pentru b\u0103rba\u021bi. Carcas\u0103 rotund\u0103 din o\u021bel inoxidabil. Diametrul carcasei \u2014 42 mm. Fereastr\u0103 pentru dat\u0103 \u00een pozi\u021bia \u201eora 3\u201d. Cadran albastru. Sticl\u0103 mineral\u0103, rezistent\u0103 \u0219i stabil\u0103 la deterior\u0103ri mecanice minore. Br\u0103\u021bar\u0103 din o\u021bel cu \u00eempletitur\u0103 milanez\u0103, l\u0103\u021bime 22 mm, lungime 200 +\/- 5 mm. Rezisten\u021b\u0103 la ap\u0103 WR 50.<\/p>","protected":false},"featured_media":52835,"comment_status":"closed","ping_status":"open","template":"","meta":{"_acf_changed":false},"product_brand":[],"product_cat":[20,617],"product_tag":[],"class_list":{"0":"post-52834","1":"product","2":"type-product","3":"status-publish","4":"has-post-thumbnail","6":"product_cat-ceasuri-barbati","7":"product_cat-emporio-armani","8":"pa_brand-emporio-armani","9":"pa_braslet-otel-inoxidabil","10":"pa_corpus-42-mm","11":"pa_forma-rotund","12":"pa_funcii-data","13":"pa_garatia-24-luni","14":"pa_korpus-argintiu","15":"pa_kvarc-quartz","16":"pa_material-otel-inoxidabil","17":"pa_mehanizm-quartz","18":"pa_remeshok-argintiu","19":"pa_steklo-cristal-mineral","20":"pa_strana-italia","21":"pa_voda-5-atm","23":"first","24":"instock","25":"purchasable","26":"product-type-simple"},"acf":[],"_links":{"self":[{"href":"https:\/\/ceasuri.md\/ru\/wp-json\/wp\/v2\/product\/52834","targetHints":{"allow":["GET"]}}],"collection":[{"href":"https:\/\/ceasuri.md\/ru\/wp-json\/wp\/v2\/product"}],"about":[{"href":"https:\/\/ceasuri.md\/ru\/wp-json\/wp\/v2\/types\/product"}],"replies":[{"embeddable":true,"href":"https:\/\/ceasuri.md\/ru\/wp-json\/wp\/v2\/comments?post=52834"}],"wp:featuredmedia":[{"embeddable":true,"href":"https:\/\/ceasuri.md\/ru\/wp-json\/wp\/v2\/media\/52835"}],"wp:attachment":[{"href":"https:\/\/ceasuri.md\/ru\/wp-json\/wp\/v2\/media?parent=52834"}],"wp:term":[{"taxonomy":"product_brand","embeddable":true,"href":"https:\/\/ceasuri.md\/ru\/wp-json\/wp\/v2\/product_brand?post=52834"},{"taxonomy":"product_cat","embeddable":true,"href":"https:\/\/ceasuri.md\/ru\/wp-json\/wp\/v2\/product_cat?post=52834"},{"taxonomy":"product_tag","embeddable":true,"href":"https:\/\/ceasuri.md\/ru\/wp-json\/wp\/v2\/product_tag?post=52834"}],"curies":[{"name":"wp","href":"https:\/\/api.w.org\/{rel}","templated":true}]}}