{"id":52830,"date":"2024-06-19T09:55:54","date_gmt":"2024-06-19T06:55:54","guid":{"rendered":"http:\/\/new.ceasuri.md\/shop\/uncategorized\/emporio-armani-federico-ar11562\/"},"modified":"2026-05-01T18:30:02","modified_gmt":"2026-05-01T15:30:02","slug":"emporio-armani-federico-ar11562","status":"publish","type":"product","link":"https:\/\/ceasuri.md\/ru\/shop\/branduri\/emporio-armani\/emporio-armani-federico-ar11562\/","title":{"rendered":"\u0427\u0430\u0441\u044b EMPORIO ARMANI FEDERICO AR11562"},"content":{"rendered":"<p>Un accesoriu clasic cu un design actualizat &#8211; o alegere c\u00e2\u0219tig\u0103toare pentru b\u0103rbatul elegant.<\/p>\n<p>Ceas cronograf cu cronometru. Format de timp de 12 \u0219i 24 de ore.<\/p>\n<p>Cadranul este realizat prin tehnologia Sunray \u0219i protejat de o sticl\u0103 mineral\u0103 practic\u0103. Indicatorul de la ora 12 este sub forma unui logo corporativ aplicat. Fereastra pentru dat\u0103 se afl\u0103 la ora 6.<\/p>\n<p>Coroana canelat\u0103 este decorat\u0103 cu logo-ul m\u0103rcii.<\/p>\n<p>Br\u0103\u021bar\u0103 cu \u00eenchiz\u0103tor pliabil.<\/p>","protected":false},"excerpt":{"rendered":"<p>Un accesoriu clasic cu un design actualizat &#8211; o alegere c\u00e2\u0219tig\u0103toare pentru b\u0103rbatul elegant. Ceas cronograf cu cronometru. Format de timp de 12 \u0219i 24 de ore. Cadranul este realizat prin tehnologia Sunray \u0219i protejat de o sticl\u0103 mineral\u0103 practic\u0103. Indicatorul de la ora 12 este sub forma unui logo corporativ aplicat. Fereastra pentru dat\u0103 [&hellip;]<\/p>\n","protected":false},"featured_media":52831,"comment_status":"closed","ping_status":"open","template":"","meta":{"_acf_changed":false},"product_brand":[],"product_cat":[20,617],"product_tag":[],"class_list":{"0":"post-52830","1":"product","2":"type-product","3":"status-publish","4":"has-post-thumbnail","6":"product_cat-ceasuri-barbati","7":"product_cat-emporio-armani","8":"pa_brand-emporio-armani","9":"pa_braslet-otel-inoxidabil","10":"pa_corpus-43-mm","11":"pa_forma-rotund","12":"pa_funcii-cronograf","13":"pa_funcii-data","14":"pa_garatia-24-luni","15":"pa_korpus-negru","16":"pa_kvarc-quartz","17":"pa_material-otel-inoxidabil","18":"pa_mehanizm-quartz","19":"pa_remeshok-negru","20":"pa_steklo-cristal-mineral","21":"pa_strana-italia","22":"pa_voda-5-atm","24":"first","25":"instock","26":"purchasable","27":"product-type-simple"},"acf":[],"_links":{"self":[{"href":"https:\/\/ceasuri.md\/ru\/wp-json\/wp\/v2\/product\/52830","targetHints":{"allow":["GET"]}}],"collection":[{"href":"https:\/\/ceasuri.md\/ru\/wp-json\/wp\/v2\/product"}],"about":[{"href":"https:\/\/ceasuri.md\/ru\/wp-json\/wp\/v2\/types\/product"}],"replies":[{"embeddable":true,"href":"https:\/\/ceasuri.md\/ru\/wp-json\/wp\/v2\/comments?post=52830"}],"wp:featuredmedia":[{"embeddable":true,"href":"https:\/\/ceasuri.md\/ru\/wp-json\/wp\/v2\/media\/52831"}],"wp:attachment":[{"href":"https:\/\/ceasuri.md\/ru\/wp-json\/wp\/v2\/media?parent=52830"}],"wp:term":[{"taxonomy":"product_brand","embeddable":true,"href":"https:\/\/ceasuri.md\/ru\/wp-json\/wp\/v2\/product_brand?post=52830"},{"taxonomy":"product_cat","embeddable":true,"href":"https:\/\/ceasuri.md\/ru\/wp-json\/wp\/v2\/product_cat?post=52830"},{"taxonomy":"product_tag","embeddable":true,"href":"https:\/\/ceasuri.md\/ru\/wp-json\/wp\/v2\/product_tag?post=52830"}],"curies":[{"name":"wp","href":"https:\/\/api.w.org\/{rel}","templated":true}]}}