{"id":52822,"date":"2026-04-02T23:54:32","date_gmt":"2026-04-02T20:54:32","guid":{"rendered":"http:\/\/new.ceasuri.md\/shop\/uncategorized\/emporio-armani-claudio-ar11553\/"},"modified":"2026-04-20T01:29:52","modified_gmt":"2026-04-19T22:29:52","slug":"emporio-armani-claudio-ar11553","status":"publish","type":"product","link":"https:\/\/ceasuri.md\/ru\/shop\/branduri\/emporio-armani\/emporio-armani-claudio-ar11553\/","title":{"rendered":"\u0427\u0430\u0441\u044b EMPORIO ARMANI CLAUDIO AR11553"},"content":{"rendered":"<p>Emporio Armani este o linie a brandului Giorgio Armani, orientat\u0103 c\u0103tre tinerii activi. A ap\u0103rut \u00een 1981. Ca \u0219i hainele de la Emporio Armani, ceasurile acestui brand sunt create pentru via\u021b\u0103, astfel \u00eenc\u00e2t sunt potrivite \u0219i confortabile oriunde &#8211; la birou, \u00eentr-o c\u0103l\u0103torie sau la o petrecere social\u0103. Ele se disting printr-un echilibru impecabil de elegan\u021b\u0103 \u0219i o interpretare democratic\u0103 a tendin\u021belor modei, tipice pentru legendarul couturier.<\/p>\n<p>Ceasurile Emporio Armani sunt produse de concernul american Fossil Group, iar dezvoltarea \u0219i fabricarea calibrelor este realizat\u0103 de marca elve\u021bian\u0103 Claro. Conceptul de design, bine\u00een\u021beles, apar\u021bine lui Armani.<\/p>\n<p>Colec\u021bia de ceasuri Emporio Armani ofer\u0103 o gam\u0103 larg\u0103 de ceasuri pentru orice eveniment \u0219i ocazie, de la cele sportive la cele formale, apel\u00e2nd la un public larg cu nevoi diferite. Astfel, marca se adreseaz\u0103 \u00een egal\u0103 m\u0103sur\u0103 at\u00e2t b\u0103rba\u021bilor, c\u00e2t \u0219i femeilor.<\/p>","protected":false},"excerpt":{"rendered":"<p>Emporio Armani este o linie a brandului Giorgio Armani, orientat\u0103 c\u0103tre tinerii activi. A ap\u0103rut \u00een 1981. Ca \u0219i hainele de la Emporio Armani, ceasurile acestui brand sunt create pentru via\u021b\u0103, astfel \u00eenc\u00e2t sunt potrivite \u0219i confortabile oriunde &#8211; la birou, \u00eentr-o c\u0103l\u0103torie sau la o petrecere social\u0103. Ele se disting printr-un echilibru impecabil de [&hellip;]<\/p>\n","protected":false},"featured_media":52823,"comment_status":"closed","ping_status":"open","template":"","meta":{"_acf_changed":false},"product_brand":[],"product_cat":[20,617],"product_tag":[],"class_list":{"0":"post-52822","1":"product","2":"type-product","3":"status-publish","4":"has-post-thumbnail","6":"product_cat-ceasuri-barbati","7":"product_cat-emporio-armani","8":"pa_brand-emporio-armani","9":"pa_braslet-otel-inoxidabil","10":"pa_corpus-43-mm","11":"pa_forma-rotund","12":"pa_funcii-data","13":"pa_funcii-fazele-lunii","14":"pa_funcii-luna-anului","15":"pa_funcii-ziua-saptamanii","16":"pa_garatia-24-luni","17":"pa_korpus-argintiu","18":"pa_kvarc-quartz","19":"pa_material-otel-inoxidabil","20":"pa_mehanizm-quartz","21":"pa_remeshok-argintiu","22":"pa_steklo-cristal-mineral","23":"pa_strana-italia","24":"pa_voda-5-atm","26":"first","27":"instock","28":"purchasable","29":"product-type-simple"},"acf":[],"_links":{"self":[{"href":"https:\/\/ceasuri.md\/ru\/wp-json\/wp\/v2\/product\/52822","targetHints":{"allow":["GET"]}}],"collection":[{"href":"https:\/\/ceasuri.md\/ru\/wp-json\/wp\/v2\/product"}],"about":[{"href":"https:\/\/ceasuri.md\/ru\/wp-json\/wp\/v2\/types\/product"}],"replies":[{"embeddable":true,"href":"https:\/\/ceasuri.md\/ru\/wp-json\/wp\/v2\/comments?post=52822"}],"wp:featuredmedia":[{"embeddable":true,"href":"https:\/\/ceasuri.md\/ru\/wp-json\/wp\/v2\/media\/52823"}],"wp:attachment":[{"href":"https:\/\/ceasuri.md\/ru\/wp-json\/wp\/v2\/media?parent=52822"}],"wp:term":[{"taxonomy":"product_brand","embeddable":true,"href":"https:\/\/ceasuri.md\/ru\/wp-json\/wp\/v2\/product_brand?post=52822"},{"taxonomy":"product_cat","embeddable":true,"href":"https:\/\/ceasuri.md\/ru\/wp-json\/wp\/v2\/product_cat?post=52822"},{"taxonomy":"product_tag","embeddable":true,"href":"https:\/\/ceasuri.md\/ru\/wp-json\/wp\/v2\/product_tag?post=52822"}],"curies":[{"name":"wp","href":"https:\/\/api.w.org\/{rel}","templated":true}]}}