{"id":52818,"date":"2026-04-02T23:54:32","date_gmt":"2026-04-02T20:54:32","guid":{"rendered":"http:\/\/new.ceasuri.md\/shop\/uncategorized\/emporio-armani-paolo-ar11530\/"},"modified":"2026-04-20T01:29:51","modified_gmt":"2026-04-19T22:29:51","slug":"emporio-armani-paolo-ar11530","status":"publish","type":"product","link":"https:\/\/ceasuri.md\/ru\/shop\/branduri\/emporio-armani\/emporio-armani-paolo-ar11530\/","title":{"rendered":"\u0427\u0430\u0441\u044b EMPORIO ARMANI PAOLO AR11530"},"content":{"rendered":"<p>Accesoriul Emporio Armani dezv\u0103luie caracterul masculin \u0219i sportiv al purt\u0103torului s\u0103u.<\/p>\n<p>Ceas cronograf pentru b\u0103rba\u021bi cu cronometru.<\/p>\n<p>Carcasa este fabricat\u0103 din o\u021bel inoxidabil de \u00eenalt\u0103 calitate.<\/p>\n<p>Format de timp de 12 \u0219i 24 de ore. Cadran texturat cu indicatoare de or\u0103 sub form\u0103 de linii. Logo-ul m\u0103rcii la ora 12. Fereastr\u0103 pentru dat\u0103 \u00eentre reperele de la ora 4 \u0219i 5.<\/p>\n<p>Coroan\u0103 canelat\u0103.<\/p>\n<p>Curea din piele cu cataram\u0103 clasic\u0103.<\/p>","protected":false},"excerpt":{"rendered":"<p>Accesoriul Emporio Armani dezv\u0103luie caracterul masculin \u0219i sportiv al purt\u0103torului s\u0103u. Ceas cronograf pentru b\u0103rba\u021bi cu cronometru. Carcasa este fabricat\u0103 din o\u021bel inoxidabil de \u00eenalt\u0103 calitate. Format de timp de 12 \u0219i 24 de ore. Cadran texturat cu indicatoare de or\u0103 sub form\u0103 de linii. Logo-ul m\u0103rcii la ora 12. Fereastr\u0103 pentru dat\u0103 \u00eentre reperele [&hellip;]<\/p>\n","protected":false},"featured_media":52819,"comment_status":"closed","ping_status":"open","template":"","meta":{"_acf_changed":false},"product_brand":[],"product_cat":[20,617],"product_tag":[],"class_list":{"0":"post-52818","1":"product","2":"type-product","3":"status-publish","4":"has-post-thumbnail","6":"product_cat-ceasuri-barbati","7":"product_cat-emporio-armani","8":"pa_brand-emporio-armani","9":"pa_braslet-piele","10":"pa_corpus-42-mm","11":"pa_forma-rotund","12":"pa_funcii-cronograf","13":"pa_funcii-data","14":"pa_garatia-24-luni","15":"pa_korpus-argintiu","16":"pa_kvarc-quartz","17":"pa_material-otel-inoxidabil","18":"pa_mehanizm-quartz","19":"pa_remeshok-negru","20":"pa_steklo-cristal-mineral","21":"pa_strana-italia","22":"pa_voda-5-atm","24":"first","25":"instock","26":"purchasable","27":"product-type-simple"},"acf":[],"_links":{"self":[{"href":"https:\/\/ceasuri.md\/ru\/wp-json\/wp\/v2\/product\/52818","targetHints":{"allow":["GET"]}}],"collection":[{"href":"https:\/\/ceasuri.md\/ru\/wp-json\/wp\/v2\/product"}],"about":[{"href":"https:\/\/ceasuri.md\/ru\/wp-json\/wp\/v2\/types\/product"}],"replies":[{"embeddable":true,"href":"https:\/\/ceasuri.md\/ru\/wp-json\/wp\/v2\/comments?post=52818"}],"wp:featuredmedia":[{"embeddable":true,"href":"https:\/\/ceasuri.md\/ru\/wp-json\/wp\/v2\/media\/52819"}],"wp:attachment":[{"href":"https:\/\/ceasuri.md\/ru\/wp-json\/wp\/v2\/media?parent=52818"}],"wp:term":[{"taxonomy":"product_brand","embeddable":true,"href":"https:\/\/ceasuri.md\/ru\/wp-json\/wp\/v2\/product_brand?post=52818"},{"taxonomy":"product_cat","embeddable":true,"href":"https:\/\/ceasuri.md\/ru\/wp-json\/wp\/v2\/product_cat?post=52818"},{"taxonomy":"product_tag","embeddable":true,"href":"https:\/\/ceasuri.md\/ru\/wp-json\/wp\/v2\/product_tag?post=52818"}],"curies":[{"name":"wp","href":"https:\/\/api.w.org\/{rel}","templated":true}]}}